{"id":2195,"date":"2017-06-06T19:39:26","date_gmt":"2017-06-06T17:39:26","guid":{"rendered":"https:\/\/veschber.myds.me\/wordpress\/?page_id=2195"},"modified":"2017-06-12T19:17:23","modified_gmt":"2017-06-12T17:17:23","slug":"bad","status":"publish","type":"page","link":"https:\/\/veschber.myds.me\/wordpress\/wohnung\/bad","title":{"rendered":"Bad"},"content":{"rendered":"<p>Das Bad in meiner Wohnung erstreckt sich auf insgesamt 6,5 m\u00b2 und besitzt ein Fenster.<\/p>\n<p>Zu meinem ersten Besuch am 28. Juli 2013, sah es hier noch ziemlich leer und einsam aus.<\/p>\nngg_shortcode_0_placeholder\n<h4>Reservierung und Fliesen raussuchen<\/h4>\n<p>Hierauf folgte eine l\u00e4ngere Zeit der Reservierung der Wohnung und Einholung der Bankzusage sowie des Notartermines, sodass es hier mit den entsprechenden Kundenw\u00fcnschen nicht weiter ging.<\/p>\n<p>Erst am 21. September, also knapp 2 Monate sp\u00e4ter ging es weiter. Unter anderem mit raussuchen der Fliesen f\u00fcr das Bad, WC und die K\u00fcche.<\/p>\nngg_shortcode_1_placeholder\n<h4>Fliesenlieferung<\/h4>\n<p>Jedenfalls habe ich mich f\u00fcr die linken Fliesen im Bad entschieden. Die gro\u00dfen wei\u00dfen Fliesen f\u00fcr die Wand und die dunklen Bodenfliesen. Es handelt sich hierbei um&nbsp;Lasselsberger 29,5&#215;59,5 DAKSE273 Sandstone Plus black FS R9\/A Abr.5. Die Wandfliesen sind&nbsp;EKF 30&#215;60 Ming MGGF wei\u00df gl\u00e4nzend rektifiziert. Zus\u00e4tzlich wurde noch eine Bord\u00fcre aus Mosaikstein der Fa, B\u00e4rwolf &nbsp;im Muster AM-0011 Naturstein eingesetzt.<\/p>\n<p>Die Fliesung im WC erfolgte durch mit den selben Bodenfliesen und mit Kermos 25&#215;33 Vesuv grau marmorierten Wandfliesen.<\/p>\n<p>Angeliefert wurden die ersten Fliesen am 7. November 2013 und die weiteren Fliesen am 4. Dezember, sodass dem Fliesen ab dem Zeitpunkt nichts mehr im Wege stand.<\/p>\nngg_shortcode_2_placeholder\n<h4>Fliesenlegen und Dusche \/ Wanne<\/h4>\n<p>In der Zwischenzeit wurde auch die Wanne gestellt und angeschlossen, sowie die Duschwanne von Kaldewei. &nbsp;Ich wollte eigentlich eine ebenerdige Dusche habe, aber dies war leider nicht mehr m\u00f6glich. So entschied ich mich f\u00fcr die Kaldewei 388-1. Dies ist eine plane Duschwanne in 80&#215;90 cm mit nur 2,5 cm H\u00f6he.<\/p>\n<p>In der \u00fcbern\u00e4chsten Woche wurden die Fliesen nun an die Wand und auf den Boden gebracht.<\/p>\nngg_shortcode_3_placeholder\n<h4>Badm\u00f6bel<\/h4>\n<p>Zwischenzeitlich schaute ich mich auch nach einem anderen Waschtisch mit einem Schrank darunter um. Diesen habe ich sp\u00e4ter auch erworben. Es handelt sich hierbei um das Modell Cassca von Pelipal in 101 cm Breite in&nbsp;Anthrazit Hochglanz. Des Weiteren habe ich auch noch einen neuen Spiegel von Pelipal mit LED Hintergrundbeleuchtung (TI-FSP 01).<\/p>\nngg_shortcode_4_placeholder\n<h4>Komplettierung Fliesen<\/h4>\n<p>Nachdem anf\u00e4nglich noch an einigen Stellen die Bord\u00fcre fehlte wurde diese 2 Tage sp\u00e4ter auch komplettiert. Auch der Elektriker konnte seine Arbeit vollenden und die Dosen komplett installieren.<\/p>\nngg_shortcode_5_placeholder\n<p>Damit ging das Jahr 2013 zu ende.<\/p>\n<h4>2014<\/h4>\n<p>Nachdem der Fliesenleger fertig war, konnte der Klempner und Elektriker weitermachen. Es wurden die Armaturenm Waschbecken, Toilette und der L\u00fcfter verbaut.<\/p>\nngg_shortcode_6_placeholder\n<h4>Umzug 2014<\/h4>\n<p>Ende Januar \/ Anfang Februar 2014 zog ich von meiner bisherigen in die neue Wohnung um. Wir haben dann das Waschbecken im Bad noch umgebaut. Au\u00dferdem lie\u00df ich noch eine Duschwand einbauen. Es handelt sich hierbei um das Modell Panorama von Breuer.<\/p>\n<p>Und so sieht das ganze Bad aus.<\/p>\nngg_shortcode_7_placeholder\n<h4>Fliesen beim H\u00e4ndler<\/h4>\n<p>Bodenfliesen Bad und WC<\/p>\n<a href=\"https:\/\/veschber.myds.me:443\/wordpress\/wp-content\/uploads\/2017\/06\/Bodenfliesen.pdf\" class=\"pdfemb-viewer\" style=\"\" data-width=\"max\" data-height=\"max\" data-toolbar=\"bottom\" data-toolbar-fixed=\"on\">Bodenfliesen<\/a>\n<p>&nbsp;<\/p>\n<p>Wandfliesen Bad<\/p>\n<a href=\"https:\/\/veschber.myds.me:443\/wordpress\/wp-content\/uploads\/2017\/06\/Wandfliesen.pdf\" class=\"pdfemb-viewer\" style=\"\" data-width=\"max\" data-height=\"max\" data-toolbar=\"bottom\" data-toolbar-fixed=\"on\">Wandfliesen<\/a>\n<p>&nbsp;<\/p>\n<p>Mosaik Bad<\/p>\n<a href=\"https:\/\/veschber.myds.me:443\/wordpress\/wp-content\/uploads\/2017\/06\/Mosaik.pdf\" class=\"pdfemb-viewer\" style=\"\" data-width=\"max\" data-height=\"max\" data-toolbar=\"bottom\" data-toolbar-fixed=\"on\">Mosaik<\/a>\n<p>&nbsp;<\/p>\n<p>Wandfliesen WC<\/p>\n<a href=\"https:\/\/veschber.myds.me:443\/wordpress\/wp-content\/uploads\/2017\/06\/WC-Wand.pdf\" class=\"pdfemb-viewer\" style=\"\" data-width=\"max\" data-height=\"max\" data-toolbar=\"bottom\" data-toolbar-fixed=\"on\">WC Wand<\/a>\n<p>&nbsp;<\/p>\n<h4>Duschwanne<\/h4>\n<a href=\"https:\/\/veschber.myds.me:443\/wordpress\/wp-content\/uploads\/2017\/06\/KADBD_SUPERPLAN___________388-1.pdf\" class=\"pdfemb-viewer\" style=\"\" data-width=\"max\" data-height=\"max\" data-toolbar=\"bottom\" data-toolbar-fixed=\"on\">KADBD_SUPERPLAN___________388-1<\/a>\n<h4>Katalog Bad M\u00f6bel Serie Cassca von Pelipal<\/h4>\n<a href=\"https:\/\/veschber.myds.me:443\/wordpress\/wp-content\/uploads\/2017\/06\/CASSCA.pdf\" class=\"pdfemb-viewer\" style=\"\" data-width=\"max\" data-height=\"max\" data-toolbar=\"bottom\" data-toolbar-fixed=\"on\">CASSCA<\/a>\n<h4>Breuer<\/h4>\n<a href=\"https:\/\/veschber.myds.me:443\/wordpress\/wp-content\/uploads\/2017\/06\/Duschwand-Breuer.pdf\" class=\"pdfemb-viewer\" style=\"\" data-width=\"max\" data-height=\"max\" data-toolbar=\"bottom\" data-toolbar-fixed=\"on\">Duschwand Breuer<\/a>\n<h4>Alle Bilder zum selberklicken<\/h4>\nngg_shortcode_8_placeholder\n","protected":false},"excerpt":{"rendered":"<p>Das Bad in meiner Wohnung erstreckt sich auf insgesamt 6,5 m\u00b2 und besitzt ein Fenster. Zu meinem ersten Besuch am 28. Juli 2013, sah es hier noch ziemlich leer und einsam aus. &#8220; order_by=&#8220;sortorder&#8220; order_direction=&#8220;ASC&#8220; returns=&#8220;included&#8220; maximum_entity_count=&#8220;500&#8243;]&nbsp; Reservierung und Fliesen raussuchen Hierauf folgte eine l\u00e4ngere Zeit der Reservierung der Wohnung und Einholung der Bankzusage sowie &hellip; <\/p>\n<p class=\"link-more\"><a href=\"https:\/\/veschber.myds.me\/wordpress\/wohnung\/bad\" class=\"more-link\"><span class=\"screen-reader-text\">\u201eBad\u201c <\/span>weiterlesen<\/a><\/p>\n","protected":false},"author":1,"featured_media":2409,"parent":2189,"menu_order":4,"comment_status":"closed","ping_status":"closed","template":"","meta":{"inline_featured_image":false,"ngg_post_thumbnail":0,"footnotes":""},"class_list":["post-2195","page","type-page","status-publish","has-post-thumbnail","hentry"],"_links":{"self":[{"href":"https:\/\/veschber.myds.me\/wordpress\/wp-json\/wp\/v2\/pages\/2195","targetHints":{"allow":["GET"]}}],"collection":[{"href":"https:\/\/veschber.myds.me\/wordpress\/wp-json\/wp\/v2\/pages"}],"about":[{"href":"https:\/\/veschber.myds.me\/wordpress\/wp-json\/wp\/v2\/types\/page"}],"author":[{"embeddable":true,"href":"https:\/\/veschber.myds.me\/wordpress\/wp-json\/wp\/v2\/users\/1"}],"replies":[{"embeddable":true,"href":"https:\/\/veschber.myds.me\/wordpress\/wp-json\/wp\/v2\/comments?post=2195"}],"version-history":[{"count":30,"href":"https:\/\/veschber.myds.me\/wordpress\/wp-json\/wp\/v2\/pages\/2195\/revisions"}],"predecessor-version":[{"id":2468,"href":"https:\/\/veschber.myds.me\/wordpress\/wp-json\/wp\/v2\/pages\/2195\/revisions\/2468"}],"up":[{"embeddable":true,"href":"https:\/\/veschber.myds.me\/wordpress\/wp-json\/wp\/v2\/pages\/2189"}],"wp:featuredmedia":[{"embeddable":true,"href":"https:\/\/veschber.myds.me\/wordpress\/wp-json\/wp\/v2\/media\/2409"}],"wp:attachment":[{"href":"https:\/\/veschber.myds.me\/wordpress\/wp-json\/wp\/v2\/media?parent=2195"}],"curies":[{"name":"wp","href":"https:\/\/api.w.org\/{rel}","templated":true}]}}