{"id":2197,"date":"2017-06-06T19:39:45","date_gmt":"2017-06-06T17:39:45","guid":{"rendered":"https:\/\/veschber.myds.me\/wordpress\/?page_id=2197"},"modified":"2017-06-11T18:02:56","modified_gmt":"2017-06-11T16:02:56","slug":"kueche","status":"publish","type":"page","link":"https:\/\/veschber.myds.me\/wordpress\/wohnung\/kueche","title":{"rendered":"K\u00fcche"},"content":{"rendered":"<h4>Erster Besuch<\/h4>\n<p>Die K\u00fcche, war im Gegensatz zum Bad eine relativ einfache Angelegenheit. Gro\u00dfe \u00c4nderungen am Design waren sowieso nicht mehr m\u00f6glich, da die Klempnerarbeiten schon gemacht.<\/p>\nngg_shortcode_0_placeholder\n<h4>Elektriker<\/h4>\n<p>Zwischenzeitlich konnte auch der Elektriker zeigen was er kann und verkabelte als erstes in der Wohnung die K\u00fcche.<\/p>\nngg_shortcode_1_placeholder\n<h4>Maler<\/h4>\n<p>Danach kam der Maler und brachte die Tapete samt Farbe an Wand und Decke. Langsam nahm die K\u00fcche form an.<\/p>\nngg_shortcode_2_placeholder\n<h4>Fliesenleger<\/h4>\n<p>Nun ja, er war das letzte Gewerk. Nur der Elektriker machte die Dosen danach noch komplett fertig. Aber ab jetzt war die K\u00fcche eigentlich einbaubereit.<\/p>\nngg_shortcode_3_placeholder\n<h4>Abschluss<\/h4>\n<p>Das einzige was ich nicht mehr einbauen lie\u00df, war das Fensterbrett. Auch die Einrichtung der K\u00fcche, war nicht allzu schwierig. Die alte K\u00fcche wurden in gro\u00dfen Teilen mitgenommen. Es wurde lediglich die Metallsp\u00fcle gegen eine neue aus Granit getauscht und die Dunstabzugshaube erneuert.<\/p>\nngg_shortcode_4_placeholder\n<h4>Einbau<\/h4>\n<p>Desweiteren habe ich 2 Schr\u00e4nke von IKEA und neue Fronten bei Hornbach erworben. Zum Gl\u00fcck gab es die Fronten noch, nachdem die K\u00fcche ja auch schon einige Jahre auf dem Buckel hatte. Die K\u00fcche war seinerzeit von Pino mit der Frontfarbe Kometrot. Die Arbeitsplatte hat der Globus beigesteuert.&nbsp;<\/p>\nngg_shortcode_5_placeholder\n<p>&nbsp;<\/p>\n<p>Und am Ende nochmals alle Bilder der K\u00fcche.<\/p>\nngg_shortcode_6_placeholder\n","protected":false},"excerpt":{"rendered":"<p>Erster Besuch Die K\u00fcche, war im Gegensatz zum Bad eine relativ einfache Angelegenheit. Gro\u00dfe \u00c4nderungen am Design waren sowieso nicht mehr m\u00f6glich, da die Klempnerarbeiten schon gemacht. &#8220; order_by=&#8220;sortorder&#8220; order_direction=&#8220;ASC&#8220; returns=&#8220;included&#8220; maximum_entity_count=&#8220;500&#8243;]&nbsp; Elektriker Zwischenzeitlich konnte auch der Elektriker zeigen was er kann und verkabelte als erstes in der Wohnung die K\u00fcche. &#8220; order_by=&#8220;sortorder&#8220; order_direction=&#8220;ASC&#8220; returns=&#8220;included&#8220; &hellip; <\/p>\n<p class=\"link-more\"><a href=\"https:\/\/veschber.myds.me\/wordpress\/wohnung\/kueche\" class=\"more-link\"><span class=\"screen-reader-text\">\u201eK\u00fcche\u201c <\/span>weiterlesen<\/a><\/p>\n","protected":false},"author":1,"featured_media":2443,"parent":2189,"menu_order":2,"comment_status":"closed","ping_status":"closed","template":"","meta":{"inline_featured_image":false,"ngg_post_thumbnail":0,"footnotes":""},"class_list":["post-2197","page","type-page","status-publish","has-post-thumbnail","hentry"],"_links":{"self":[{"href":"https:\/\/veschber.myds.me\/wordpress\/wp-json\/wp\/v2\/pages\/2197","targetHints":{"allow":["GET"]}}],"collection":[{"href":"https:\/\/veschber.myds.me\/wordpress\/wp-json\/wp\/v2\/pages"}],"about":[{"href":"https:\/\/veschber.myds.me\/wordpress\/wp-json\/wp\/v2\/types\/page"}],"author":[{"embeddable":true,"href":"https:\/\/veschber.myds.me\/wordpress\/wp-json\/wp\/v2\/users\/1"}],"replies":[{"embeddable":true,"href":"https:\/\/veschber.myds.me\/wordpress\/wp-json\/wp\/v2\/comments?post=2197"}],"version-history":[{"count":10,"href":"https:\/\/veschber.myds.me\/wordpress\/wp-json\/wp\/v2\/pages\/2197\/revisions"}],"predecessor-version":[{"id":2464,"href":"https:\/\/veschber.myds.me\/wordpress\/wp-json\/wp\/v2\/pages\/2197\/revisions\/2464"}],"up":[{"embeddable":true,"href":"https:\/\/veschber.myds.me\/wordpress\/wp-json\/wp\/v2\/pages\/2189"}],"wp:featuredmedia":[{"embeddable":true,"href":"https:\/\/veschber.myds.me\/wordpress\/wp-json\/wp\/v2\/media\/2443"}],"wp:attachment":[{"href":"https:\/\/veschber.myds.me\/wordpress\/wp-json\/wp\/v2\/media?parent=2197"}],"curies":[{"name":"wp","href":"https:\/\/api.w.org\/{rel}","templated":true}]}}