{"id":2668,"date":"2017-11-12T11:24:10","date_gmt":"2017-11-12T10:24:10","guid":{"rendered":"https:\/\/veschber.myds.me\/wordpress\/?page_id=2668"},"modified":"2023-06-05T09:28:15","modified_gmt":"2023-06-05T07:28:15","slug":"pepsi-2","status":"publish","type":"page","link":"https:\/\/veschber.myds.me\/wordpress\/aktienvorstellung\/pepsi-2","title":{"rendered":"PepsiCo, Inc."},"content":{"rendered":"<p><a href=\"https:\/\/veschber.myds.me:443\/wordpress\/wp-content\/uploads\/2017\/11\/PepsiCo-Blue.jpg\"><img loading=\"lazy\" decoding=\"async\" class=\"alignnone size-full wp-image-2672\" src=\"https:\/\/veschber.myds.me:443\/wordpress\/wp-content\/uploads\/2017\/11\/PepsiCo-Blue.jpg\" alt=\"\" width=\"1198\" height=\"294\" srcset=\"https:\/\/veschber.myds.me:443\/wordpress\/wp-content\/uploads\/2017\/11\/PepsiCo-Blue.jpg 1198w, https:\/\/veschber.myds.me:443\/wordpress\/wp-content\/uploads\/2017\/11\/PepsiCo-Blue-300x74.jpg 300w, https:\/\/veschber.myds.me:443\/wordpress\/wp-content\/uploads\/2017\/11\/PepsiCo-Blue-768x188.jpg 768w, https:\/\/veschber.myds.me:443\/wordpress\/wp-content\/uploads\/2017\/11\/PepsiCo-Blue-1024x251.jpg 1024w\" sizes=\"auto, (max-width: 767px) 89vw, (max-width: 1000px) 54vw, (max-width: 1071px) 543px, 580px\" \/><\/a><\/p>\n<p>Die Firma PepsiCo ist in Deutschland haupts\u00e4chlich durch die Getr\u00e4nke Pepsi-Cola, SchwipSchwap und Lipton Eistee bekannt. Des Weiteren werden auch Getr\u00e4nke unter dem Markennamen Punica her. Auch als Hersteller von Chips unter dem Namen Lays hat sich PepsiCo mittlerweile in Deutschland einen Namen gemacht.<\/p>\n<p>Auch wenn mittlerweile weniger zuckerhaltige Getr\u00e4nke beliebter werden, so sehe ich Pepsi weiterhin gut und im Vergleich zu CocaCola sogar besser und breiter aufgestellt.<\/p>\n<p>Das Dividendenwachstum von PepsiCo ist in den vergangenen Jahren etwas niedriger geworden, h\u00e4lt sich aber weiterhin \u00fcber der 5% Marke.<\/p>\n\n\n<figure><iframe loading=\"lazy\" width=\"600\" height=\"371\" seamless frameborder=\"0\" scrolling=\"no\" src=\"https:\/\/docs.google.com\/spreadsheets\/d\/e\/2PACX-1vRdhtGwXn7wzbl5TcGF7iZkGoZZpUju13yrmjNpGIDmIyjrO0bco4pTvET7bLFzDcxoLyUP7QdYDzFl\/pubchart?oid=1460708560&amp;format=interactive\"><\/iframe><\/figure>\n\n\n\n<figure><iframe loading=\"lazy\" width=\"600\" height=\"371\" seamless frameborder=\"0\" scrolling=\"no\" src=\"https:\/\/docs.google.com\/spreadsheets\/d\/e\/2PACX-1vRdhtGwXn7wzbl5TcGF7iZkGoZZpUju13yrmjNpGIDmIyjrO0bco4pTvET7bLFzDcxoLyUP7QdYDzFl\/pubchart?oid=1199670588&amp;format=interactive\"><\/iframe><\/figure>\n\n\n\n<p>Chart der Pepsi Aktie <\/p>\n\n\n\n<iframe loading=\"lazy\" width=\"600\" height=\"371\" seamless frameborder=\"0\" scrolling=\"no\" src=\"https:\/\/docs.google.com\/spreadsheets\/d\/e\/2PACX-1vRXCNVsKFInFS2jwLwTerlktIY4LGJpwm2TztAvHywShr_CW7TXyoWCrAObN00DRcwF6d9UeHuF8ON9\/pubchart?oid=1979226658&amp;format=interactive\"><\/iframe>\n","protected":false},"excerpt":{"rendered":"<p>Die Firma PepsiCo ist in Deutschland haupts\u00e4chlich durch die Getr\u00e4nke Pepsi-Cola, SchwipSchwap und Lipton Eistee bekannt. Des Weiteren werden auch Getr\u00e4nke unter dem Markennamen Punica her. Auch als Hersteller von Chips unter dem Namen Lays hat sich PepsiCo mittlerweile in Deutschland einen Namen gemacht. Auch wenn mittlerweile weniger zuckerhaltige Getr\u00e4nke beliebter werden, so sehe ich &hellip; <\/p>\n<p class=\"link-more\"><a href=\"https:\/\/veschber.myds.me\/wordpress\/aktienvorstellung\/pepsi-2\" class=\"more-link\"><span class=\"screen-reader-text\">\u201ePepsiCo, Inc.\u201c <\/span>weiterlesen<\/a><\/p>\n","protected":false},"author":1,"featured_media":0,"parent":2684,"menu_order":2,"comment_status":"closed","ping_status":"closed","template":"","meta":{"inline_featured_image":false,"ngg_post_thumbnail":0,"footnotes":""},"class_list":["post-2668","page","type-page","status-publish","hentry"],"_links":{"self":[{"href":"https:\/\/veschber.myds.me\/wordpress\/wp-json\/wp\/v2\/pages\/2668","targetHints":{"allow":["GET"]}}],"collection":[{"href":"https:\/\/veschber.myds.me\/wordpress\/wp-json\/wp\/v2\/pages"}],"about":[{"href":"https:\/\/veschber.myds.me\/wordpress\/wp-json\/wp\/v2\/types\/page"}],"author":[{"embeddable":true,"href":"https:\/\/veschber.myds.me\/wordpress\/wp-json\/wp\/v2\/users\/1"}],"replies":[{"embeddable":true,"href":"https:\/\/veschber.myds.me\/wordpress\/wp-json\/wp\/v2\/comments?post=2668"}],"version-history":[{"count":11,"href":"https:\/\/veschber.myds.me\/wordpress\/wp-json\/wp\/v2\/pages\/2668\/revisions"}],"predecessor-version":[{"id":4918,"href":"https:\/\/veschber.myds.me\/wordpress\/wp-json\/wp\/v2\/pages\/2668\/revisions\/4918"}],"up":[{"embeddable":true,"href":"https:\/\/veschber.myds.me\/wordpress\/wp-json\/wp\/v2\/pages\/2684"}],"wp:attachment":[{"href":"https:\/\/veschber.myds.me\/wordpress\/wp-json\/wp\/v2\/media?parent=2668"}],"curies":[{"name":"wp","href":"https:\/\/api.w.org\/{rel}","templated":true}]}}