{"id":2678,"date":"2017-11-12T11:49:08","date_gmt":"2017-11-12T10:49:08","guid":{"rendered":"https:\/\/veschber.myds.me\/wordpress\/?page_id=2678"},"modified":"2023-07-30T09:03:08","modified_gmt":"2023-07-30T07:03:08","slug":"abbvie-inc","status":"publish","type":"page","link":"https:\/\/veschber.myds.me\/wordpress\/aktienvorstellung\/abbvie-inc","title":{"rendered":"AbbVie Inc."},"content":{"rendered":"<p><a href=\"https:\/\/veschber.myds.me:443\/wordpress\/wp-content\/uploads\/2018\/10\/AbbVieLogo_Preferred_DarkBlue_on_white.jpg\"><img loading=\"lazy\" decoding=\"async\" class=\"alignnone size-full wp-image-3113\" src=\"https:\/\/veschber.myds.me:443\/wordpress\/wp-content\/uploads\/2018\/10\/AbbVieLogo_Preferred_DarkBlue_on_white.jpg\" alt=\"\" width=\"3432\" height=\"2582\" srcset=\"https:\/\/veschber.myds.me:443\/wordpress\/wp-content\/uploads\/2018\/10\/AbbVieLogo_Preferred_DarkBlue_on_white.jpg 3432w, https:\/\/veschber.myds.me:443\/wordpress\/wp-content\/uploads\/2018\/10\/AbbVieLogo_Preferred_DarkBlue_on_white-300x226.jpg 300w, https:\/\/veschber.myds.me:443\/wordpress\/wp-content\/uploads\/2018\/10\/AbbVieLogo_Preferred_DarkBlue_on_white-768x578.jpg 768w, https:\/\/veschber.myds.me:443\/wordpress\/wp-content\/uploads\/2018\/10\/AbbVieLogo_Preferred_DarkBlue_on_white-1024x770.jpg 1024w\" sizes=\"auto, (max-width: 767px) 89vw, (max-width: 1000px) 54vw, (max-width: 1071px) 543px, 580px\" \/><\/a><\/p>\n<p>Das Biotech Unternehmen AbbVie Inc. ist aus dem Unternehmen Abbott im Jahr 2013 hervorgegangen. Es stellt pharmazeutische Produkte f\u00fcr die Behandlung von Krebspatienten, als auch f\u00fcr die Behandlung von Immunst\u00f6rungen.<\/p>\n<p>Die Pipeline der derzeit erforschten und auch genehmigten Produkte findet man <a href=\"https:\/\/www.abbvie.com\/our-science\/pipeline.html?_ga=2.82262166.1476357639.1510473933-334487791.1500621985\">hier<\/a>.<\/p>\n<p>Das Dividendenwachstum der vergangenen Jahren seit Abspaltung des Unternehmens sind sehr erfreulich. Die Wachstumsraten sind momentan &gt;10 %.<\/p>\n\n\n<figure><iframe width=\"600\" height=\"371\" seamless frameborder=\"0\" scrolling=\"no\"src=\"https:\/\/docs.google.com\/spreadsheets\/d\/e\/2PACX-1vRdhtGwXn7wzbl5TcGF7iZkGoZZpUju13yrmjNpGIDmIyjrO0bco4pTvET7bLFzDcxoLyUP7QdYDzFl\/pubchart?oid=1173223082&amp;format=interactive\"><\/iframe><\/figure>\n\n\n\n<p>Da das Unternehmen zur Zeit stark von einem Pr\u00e4parat namens Humira abh\u00e4ngig ist, spiegelt sich dies auch teilweise in der Kursentwicklung wieder.<\/p>\n\n\n\n<figure><iframe width=\"600\" height=\"371\" seamless frameborder=\"0\" scrolling=\"no\"src=\"https:\/\/docs.google.com\/spreadsheets\/d\/e\/2PACX-1vRdhtGwXn7wzbl5TcGF7iZkGoZZpUju13yrmjNpGIDmIyjrO0bco4pTvET7bLFzDcxoLyUP7QdYDzFl\/pubchart?oid=2057129672&amp;format=interactive\"><\/iframe><\/figure>\n\n\n\n<figure><iframe loading=\"lazy\" width=\"600\" height=\"371\" seamless frameborder=\"0\" scrolling=\"no\" src=\"https:\/\/docs.google.com\/spreadsheets\/d\/e\/2PACX-1vReGnttLL5GRj3BDX2bA5U8nkf8ibh13tI1GHaA2BAcJz3qVqyqdsGLNcvnXAr3aukJW9IauBYj7i27\/pubchart?oid=1979226658&amp;format=interactive\"><\/iframe><\/figure>\n","protected":false},"excerpt":{"rendered":"<p>Das Biotech Unternehmen AbbVie Inc. ist aus dem Unternehmen Abbott im Jahr 2013 hervorgegangen. Es stellt pharmazeutische Produkte f\u00fcr die Behandlung von Krebspatienten, als auch f\u00fcr die Behandlung von Immunst\u00f6rungen. Die Pipeline der derzeit erforschten und auch genehmigten Produkte findet man hier. Das Dividendenwachstum der vergangenen Jahren seit Abspaltung des Unternehmens sind sehr erfreulich. Die &hellip; <\/p>\n<p class=\"link-more\"><a href=\"https:\/\/veschber.myds.me\/wordpress\/aktienvorstellung\/abbvie-inc\" class=\"more-link\"><span class=\"screen-reader-text\">\u201eAbbVie Inc.\u201c <\/span>weiterlesen<\/a><\/p>\n","protected":false},"author":1,"featured_media":0,"parent":2684,"menu_order":1,"comment_status":"closed","ping_status":"closed","template":"","meta":{"inline_featured_image":false,"ngg_post_thumbnail":0,"footnotes":""},"class_list":["post-2678","page","type-page","status-publish","hentry"],"_links":{"self":[{"href":"https:\/\/veschber.myds.me\/wordpress\/wp-json\/wp\/v2\/pages\/2678","targetHints":{"allow":["GET"]}}],"collection":[{"href":"https:\/\/veschber.myds.me\/wordpress\/wp-json\/wp\/v2\/pages"}],"about":[{"href":"https:\/\/veschber.myds.me\/wordpress\/wp-json\/wp\/v2\/types\/page"}],"author":[{"embeddable":true,"href":"https:\/\/veschber.myds.me\/wordpress\/wp-json\/wp\/v2\/users\/1"}],"replies":[{"embeddable":true,"href":"https:\/\/veschber.myds.me\/wordpress\/wp-json\/wp\/v2\/comments?post=2678"}],"version-history":[{"count":8,"href":"https:\/\/veschber.myds.me\/wordpress\/wp-json\/wp\/v2\/pages\/2678\/revisions"}],"predecessor-version":[{"id":4951,"href":"https:\/\/veschber.myds.me\/wordpress\/wp-json\/wp\/v2\/pages\/2678\/revisions\/4951"}],"up":[{"embeddable":true,"href":"https:\/\/veschber.myds.me\/wordpress\/wp-json\/wp\/v2\/pages\/2684"}],"wp:attachment":[{"href":"https:\/\/veschber.myds.me\/wordpress\/wp-json\/wp\/v2\/media?parent=2678"}],"curies":[{"name":"wp","href":"https:\/\/api.w.org\/{rel}","templated":true}]}}