{"id":2684,"date":"2017-11-12T15:10:38","date_gmt":"2017-11-12T14:10:38","guid":{"rendered":"https:\/\/veschber.myds.me\/wordpress\/?page_id=2684"},"modified":"2017-11-12T15:10:38","modified_gmt":"2017-11-12T14:10:38","slug":"aktienvorstellung","status":"publish","type":"page","link":"https:\/\/veschber.myds.me\/wordpress\/aktienvorstellung","title":{"rendered":"Aktienvorstellung"},"content":{"rendered":"<p>Bitte w\u00e4hlt oben \u00fcber das Men\u00fc, die Aktie die Euch interessiert aus.<\/p>\n","protected":false},"excerpt":{"rendered":"<p>Bitte w\u00e4hlt oben \u00fcber das Men\u00fc, die Aktie die Euch interessiert aus.<\/p>\n","protected":false},"author":1,"featured_media":0,"parent":0,"menu_order":0,"comment_status":"closed","ping_status":"closed","template":"","meta":{"inline_featured_image":false,"ngg_post_thumbnail":0,"footnotes":""},"class_list":["post-2684","page","type-page","status-publish","hentry"],"_links":{"self":[{"href":"https:\/\/veschber.myds.me\/wordpress\/wp-json\/wp\/v2\/pages\/2684","targetHints":{"allow":["GET"]}}],"collection":[{"href":"https:\/\/veschber.myds.me\/wordpress\/wp-json\/wp\/v2\/pages"}],"about":[{"href":"https:\/\/veschber.myds.me\/wordpress\/wp-json\/wp\/v2\/types\/page"}],"author":[{"embeddable":true,"href":"https:\/\/veschber.myds.me\/wordpress\/wp-json\/wp\/v2\/users\/1"}],"replies":[{"embeddable":true,"href":"https:\/\/veschber.myds.me\/wordpress\/wp-json\/wp\/v2\/comments?post=2684"}],"version-history":[{"count":1,"href":"https:\/\/veschber.myds.me\/wordpress\/wp-json\/wp\/v2\/pages\/2684\/revisions"}],"predecessor-version":[{"id":2686,"href":"https:\/\/veschber.myds.me\/wordpress\/wp-json\/wp\/v2\/pages\/2684\/revisions\/2686"}],"wp:attachment":[{"href":"https:\/\/veschber.myds.me\/wordpress\/wp-json\/wp\/v2\/media?parent=2684"}],"curies":[{"name":"wp","href":"https:\/\/api.w.org\/{rel}","templated":true}]}}