{"id":2687,"date":"2017-11-12T19:58:06","date_gmt":"2017-11-12T18:58:06","guid":{"rendered":"https:\/\/veschber.myds.me\/wordpress\/?page_id=2687"},"modified":"2017-11-26T17:42:26","modified_gmt":"2017-11-26T16:42:26","slug":"abbott","status":"publish","type":"page","link":"https:\/\/veschber.myds.me\/wordpress\/aktienvorstellung\/abbott","title":{"rendered":"Abbott Laboratories"},"content":{"rendered":"<p><a href=\"https:\/\/veschber.myds.me:443\/wordpress\/wp-content\/uploads\/2017\/11\/ABBOTT-LOGO.jpg\"><img loading=\"lazy\" decoding=\"async\" class=\"alignnone wp-image-2688\" src=\"https:\/\/veschber.myds.me:443\/wordpress\/wp-content\/uploads\/2017\/11\/ABBOTT-LOGO.jpg\" alt=\"\" width=\"469\" height=\"510\" srcset=\"https:\/\/veschber.myds.me:443\/wordpress\/wp-content\/uploads\/2017\/11\/ABBOTT-LOGO.jpg 470w, https:\/\/veschber.myds.me:443\/wordpress\/wp-content\/uploads\/2017\/11\/ABBOTT-LOGO-276x300.jpg 276w\" sizes=\"auto, (max-width: 469px) 100vw, 469px\" \/><\/a><\/p>\n<p>Das Unternehmen Abbott Laboratories z\u00e4hlt wohl mit Abstand zu einem der \u00e4ltesten und gr\u00f6\u00dften Unternehmen auf der Welt, welches sich mit Medizinprodukten zur Diagnostik und auch gleichzeitig mit der Herstellung von Humanmedizin besch\u00e4ftigt. Das Unternehmen hat einige der wichtigsten Arzneien gegen HIV\/Aids mitentwickelt.<\/p>\n<p>Das Unternehmen wurde 1888 von Dr. Wallace C. Abbott gegr\u00fcndet.<\/p>\n<p><a href=\"https:\/\/veschber.myds.me:443\/wordpress\/wp-content\/uploads\/2017\/11\/ABBOTT-FOUNDER-WALLACE-ABBOTT.jpg\"><img loading=\"lazy\" decoding=\"async\" class=\"alignnone size-full wp-image-2697\" src=\"https:\/\/veschber.myds.me:443\/wordpress\/wp-content\/uploads\/2017\/11\/ABBOTT-FOUNDER-WALLACE-ABBOTT.jpg\" alt=\"\" width=\"580\" height=\"390\" srcset=\"https:\/\/veschber.myds.me:443\/wordpress\/wp-content\/uploads\/2017\/11\/ABBOTT-FOUNDER-WALLACE-ABBOTT.jpg 580w, https:\/\/veschber.myds.me:443\/wordpress\/wp-content\/uploads\/2017\/11\/ABBOTT-FOUNDER-WALLACE-ABBOTT-300x202.jpg 300w\" sizes=\"auto, (max-width: 580px) 100vw, 580px\" \/><\/a><\/p>\n<p>Mittlerweile gab es mehrere Zuk\u00e4ufe, wodurch dem Unternehmen ein starkes Wachstum erm\u00f6glicht wurde. Im Jahre 2004 wurde das Unternehmen Hospira abgespalten, welches mittlerweile zu Pfizer geh\u00f6rt. Im Jahr 2013 wurde schliesslich AbbVie abgespalten, bei dem das mittlerweile erfolgreichste Medikament von Abbott hergestellt wird &#8211; Humira. Im Jahre 2016 wurde St. Jude Medical f\u00fcr 25 Milliarden US Dollar erworben.<\/p>\n<p>Seit 1924 zahlt Abbott Dividenden und seit mehr als 45 Jahren werden diese auch erh\u00f6ht. Somit z\u00e4hlt Abbott zu einem der Dividendenaristokraten schlechthin.<\/p>\n<p>Wie bereits oben geschrieben wurde 2013 AbbVie abgespalten, wodurch die Dividende drastisch bei Abbott gek\u00fcrzt wurde. Im Gesamtbild mit AbbVie jedoch weiterhin ein Wachstum aufwies.<\/p>\n<p><iframe loading=\"lazy\" src=\"https:\/\/docs.google.com\/spreadsheets\/d\/e\/2PACX-1vRdhtGwXn7wzbl5TcGF7iZkGoZZpUju13yrmjNpGIDmIyjrO0bco4pTvET7bLFzDcxoLyUP7QdYDzFl\/pubhtml?gid=2014857016&amp;single=true&amp;widget=true&amp;headers=false\" width=\"800\" height=\"400\" frameborder=\"0\" scrolling=\"no\" seamless=\"\"><\/iframe><\/p>\n<p>&nbsp;<br \/>\n<iframe loading=\"lazy\" src=\"https:\/\/docs.google.com\/spreadsheets\/d\/e\/2PACX-1vRdhtGwXn7wzbl5TcGF7iZkGoZZpUju13yrmjNpGIDmIyjrO0bco4pTvET7bLFzDcxoLyUP7QdYDzFl\/pubchart?oid=804797621&amp;format=interactive\" width=\"800\" height=\"400\" frameborder=\"0\" scrolling=\"no\" seamless=\"\"><\/iframe><\/p>\n<p><span style=\"color: #666666; font-size: 15px;\">Abbott Aktie<\/span><\/p>\n<div style=\"font-size: 15px;\">\n<p><a title=\"Abbott Laboratories Aktie auf ARIVA.DE\" href=\"https:\/\/www.ariva.de\/abbott_laboratories-aktie\"><img decoding=\"async\" style=\"border: none; margin-top: 5px;\" src=\"https:\/\/www.ariva.de\/chart\/images\/arivachart?secu=1752&amp;boerse_id=16&amp;t=year&amp;displayLegend=0&amp;size=free&amp;width=720&amp;height=400&amp;antiAlias=1\" alt=\"Abbott Laboratories Aktie Chart\" width=\"720\"><\/a><br \/>\n<span style=\"font-size: 12px; color: grey;\">Kursanbieter: <a href=\"http:\/\/www.ls-d.de\/\"><img decoding=\"async\" style=\"border: none;\" src=\"https:\/\/www.ariva.de\/i\/logo\/boersenplaetze\/16.png\" alt=\"L&amp;S RT\"><\/a><\/span><\/p>\n<\/div>\n<p>Noch ein <a href=\"http:\/\/www.abbott.com\/about-abbott\/our-heritage\/promise-for-life-the-story-of-abbott.html\">Link <\/a>zur Geschichte des Unternehmens. Hier kann man auch ein Magazin herunterladen und noch viel mehr \u00fcber die Geschichte von Abbott erfahren.<\/p>\n<p><a href=\"http:\/\/veschber.myds.me\/download\/AbbottAPromiseForLife_German_ePub2_Gen_v3.epub\">Link <\/a>zum Download des Buches auf Deutsch.<\/p>\n","protected":false},"excerpt":{"rendered":"<p>Das Unternehmen Abbott Laboratories z\u00e4hlt wohl mit Abstand zu einem der \u00e4ltesten und gr\u00f6\u00dften Unternehmen auf der Welt, welches sich mit Medizinprodukten zur Diagnostik und auch gleichzeitig mit der Herstellung von Humanmedizin besch\u00e4ftigt. Das Unternehmen hat einige der wichtigsten Arzneien gegen HIV\/Aids mitentwickelt. Das Unternehmen wurde 1888 von Dr. Wallace C. Abbott gegr\u00fcndet. Mittlerweile gab &hellip; <\/p>\n<p class=\"link-more\"><a href=\"https:\/\/veschber.myds.me\/wordpress\/aktienvorstellung\/abbott\" class=\"more-link\"><span class=\"screen-reader-text\">\u201eAbbott Laboratories\u201c <\/span>weiterlesen<\/a><\/p>\n","protected":false},"author":1,"featured_media":0,"parent":2684,"menu_order":0,"comment_status":"closed","ping_status":"closed","template":"","meta":{"inline_featured_image":false,"ngg_post_thumbnail":0,"footnotes":""},"class_list":["post-2687","page","type-page","status-publish","hentry"],"_links":{"self":[{"href":"https:\/\/veschber.myds.me\/wordpress\/wp-json\/wp\/v2\/pages\/2687","targetHints":{"allow":["GET"]}}],"collection":[{"href":"https:\/\/veschber.myds.me\/wordpress\/wp-json\/wp\/v2\/pages"}],"about":[{"href":"https:\/\/veschber.myds.me\/wordpress\/wp-json\/wp\/v2\/types\/page"}],"author":[{"embeddable":true,"href":"https:\/\/veschber.myds.me\/wordpress\/wp-json\/wp\/v2\/users\/1"}],"replies":[{"embeddable":true,"href":"https:\/\/veschber.myds.me\/wordpress\/wp-json\/wp\/v2\/comments?post=2687"}],"version-history":[{"count":9,"href":"https:\/\/veschber.myds.me\/wordpress\/wp-json\/wp\/v2\/pages\/2687\/revisions"}],"predecessor-version":[{"id":2695,"href":"https:\/\/veschber.myds.me\/wordpress\/wp-json\/wp\/v2\/pages\/2687\/revisions\/2695"}],"up":[{"embeddable":true,"href":"https:\/\/veschber.myds.me\/wordpress\/wp-json\/wp\/v2\/pages\/2684"}],"wp:attachment":[{"href":"https:\/\/veschber.myds.me\/wordpress\/wp-json\/wp\/v2\/media?parent=2687"}],"curies":[{"name":"wp","href":"https:\/\/api.w.org\/{rel}","templated":true}]}}