{"id":2716,"date":"2017-12-03T12:39:43","date_gmt":"2017-12-03T11:39:43","guid":{"rendered":"https:\/\/veschber.myds.me\/wordpress\/?page_id=2716"},"modified":"2020-01-04T08:40:12","modified_gmt":"2020-01-04T07:40:12","slug":"riester","status":"publish","type":"page","link":"https:\/\/veschber.myds.me\/wordpress\/riester","title":{"rendered":"Riester"},"content":{"rendered":"<p>Nachdem ich vergangenes Jahr meinen Riesterbausparvertrag bei der BHW gek\u00fcndigt und die Zahlungen zum Ende des Jahres 2016 dorthin einstellte, habe ich lange \u00fcberlegt ob es sich lohnt wieder einen Riestervertrag zu er\u00f6ffnen.<\/p>\n<p>Die Gr\u00fcnde sind recht vielf\u00e4ltig, welche f\u00fcr ein &#8222;F\u00fcr und Wider&#8220; sprechen. So hatte ich Angebote von Versicherungen, BSV und Investmentgesellschaften. So h\u00e4tte ich bei Versicherungen eine sehr sichere, wenn auch gleich mit niedriger Rendite versehenen Abschluss. Hinzu kommen hier die doch recht hohen Abschlusskosten, welche in den ersten 5 Jahren wirken. Das selbe trifft auch zum gro\u00dfen Teil auf die Investmentgesellschaft zu. Bei den Bausparkassen gibt es die geringste Rendite und zum Bauen \/ renovieren ben\u00f6tige ich ihn nicht.<\/p>\n<p>Also habe ich mich f\u00fcr Fairr entschieden und hier zum Jahresende 2017 abgeschlossen und noch die Zahlungen f\u00fcr die vergangenen Monate eingebracht.<\/p>\n<p>Auf den zugeh\u00f6rigen Seiten, werde ich versuchen in der Zukunft den Wert des Depots und der zu erwartenden Rente dort darzustellen. Mal schauen ob es gelingt.<\/p>\n\n\n<h4 class=\"wp-block-heading\">Update 31.12.2018<\/h4>\n\n\n\n<p>Das Jahr 2018 endete mit einer Umschichtung der meisten Fonds und f\u00fchrte, aufgrund der schwachen B\u00f6rse\/Fondspreise zu einer deutlichen Verschlechterung der Depot-Performance. Es wurden jetzt die ETFs von der Deutschen Bank, Deka sowie Comstage verkauft und durch iShares bzw. Lyxor ersetzt. Das Depot hat Einzahlungen in H\u00f6he von 4.253,98\u20ac mit einem dem gegen\u00fcberstehenden Wert von 3.693,64 \u20ac abgeschlossen. Dies entspricht einem Verlust von 13,17 %.<\/p>\n\n\n\n<figure class=\"wp-block-image\"><img loading=\"lazy\" decoding=\"async\" width=\"980\" height=\"88\" src=\"https:\/\/veschber.myds.me:443\/wordpress\/wp-content\/uploads\/2019\/01\/image.png\" alt=\"\" class=\"wp-image-3360\" srcset=\"https:\/\/veschber.myds.me:443\/wordpress\/wp-content\/uploads\/2019\/01\/image.png 980w, https:\/\/veschber.myds.me:443\/wordpress\/wp-content\/uploads\/2019\/01\/image-300x27.png 300w, https:\/\/veschber.myds.me:443\/wordpress\/wp-content\/uploads\/2019\/01\/image-768x69.png 768w\" sizes=\"auto, (max-width: 767px) 89vw, (max-width: 1000px) 54vw, (max-width: 1071px) 543px, 580px\" \/><\/figure>\n\n\n\n<h4 class=\"wp-block-heading\">Update 31.12.2019<\/h4>\n\n\n\n<p>Das B\u00f6rsenjahr 2019 tat auch meiner Riesterversicherung sichtbar gut. Der Wert des Depot rentiert mittlerweile im Plus. Den bisherigen Einzahlungen steht ein Guthaben von derzeit  7.237,47\u00a0 \u20ac gegen\u00fcber.<\/p>\n\n\n\n<figure class=\"wp-block-image size-large\"><img loading=\"lazy\" decoding=\"async\" width=\"944\" height=\"83\" src=\"https:\/\/veschber.myds.me:443\/wordpress\/wp-content\/uploads\/2020\/01\/image.png\" alt=\"\" class=\"wp-image-3757\" srcset=\"https:\/\/veschber.myds.me:443\/wordpress\/wp-content\/uploads\/2020\/01\/image.png 944w, https:\/\/veschber.myds.me:443\/wordpress\/wp-content\/uploads\/2020\/01\/image-300x26.png 300w, https:\/\/veschber.myds.me:443\/wordpress\/wp-content\/uploads\/2020\/01\/image-768x68.png 768w\" sizes=\"auto, (max-width: 767px) 89vw, (max-width: 1000px) 54vw, (max-width: 1071px) 543px, 580px\" \/><\/figure>\n","protected":false},"excerpt":{"rendered":"<p>Nachdem ich vergangenes Jahr meinen Riesterbausparvertrag bei der BHW gek\u00fcndigt und die Zahlungen zum Ende des Jahres 2016 dorthin einstellte, habe ich lange \u00fcberlegt ob es sich lohnt wieder einen Riestervertrag zu er\u00f6ffnen. Die Gr\u00fcnde sind recht vielf\u00e4ltig, welche f\u00fcr ein &#8222;F\u00fcr und Wider&#8220; sprechen. So hatte ich Angebote von Versicherungen, BSV und Investmentgesellschaften. So &hellip; <\/p>\n<p class=\"link-more\"><a href=\"https:\/\/veschber.myds.me\/wordpress\/riester\" class=\"more-link\"><span class=\"screen-reader-text\">\u201eRiester\u201c <\/span>weiterlesen<\/a><\/p>\n","protected":false},"author":1,"featured_media":0,"parent":0,"menu_order":0,"comment_status":"closed","ping_status":"closed","template":"","meta":{"inline_featured_image":false,"ngg_post_thumbnail":0,"footnotes":""},"class_list":["post-2716","page","type-page","status-publish","hentry"],"_links":{"self":[{"href":"https:\/\/veschber.myds.me\/wordpress\/wp-json\/wp\/v2\/pages\/2716","targetHints":{"allow":["GET"]}}],"collection":[{"href":"https:\/\/veschber.myds.me\/wordpress\/wp-json\/wp\/v2\/pages"}],"about":[{"href":"https:\/\/veschber.myds.me\/wordpress\/wp-json\/wp\/v2\/types\/page"}],"author":[{"embeddable":true,"href":"https:\/\/veschber.myds.me\/wordpress\/wp-json\/wp\/v2\/users\/1"}],"replies":[{"embeddable":true,"href":"https:\/\/veschber.myds.me\/wordpress\/wp-json\/wp\/v2\/comments?post=2716"}],"version-history":[{"count":4,"href":"https:\/\/veschber.myds.me\/wordpress\/wp-json\/wp\/v2\/pages\/2716\/revisions"}],"predecessor-version":[{"id":3759,"href":"https:\/\/veschber.myds.me\/wordpress\/wp-json\/wp\/v2\/pages\/2716\/revisions\/3759"}],"wp:attachment":[{"href":"https:\/\/veschber.myds.me\/wordpress\/wp-json\/wp\/v2\/media?parent=2716"}],"curies":[{"name":"wp","href":"https:\/\/api.w.org\/{rel}","templated":true}]}}