{"id":2861,"date":"2018-05-10T14:43:25","date_gmt":"2018-05-10T12:43:25","guid":{"rendered":"https:\/\/veschber.myds.me\/wordpress\/?page_id=2861"},"modified":"2018-05-10T14:45:02","modified_gmt":"2018-05-10T12:45:02","slug":"at-t","status":"publish","type":"page","link":"https:\/\/veschber.myds.me\/wordpress\/aktienvorstellung\/at-t","title":{"rendered":"AT &#038; T"},"content":{"rendered":"<p><a href=\"https:\/\/veschber.myds.me:443\/wordpress\/wp-content\/uploads\/2018\/05\/1000px-ATT_logo_2016.svg_.png\"><img loading=\"lazy\" decoding=\"async\" class=\"alignnone size-full wp-image-2862\" src=\"https:\/\/veschber.myds.me:443\/wordpress\/wp-content\/uploads\/2018\/05\/1000px-ATT_logo_2016.svg_.png\" alt=\"\" width=\"1000\" height=\"411\" srcset=\"https:\/\/veschber.myds.me:443\/wordpress\/wp-content\/uploads\/2018\/05\/1000px-ATT_logo_2016.svg_.png 1000w, https:\/\/veschber.myds.me:443\/wordpress\/wp-content\/uploads\/2018\/05\/1000px-ATT_logo_2016.svg_-300x123.png 300w, https:\/\/veschber.myds.me:443\/wordpress\/wp-content\/uploads\/2018\/05\/1000px-ATT_logo_2016.svg_-768x316.png 768w\" sizes=\"auto, (max-width: 767px) 89vw, (max-width: 1000px) 54vw, (max-width: 1071px) 543px, 580px\" \/><\/a><\/p>\n<p>Das heutige AT &amp; T, hat gemein hin nicht mehr viel, mit dem bekannten und 1885 gegr\u00fcndeten AT &amp; T zu tun. Viele \u00dcbernahmen, Verk\u00e4ufe und (Zwangs-)Abspaltungen aufgrund von Kartellvorw\u00fcrfen f\u00fchrten zum heutigen AT &amp;T.&nbsp;<\/p>\n<p>Das Dividendenwachstum ist seit einigen Jahren bei nur noch 4 US-cent angekommen.<\/p>\n<p>&nbsp;<br \/>\n<iframe loading=\"lazy\" src=\"https:\/\/docs.google.com\/spreadsheets\/d\/e\/2PACX-1vRdhtGwXn7wzbl5TcGF7iZkGoZZpUju13yrmjNpGIDmIyjrO0bco4pTvET7bLFzDcxoLyUP7QdYDzFl\/pubchart?oid=1274102191&amp;format=interactive\" width=\"800\" height=\"400\" frameborder=\"0\" scrolling=\"no\" seamless=\"\"><span data-mce-type=\"bookmark\" style=\"display: inline-block; width: 0px; overflow: hidden; line-height: 0;\" class=\"mce_SELRES_start\">\ufeff<\/span>&amp;nbsp<span data-mce-type=\"bookmark\" style=\"display: inline-block; width: 0px; overflow: hidden; line-height: 0;\" class=\"mce_SELRES_start\">\ufeff<\/span>;<\/iframe><\/p>\n<p>&nbsp;<\/p>\n<p><iframe loading=\"lazy\" src=\"https:\/\/docs.google.com\/spreadsheets\/d\/e\/2PACX-1vRdhtGwXn7wzbl5TcGF7iZkGoZZpUju13yrmjNpGIDmIyjrO0bco4pTvET7bLFzDcxoLyUP7QdYDzFl\/pubchart?oid=702397895&amp;format=interactive\" width=\"600\" height=\"371\" frameborder=\"0\" scrolling=\"no\" seamless=\"\"><\/iframe><\/p>\n<p>&nbsp;<\/p>\n<p>&nbsp;<\/p>\n<div style=\"font-size: 15px;\">\n<h2 style=\"font-size: 15px; line-height: 19px; margin: 0px;\">AT&amp;T Aktie<\/h2>\n<p><a title=\"AT&amp;T Aktie auf ARIVA.DE\" href=\"https:\/\/www.ariva.de\/at%26t-aktie\"><img decoding=\"async\" style=\"border: none; margin-top: 5px;\" src=\"https:\/\/www.ariva.de\/chart\/images\/arivachart?secu=806345&amp;boerse_id=16&amp;t=year&amp;displayLegend=0&amp;size=free&amp;width=720&amp;height=400&amp;antiAlias=1\" alt=\"AT&amp;T Aktie Chart\" width=\"720\"><\/a><br \/>\n<span style=\"font-size: 12px; color: grey;\">Kursanbieter: <a href=\"http:\/\/www.ls-d.de\/\"><img decoding=\"async\" style=\"border: none;\" src=\"https:\/\/www.ariva.de\/i\/logo\/boersenplaetze\/16.png\" alt=\"L&amp;S RT\"><\/a><\/span><\/p>\n<\/div>\n","protected":false},"excerpt":{"rendered":"<p>Das heutige AT &amp; T, hat gemein hin nicht mehr viel, mit dem bekannten und 1885 gegr\u00fcndeten AT &amp; T zu tun. Viele \u00dcbernahmen, Verk\u00e4ufe und (Zwangs-)Abspaltungen aufgrund von Kartellvorw\u00fcrfen f\u00fchrten zum heutigen AT &amp;T.&nbsp; Das Dividendenwachstum ist seit einigen Jahren bei nur noch 4 US-cent angekommen. &nbsp; \ufeff&amp;nbsp\ufeff; &nbsp; &nbsp; &nbsp; AT&amp;T Aktie Kursanbieter:<\/p>\n","protected":false},"author":1,"featured_media":0,"parent":2684,"menu_order":0,"comment_status":"closed","ping_status":"closed","template":"","meta":{"inline_featured_image":false,"ngg_post_thumbnail":0,"footnotes":""},"class_list":["post-2861","page","type-page","status-publish","hentry"],"_links":{"self":[{"href":"https:\/\/veschber.myds.me\/wordpress\/wp-json\/wp\/v2\/pages\/2861","targetHints":{"allow":["GET"]}}],"collection":[{"href":"https:\/\/veschber.myds.me\/wordpress\/wp-json\/wp\/v2\/pages"}],"about":[{"href":"https:\/\/veschber.myds.me\/wordpress\/wp-json\/wp\/v2\/types\/page"}],"author":[{"embeddable":true,"href":"https:\/\/veschber.myds.me\/wordpress\/wp-json\/wp\/v2\/users\/1"}],"replies":[{"embeddable":true,"href":"https:\/\/veschber.myds.me\/wordpress\/wp-json\/wp\/v2\/comments?post=2861"}],"version-history":[{"count":2,"href":"https:\/\/veschber.myds.me\/wordpress\/wp-json\/wp\/v2\/pages\/2861\/revisions"}],"predecessor-version":[{"id":2865,"href":"https:\/\/veschber.myds.me\/wordpress\/wp-json\/wp\/v2\/pages\/2861\/revisions\/2865"}],"up":[{"embeddable":true,"href":"https:\/\/veschber.myds.me\/wordpress\/wp-json\/wp\/v2\/pages\/2684"}],"wp:attachment":[{"href":"https:\/\/veschber.myds.me\/wordpress\/wp-json\/wp\/v2\/media?parent=2861"}],"curies":[{"name":"wp","href":"https:\/\/api.w.org\/{rel}","templated":true}]}}