{"id":2934,"date":"2018-08-26T07:42:32","date_gmt":"2018-08-26T05:42:32","guid":{"rendered":"https:\/\/veschber.myds.me\/wordpress\/?page_id=2934"},"modified":"2018-10-29T05:09:11","modified_gmt":"2018-10-29T04:09:11","slug":"bhp-billiton","status":"publish","type":"page","link":"https:\/\/veschber.myds.me\/wordpress\/bhp-billiton","title":{"rendered":"BHP Billiton"},"content":{"rendered":"\n<p>BHP Billiton ist einer der gr\u00f6\u00dften Bergbaukonzerne weltweit. Gegr\u00fcndet wurde es vor mittlerweile mehr als 130 Jahren in Australien (BHP) und wuchs durch \u00dcbernahmen zu dem heute bekannten Konzern.<\/p>\n\n\n\n<p>Die Entwicklung der Dividenden spiegelt zum einem Gro\u00dfteil, die Entwicklung der Rohstoffpreise und damit die des globalen Wirtschaftswachstum wieder. In Zeiten einer weltweiten Rezession mit daher gehender Mindernachfrage und sinkenden Preisen, bricht auch die Dividende zusammen.<\/p>\n\n\n\n<iframe loading=\"lazy\" width=\"600\" height=\"371\" seamless=\"\" frameborder=\"0\" scrolling=\"no\" src=\"https:\/\/docs.google.com\/spreadsheets\/d\/e\/2PACX-1vRdhtGwXn7wzbl5TcGF7iZkGoZZpUju13yrmjNpGIDmIyjrO0bco4pTvET7bLFzDcxoLyUP7QdYDzFl\/pubchart?oid=1939581027&amp;format=interactive\"><\/iframe>\n\n\n\n<iframe loading=\"lazy\" width=\"600\" height=\"371\" seamless=\"\" frameborder=\"0\" scrolling=\"no\" src=\"https:\/\/docs.google.com\/spreadsheets\/d\/e\/2PACX-1vRdhtGwXn7wzbl5TcGF7iZkGoZZpUju13yrmjNpGIDmIyjrO0bco4pTvET7bLFzDcxoLyUP7QdYDzFl\/pubchart?oid=2060326733&amp;format=interactive\"><\/iframe>\n\n\n\n<div style=\"font-size:15px\"><h2 style=\"font-size: 15px; line-height: 19px; margin: 0px;\">BHP Billiton Aktie<\/h2><a href=\"https:\/\/www.ariva.de\/bhp_billiton-aktie\" title=\"BHP Billiton Aktie auf ARIVA.DE\"><img decoding=\"async\" width=\"720\" style=\"border:none;margin-top:5px\" src=\"https:\/\/www.ariva.de\/chart\/images\/arivachart?secu=5868&amp;boerse_id=16&amp;t=year&amp;displayLegend=0&amp;size=free&amp;width=720&amp;height=400&amp;antiAlias=1\" alt=\"BHP Billiton Aktie Chart\"><\/a><br><span style=\"font-size:12px;color:grey\">Kursanbieter: <a href=\"http:\/\/www.ls-d.de\/\"><img decoding=\"async\" style=\"border:none\" src=\"https:\/\/www.ariva.de\/i\/logo\/boersenplaetze\/16.png\" alt=\"L&amp;S RT\"><\/a><\/span><\/div>\n","protected":false},"excerpt":{"rendered":"<p>BHP Billiton ist einer der gr\u00f6\u00dften Bergbaukonzerne weltweit. Gegr\u00fcndet wurde es vor mittlerweile mehr als 130 Jahren in Australien (BHP) und wuchs durch \u00dcbernahmen zu dem heute bekannten Konzern. Die Entwicklung der Dividenden spiegelt zum einem Gro\u00dfteil, die Entwicklung der Rohstoffpreise und damit die des globalen Wirtschaftswachstum wieder. In Zeiten einer weltweiten Rezession mit daher &hellip; <\/p>\n<p class=\"link-more\"><a href=\"https:\/\/veschber.myds.me\/wordpress\/bhp-billiton\" class=\"more-link\"><span class=\"screen-reader-text\">\u201eBHP Billiton\u201c <\/span>weiterlesen<\/a><\/p>\n","protected":false},"author":1,"featured_media":0,"parent":0,"menu_order":0,"comment_status":"closed","ping_status":"closed","template":"","meta":{"inline_featured_image":false,"ngg_post_thumbnail":0,"footnotes":""},"class_list":["post-2934","page","type-page","status-publish","hentry"],"_links":{"self":[{"href":"https:\/\/veschber.myds.me\/wordpress\/wp-json\/wp\/v2\/pages\/2934","targetHints":{"allow":["GET"]}}],"collection":[{"href":"https:\/\/veschber.myds.me\/wordpress\/wp-json\/wp\/v2\/pages"}],"about":[{"href":"https:\/\/veschber.myds.me\/wordpress\/wp-json\/wp\/v2\/types\/page"}],"author":[{"embeddable":true,"href":"https:\/\/veschber.myds.me\/wordpress\/wp-json\/wp\/v2\/users\/1"}],"replies":[{"embeddable":true,"href":"https:\/\/veschber.myds.me\/wordpress\/wp-json\/wp\/v2\/comments?post=2934"}],"version-history":[{"count":4,"href":"https:\/\/veschber.myds.me\/wordpress\/wp-json\/wp\/v2\/pages\/2934\/revisions"}],"predecessor-version":[{"id":3172,"href":"https:\/\/veschber.myds.me\/wordpress\/wp-json\/wp\/v2\/pages\/2934\/revisions\/3172"}],"wp:attachment":[{"href":"https:\/\/veschber.myds.me\/wordpress\/wp-json\/wp\/v2\/media?parent=2934"}],"curies":[{"name":"wp","href":"https:\/\/api.w.org\/{rel}","templated":true}]}}