{"id":2943,"date":"2018-08-26T08:08:36","date_gmt":"2018-08-26T06:08:36","guid":{"rendered":"https:\/\/veschber.myds.me\/wordpress\/?page_id=2943"},"modified":"2018-08-26T08:08:36","modified_gmt":"2018-08-26T06:08:36","slug":"cisco-systems-inc","status":"publish","type":"page","link":"https:\/\/veschber.myds.me\/wordpress\/cisco-systems-inc","title":{"rendered":"CISCO Systems, Inc."},"content":{"rendered":"\n<p>CISCO ist eines der Unternehmen im Depot, welches sich auf die Entwicklung und den Vertrieb, von Netzwerkkomponenten konzentriert. Es ist auch, das einzige Tech-Unternehmen im Depot.<\/p>\n\n\n\n<p>Gegr\u00fcndet wurde CISCO im Jahre 1984 in San Francisco und ist mittlerweile der gr\u00f6\u00dfte Netzwerkausr\u00fcster. Von Switch, Hubs und Modems \u00fcber Telefone bis hin zu Cloud basierten Softwarel\u00f6sungen, bietet CISCO mittlerweile so ziemlich alles an.<\/p>\n\n\n\n<p>Seit M\u00e4rz 2011 zahlt CISCO auch eine Dividende. Diese betrug zu Beginn 0,06 US Dollar.<\/p>\n\n\n\n<iframe loading=\"lazy\" width=\"600\" height=\"371\" seamless frameborder=\"0\" scrolling=\"no\" src=\"https:\/\/docs.google.com\/spreadsheets\/d\/e\/2PACX-1vRdhtGwXn7wzbl5TcGF7iZkGoZZpUju13yrmjNpGIDmIyjrO0bco4pTvET7bLFzDcxoLyUP7QdYDzFl\/pubchart?oid=119662793&amp;format=interactive\"><\/iframe>\n\n\n\n<iframe loading=\"lazy\" width=\"600\" height=\"371\" seamless frameborder=\"0\" scrolling=\"no\" src=\"https:\/\/docs.google.com\/spreadsheets\/d\/e\/2PACX-1vRdhtGwXn7wzbl5TcGF7iZkGoZZpUju13yrmjNpGIDmIyjrO0bco4pTvET7bLFzDcxoLyUP7QdYDzFl\/pubchart?oid=1140487748&amp;format=interactive\"><\/iframe>\n\n\n\n<div style=\"font-size:15px\"><h2 style=\"font-size: 15px; line-height: 19px; margin: 0px;\">Cisco Systems Aktie<\/h2><a href=\"https:\/\/www.ariva.de\/cisco_systems-aktie\" title=\"Cisco Systems Aktie auf ARIVA.DE\"><img decoding=\"async\" width=\"720\" style=\"border:none;margin-top:5px\" src=\"https:\/\/www.ariva.de\/chart\/images\/arivachart?secu=358&amp;boerse_id=16&amp;t=year&amp;displayLegend=0&amp;size=free&amp;width=720&amp;height=400&#038;antiAlias=1\" alt=\"Cisco Systems Aktie Chart\" ><\/a><br\/><span style=\"font-size:12px;color:grey\">Kursanbieter: <a href=\"http:\/\/www.ls-d.de\/\"><img decoding=\"async\" style=\"border:none\" src=\"https:\/\/www.ariva.de\/i\/logo\/boersenplaetze\/16.png\" alt=\"L&#038;S RT\"><\/a><\/span><\/div>\n","protected":false},"excerpt":{"rendered":"<p>CISCO ist eines der Unternehmen im Depot, welches sich auf die Entwicklung und den Vertrieb, von Netzwerkkomponenten konzentriert. Es ist auch, das einzige Tech-Unternehmen im Depot. Gegr\u00fcndet wurde CISCO im Jahre 1984 in San Francisco und ist mittlerweile der gr\u00f6\u00dfte Netzwerkausr\u00fcster. Von Switch, Hubs und Modems \u00fcber Telefone bis hin zu Cloud basierten Softwarel\u00f6sungen, bietet &hellip; <\/p>\n<p class=\"link-more\"><a href=\"https:\/\/veschber.myds.me\/wordpress\/cisco-systems-inc\" class=\"more-link\"><span class=\"screen-reader-text\">\u201eCISCO Systems, Inc.\u201c <\/span>weiterlesen<\/a><\/p>\n","protected":false},"author":1,"featured_media":0,"parent":0,"menu_order":0,"comment_status":"closed","ping_status":"closed","template":"","meta":{"inline_featured_image":false,"ngg_post_thumbnail":0,"footnotes":""},"class_list":["post-2943","page","type-page","status-publish","hentry"],"_links":{"self":[{"href":"https:\/\/veschber.myds.me\/wordpress\/wp-json\/wp\/v2\/pages\/2943","targetHints":{"allow":["GET"]}}],"collection":[{"href":"https:\/\/veschber.myds.me\/wordpress\/wp-json\/wp\/v2\/pages"}],"about":[{"href":"https:\/\/veschber.myds.me\/wordpress\/wp-json\/wp\/v2\/types\/page"}],"author":[{"embeddable":true,"href":"https:\/\/veschber.myds.me\/wordpress\/wp-json\/wp\/v2\/users\/1"}],"replies":[{"embeddable":true,"href":"https:\/\/veschber.myds.me\/wordpress\/wp-json\/wp\/v2\/comments?post=2943"}],"version-history":[{"count":1,"href":"https:\/\/veschber.myds.me\/wordpress\/wp-json\/wp\/v2\/pages\/2943\/revisions"}],"predecessor-version":[{"id":2945,"href":"https:\/\/veschber.myds.me\/wordpress\/wp-json\/wp\/v2\/pages\/2943\/revisions\/2945"}],"wp:attachment":[{"href":"https:\/\/veschber.myds.me\/wordpress\/wp-json\/wp\/v2\/media?parent=2943"}],"curies":[{"name":"wp","href":"https:\/\/api.w.org\/{rel}","templated":true}]}}