{"id":2987,"date":"2018-10-07T09:21:42","date_gmt":"2018-10-07T07:21:42","guid":{"rendered":"https:\/\/veschber.myds.me\/wordpress\/?page_id=2987"},"modified":"2018-10-07T16:55:03","modified_gmt":"2018-10-07T14:55:03","slug":"johnson-johnson","status":"publish","type":"page","link":"https:\/\/veschber.myds.me\/wordpress\/johnson-johnson","title":{"rendered":"Johnson &#038; Johnson"},"content":{"rendered":"\n<div class=\"wp-block-image\"><figure class=\"aligncenter\"><img decoding=\"async\" src=\"https:\/\/veschber.myds.me:443\/wordpress\/wp-content\/uploads\/2018\/10\/JohnsonJohnson_Logo.svg\" alt=\"\" class=\"wp-image-3023\"\/><\/figure><\/div>\n\n\n\n<p>Johnson &amp; Johnson ist eines der traditionsreichsten amerikanischen Unternehmen \u00fcberhaupt. Es wurde im Jahre 1886 von den 3 Br\u00fcdern Robert Wood, James Wood und Eward Mead gegr\u00fcndet. Bekannt wurde das Unternehmen durch seine Pflaster. Mittlerweile kann man sagen, das jeder Mensch etwas von Johnson &amp; Johnson im Haushalt. Hier ein kleiner \u00dcberblick \u00fcber die in Deutschland erh\u00e4ltlichen Produkte.<\/p>\n\n\n\n<figure class=\"wp-block-image\"><img loading=\"lazy\" decoding=\"async\" width=\"931\" height=\"486\" src=\"https:\/\/veschber.myds.me:443\/wordpress\/wp-content\/uploads\/2018\/10\/Unbenannt.png\" alt=\"\" class=\"wp-image-2991\" srcset=\"https:\/\/veschber.myds.me:443\/wordpress\/wp-content\/uploads\/2018\/10\/Unbenannt.png 931w, https:\/\/veschber.myds.me:443\/wordpress\/wp-content\/uploads\/2018\/10\/Unbenannt-300x157.png 300w, https:\/\/veschber.myds.me:443\/wordpress\/wp-content\/uploads\/2018\/10\/Unbenannt-768x401.png 768w\" sizes=\"auto, (max-width: 767px) 89vw, (max-width: 1000px) 54vw, (max-width: 1071px) 543px, 580px\" \/><\/figure>\n\n\n\n<p>Anbei die Entwicklung der Dividenden in den letzten Jahren. Wie man sehen kann, erfolgt eine kontinuierliche Steigerung.<\/p>\n\n\n\n<figure><iframe loading=\"lazy\" width=\"620\" height=\"400\" seamless=\"\" frameborder=\"0\" scrolling=\"no\" src=\"https:\/\/docs.google.com\/spreadsheets\/d\/e\/2PACX-1vRdhtGwXn7wzbl5TcGF7iZkGoZZpUju13yrmjNpGIDmIyjrO0bco4pTvET7bLFzDcxoLyUP7QdYDzFl\/pubchart?oid=995622164&amp;format=interactive\"><\/iframe><\/figure>\n\n\n\n<iframe loading=\"lazy\" width=\"600\" height=\"371\" seamless=\"\" frameborder=\"0\" scrolling=\"no\" src=\"https:\/\/docs.google.com\/spreadsheets\/d\/e\/2PACX-1vRdhtGwXn7wzbl5TcGF7iZkGoZZpUju13yrmjNpGIDmIyjrO0bco4pTvET7bLFzDcxoLyUP7QdYDzFl\/pubchart?oid=1358976107&amp;format=interactive\"><\/iframe>\n\n\n\n<p>Und nun noch der Chart.<\/p>\n\n\n\n<figure class=\"wp-block-image\"><a href=\"https:\/\/www.ariva.de\/johnson-johnson-aktie\"><img decoding=\"async\" src=\"https:\/\/www.ariva.de\/chart\/images\/arivachart?secu=412&amp;boerse_id=16&amp;t=year&amp;displayLegend=0&amp;size=free&amp;width=720&amp;height=400&amp;antiAlias=1\" alt=\"Johnson &amp; Johnson Aktie Chart\"\/><\/a><\/figure>\n\n\n\n<p>Kursanbieter: <\/p>\n\n\n\n<figure class=\"wp-block-image\"><a href=\"http:\/\/www.ls-d.de\/\"><img decoding=\"async\" src=\"https:\/\/www.ariva.de\/i\/logo\/boersenplaetze\/16.png\" alt=\"L&amp;S RT\"\/><\/a><\/figure>\n","protected":false},"excerpt":{"rendered":"<p>Johnson &amp; Johnson ist eines der traditionsreichsten amerikanischen Unternehmen \u00fcberhaupt. Es wurde im Jahre 1886 von den 3 Br\u00fcdern Robert Wood, James Wood und Eward Mead gegr\u00fcndet. Bekannt wurde das Unternehmen durch seine Pflaster. Mittlerweile kann man sagen, das jeder Mensch etwas von Johnson &amp; Johnson im Haushalt. Hier ein kleiner \u00dcberblick \u00fcber die in &hellip; <\/p>\n<p class=\"link-more\"><a href=\"https:\/\/veschber.myds.me\/wordpress\/johnson-johnson\" class=\"more-link\"><span class=\"screen-reader-text\">\u201eJohnson &#038; Johnson\u201c <\/span>weiterlesen<\/a><\/p>\n","protected":false},"author":1,"featured_media":0,"parent":0,"menu_order":0,"comment_status":"closed","ping_status":"closed","template":"","meta":{"inline_featured_image":false,"ngg_post_thumbnail":0,"footnotes":""},"class_list":["post-2987","page","type-page","status-publish","hentry"],"_links":{"self":[{"href":"https:\/\/veschber.myds.me\/wordpress\/wp-json\/wp\/v2\/pages\/2987","targetHints":{"allow":["GET"]}}],"collection":[{"href":"https:\/\/veschber.myds.me\/wordpress\/wp-json\/wp\/v2\/pages"}],"about":[{"href":"https:\/\/veschber.myds.me\/wordpress\/wp-json\/wp\/v2\/types\/page"}],"author":[{"embeddable":true,"href":"https:\/\/veschber.myds.me\/wordpress\/wp-json\/wp\/v2\/users\/1"}],"replies":[{"embeddable":true,"href":"https:\/\/veschber.myds.me\/wordpress\/wp-json\/wp\/v2\/comments?post=2987"}],"version-history":[{"count":10,"href":"https:\/\/veschber.myds.me\/wordpress\/wp-json\/wp\/v2\/pages\/2987\/revisions"}],"predecessor-version":[{"id":3025,"href":"https:\/\/veschber.myds.me\/wordpress\/wp-json\/wp\/v2\/pages\/2987\/revisions\/3025"}],"wp:attachment":[{"href":"https:\/\/veschber.myds.me\/wordpress\/wp-json\/wp\/v2\/media?parent=2987"}],"curies":[{"name":"wp","href":"https:\/\/api.w.org\/{rel}","templated":true}]}}