{"id":3003,"date":"2018-10-07T10:04:50","date_gmt":"2018-10-07T08:04:50","guid":{"rendered":"https:\/\/veschber.myds.me\/wordpress\/?page_id=3003"},"modified":"2018-10-07T16:52:25","modified_gmt":"2018-10-07T14:52:25","slug":"cummins-inc","status":"publish","type":"page","link":"https:\/\/veschber.myds.me\/wordpress\/cummins-inc","title":{"rendered":"Cummins Inc."},"content":{"rendered":"\n<div class=\"wp-block-image\"><figure class=\"aligncenter is-resized\"><img loading=\"lazy\" decoding=\"async\" src=\"https:\/\/veschber.myds.me:443\/wordpress\/wp-content\/uploads\/2018\/10\/Cummins_logo.svg\" alt=\"\" class=\"wp-image-3020\" width=\"188\" height=\"173\"\/><\/figure><\/div>\n\n\n\n<p>Cummins ist im Jahre 1919 von Clessie Cummins gegr\u00fcndet worden. Er begann bereits im Alter von 11 Jahren Dampfmaschinen zu bauen, ehe er sich sp\u00e4ter den Verbrennungsmotoren widmete. Seither ist Cummins dabei Dieselmotoren f\u00fcr diverse Einsatzzwecke auf der ganzen Welt zu entwickeln und zu bauen. Anbei noch 2 Videos aus der Anfangszeit von Cummins.<\/p>\n\n\n\n<figure class=\"wp-block-embed-youtube wp-block-embed is-type-video is-provider-youtube wp-has-aspect-ratio wp-embed-aspect-4-3\"><div class=\"wp-block-embed__wrapper\">\n<iframe loading=\"lazy\" title=\"Cummins History: 1935 Diesel Passenger Car\" width=\"525\" height=\"394\" src=\"https:\/\/www.youtube.com\/embed\/XOKSr5HFwOg?feature=oembed\" frameborder=\"0\" allow=\"accelerometer; autoplay; clipboard-write; encrypted-media; gyroscope; picture-in-picture; web-share\" referrerpolicy=\"strict-origin-when-cross-origin\" allowfullscreen><\/iframe>\n<\/div><figcaption> <br\/>Im Jahr 1935 begann Clessie Cummins, einmal mehr Barrieren zu durchbrechen, die f\u00fcr Dieselmotoren bisher unerreichbar waren.\u00a0Er modifizierte seinen Motor Modell A, um ihn leichter und leistungsf\u00e4higer zu machen.\u00a0<br\/>Der Motor wurde in einem Auto der Auburn Automobile Company platziert und schuf damit den ersten Diesel-Personenkraftwagen. <\/figcaption><\/figure>\n\n\n\n<figure class=\"wp-block-embed-youtube wp-block-embed is-type-video is-provider-youtube wp-has-aspect-ratio wp-embed-aspect-4-3\"><div class=\"wp-block-embed__wrapper\">\n<iframe loading=\"lazy\" title=\"Cummins History: Cummins-powered Packard at Daytona Beach, 1930\" width=\"525\" height=\"394\" src=\"https:\/\/www.youtube.com\/embed\/d7TPqVYA7ZI?start=14&#038;feature=oembed\" frameborder=\"0\" allow=\"accelerometer; autoplay; clipboard-write; encrypted-media; gyroscope; picture-in-picture; web-share\" referrerpolicy=\"strict-origin-when-cross-origin\" allowfullscreen><\/iframe>\n<\/div><figcaption>Nachdem er erfuhr, dass das britische Automobilunternehmen Sunbeam versuchen w\u00fcrde, den Geschwindigkeitsrekord der Welt an den Str\u00e4nden von Daytona, Florida, zu brechen, fuhr Clessie Cummins seinen Packard Roadster mit einem Cummins Model U Motor in den Sunshine State einige kostenlose Werbung. Cummins sorgte mit dem Versuch, im Mai den ersten offiziellen Geschwindigkeitsrekord f\u00fcr ein Dieselfahrzeug zu setzen.<\/figcaption><\/figure>\n\n\n\n<p>Die Steigerungsrate der Dividende haben in den letzten Jahren leicht nachgelassen, nach dem diese in den Jahren davor deutlich \u00fcber 20 % lagen.<\/p>\n\n\n\n<figure><iframe loading=\"lazy\" width=\"600\" height=\"371\" seamless=\"\" frameborder=\"0\" scrolling=\"no\" src=\"https:\/\/docs.google.com\/spreadsheets\/d\/e\/2PACX-1vRdhtGwXn7wzbl5TcGF7iZkGoZZpUju13yrmjNpGIDmIyjrO0bco4pTvET7bLFzDcxoLyUP7QdYDzFl\/pubchart?oid=230470334&amp;format=interactive\"><\/iframe><\/figure>\n\n\n\n<figure><iframe loading=\"lazy\" width=\"600\" height=\"371\" seamless=\"\" frameborder=\"0\" scrolling=\"no\" src=\"https:\/\/docs.google.com\/spreadsheets\/d\/e\/2PACX-1vRdhtGwXn7wzbl5TcGF7iZkGoZZpUju13yrmjNpGIDmIyjrO0bco4pTvET7bLFzDcxoLyUP7QdYDzFl\/pubchart?oid=55994616&amp;format=interactive\"><\/iframe><\/figure>\n\n\n\n<p>Anbei noch der Chart zur Aktie.<\/p>\n\n\n\n<figure class=\"wp-block-image\"><a href=\"https:\/\/www.ariva.de\/cummins-aktie\"><img decoding=\"async\" src=\"https:\/\/www.ariva.de\/chart\/images\/arivachart?secu=6610&amp;boerse_id=16&amp;t=3years&amp;displayLegend=0&amp;size=free&amp;width=720&amp;height=400&amp;antiAlias=1\" alt=\"Cummins Aktie Chart\"\/><\/a><\/figure>\n\n\n\n<p>Kursanbieter: <\/p>\n\n\n\n<figure class=\"wp-block-image\"><a href=\"http:\/\/www.ls-d.de\/\"><img decoding=\"async\" src=\"https:\/\/www.ariva.de\/i\/logo\/boersenplaetze\/16.png\" alt=\"L&amp;S RT\"\/><\/a><\/figure>\n","protected":false},"excerpt":{"rendered":"<p>Cummins ist im Jahre 1919 von Clessie Cummins gegr\u00fcndet worden. Er begann bereits im Alter von 11 Jahren Dampfmaschinen zu bauen, ehe er sich sp\u00e4ter den Verbrennungsmotoren widmete. Seither ist Cummins dabei Dieselmotoren f\u00fcr diverse Einsatzzwecke auf der ganzen Welt zu entwickeln und zu bauen. Anbei noch 2 Videos aus der Anfangszeit von Cummins. Die &hellip; <\/p>\n<p class=\"link-more\"><a href=\"https:\/\/veschber.myds.me\/wordpress\/cummins-inc\" class=\"more-link\"><span class=\"screen-reader-text\">\u201eCummins Inc.\u201c <\/span>weiterlesen<\/a><\/p>\n","protected":false},"author":1,"featured_media":0,"parent":0,"menu_order":0,"comment_status":"closed","ping_status":"closed","template":"","meta":{"inline_featured_image":false,"ngg_post_thumbnail":0,"footnotes":""},"class_list":["post-3003","page","type-page","status-publish","hentry"],"_links":{"self":[{"href":"https:\/\/veschber.myds.me\/wordpress\/wp-json\/wp\/v2\/pages\/3003","targetHints":{"allow":["GET"]}}],"collection":[{"href":"https:\/\/veschber.myds.me\/wordpress\/wp-json\/wp\/v2\/pages"}],"about":[{"href":"https:\/\/veschber.myds.me\/wordpress\/wp-json\/wp\/v2\/types\/page"}],"author":[{"embeddable":true,"href":"https:\/\/veschber.myds.me\/wordpress\/wp-json\/wp\/v2\/users\/1"}],"replies":[{"embeddable":true,"href":"https:\/\/veschber.myds.me\/wordpress\/wp-json\/wp\/v2\/comments?post=3003"}],"version-history":[{"count":6,"href":"https:\/\/veschber.myds.me\/wordpress\/wp-json\/wp\/v2\/pages\/3003\/revisions"}],"predecessor-version":[{"id":3022,"href":"https:\/\/veschber.myds.me\/wordpress\/wp-json\/wp\/v2\/pages\/3003\/revisions\/3022"}],"wp:attachment":[{"href":"https:\/\/veschber.myds.me\/wordpress\/wp-json\/wp\/v2\/media?parent=3003"}],"curies":[{"name":"wp","href":"https:\/\/api.w.org\/{rel}","templated":true}]}}