{"id":3010,"date":"2018-10-07T16:45:30","date_gmt":"2018-10-07T14:45:30","guid":{"rendered":"https:\/\/veschber.myds.me\/wordpress\/?page_id=3010"},"modified":"2022-07-23T07:52:32","modified_gmt":"2022-07-23T05:52:32","slug":"altria","status":"publish","type":"page","link":"https:\/\/veschber.myds.me\/wordpress\/altria","title":{"rendered":"Altria"},"content":{"rendered":"<div class=\"wp-block-image\">\n<figure class=\"aligncenter\"><img loading=\"lazy\" decoding=\"async\" width=\"984\" height=\"375\" src=\"https:\/\/veschber.myds.me:443\/wordpress\/wp-content\/uploads\/2018\/10\/Altria_Logo_Color.jpg\" alt=\"\" class=\"wp-image-3011\" srcset=\"https:\/\/veschber.myds.me:443\/wordpress\/wp-content\/uploads\/2018\/10\/Altria_Logo_Color.jpg 984w, https:\/\/veschber.myds.me:443\/wordpress\/wp-content\/uploads\/2018\/10\/Altria_Logo_Color-300x114.jpg 300w, https:\/\/veschber.myds.me:443\/wordpress\/wp-content\/uploads\/2018\/10\/Altria_Logo_Color-768x293.jpg 768w\" sizes=\"auto, (max-width: 767px) 89vw, (max-width: 1000px) 54vw, (max-width: 1071px) 543px, 580px\" \/><\/figure>\n<\/div>\n\n\n<p>Alles begann im Jahre 1822 in Pittsburgh. Damals gr\u00fcndete George Weyman einen Zigarettenladen, aus dem sich sp\u00e4ter das weltweite Zigarettenkonglomerat Altria bildete.<\/p>\n\n\n\n<figure class=\"wp-block-image\"><img loading=\"lazy\" decoding=\"async\" width=\"900\" height=\"225\" src=\"https:\/\/veschber.myds.me:443\/wordpress\/wp-content\/uploads\/2018\/10\/PMUSA_Logo_Color.jpg\" alt=\"\" class=\"wp-image-3012\" srcset=\"https:\/\/veschber.myds.me:443\/wordpress\/wp-content\/uploads\/2018\/10\/PMUSA_Logo_Color.jpg 900w, https:\/\/veschber.myds.me:443\/wordpress\/wp-content\/uploads\/2018\/10\/PMUSA_Logo_Color-300x75.jpg 300w, https:\/\/veschber.myds.me:443\/wordpress\/wp-content\/uploads\/2018\/10\/PMUSA_Logo_Color-768x192.jpg 768w\" sizes=\"auto, (max-width: 767px) 89vw, (max-width: 1000px) 54vw, (max-width: 1071px) 543px, 580px\" \/><\/figure>\n\n\n\n<p>Hierf\u00fcr kaufte oder verschmolzen sich diverse Firmen miteinander. Unter anderem auch Philip Morris. Diese wurde im Jahre 1987 augeteilt in die PhilipMorris USA und Philip Morris Int. Diese wurde Ende M\u00e4rz 2008 aus Altria herausgel\u00f6st und an die Aktion\u00e4re \/ B\u00f6rse gebracht. Seither ist Altria nur noch Eigent\u00fcmer von PhilipMorris USA.&nbsp; <br>&nbsp;Im Jahre 2007 wurde auch Kraft Foods aus dem Unternehmen ausgegliedert und an die Aktion\u00e4re &#8222;verschenkt&#8220;. <\/p>\n\n\n\n<figure class=\"wp-block-image\"><img loading=\"lazy\" decoding=\"async\" width=\"1445\" height=\"496\" src=\"https:\/\/veschber.myds.me:443\/wordpress\/wp-content\/uploads\/2018\/10\/Middleton_Logo_Color.jpg\" alt=\"\" class=\"wp-image-3013\" srcset=\"https:\/\/veschber.myds.me:443\/wordpress\/wp-content\/uploads\/2018\/10\/Middleton_Logo_Color.jpg 1445w, https:\/\/veschber.myds.me:443\/wordpress\/wp-content\/uploads\/2018\/10\/Middleton_Logo_Color-300x103.jpg 300w, https:\/\/veschber.myds.me:443\/wordpress\/wp-content\/uploads\/2018\/10\/Middleton_Logo_Color-768x264.jpg 768w, https:\/\/veschber.myds.me:443\/wordpress\/wp-content\/uploads\/2018\/10\/Middleton_Logo_Color-1024x351.jpg 1024w\" sizes=\"auto, (max-width: 767px) 89vw, (max-width: 1000px) 54vw, (max-width: 1071px) 543px, 580px\" \/><\/figure>\n\n\n\n<p>Im Jahre 2007 erwarb Altria die Firma John Middleton von privaten Eignern. Sie stellt Zigarren und Tabak f\u00fcr Pfeifen her.<\/p>\n\n\n\n<figure class=\"wp-block-image\"><img loading=\"lazy\" decoding=\"async\" width=\"1502\" height=\"527\" src=\"https:\/\/veschber.myds.me:443\/wordpress\/wp-content\/uploads\/2018\/10\/USST_Logo_Color.jpg\" alt=\"\" class=\"wp-image-3014\" srcset=\"https:\/\/veschber.myds.me:443\/wordpress\/wp-content\/uploads\/2018\/10\/USST_Logo_Color.jpg 1502w, https:\/\/veschber.myds.me:443\/wordpress\/wp-content\/uploads\/2018\/10\/USST_Logo_Color-300x105.jpg 300w, https:\/\/veschber.myds.me:443\/wordpress\/wp-content\/uploads\/2018\/10\/USST_Logo_Color-768x269.jpg 768w, https:\/\/veschber.myds.me:443\/wordpress\/wp-content\/uploads\/2018\/10\/USST_Logo_Color-1024x359.jpg 1024w\" sizes=\"auto, (max-width: 767px) 89vw, (max-width: 1000px) 54vw, (max-width: 1071px) 543px, 580px\" \/><\/figure>\n\n\n\n<p>Im Jahre 2009 wurde dann U.S. Smokeless incl. der Weintochter (Ste. Michelle) aufgekaut. Seither bietet Altria auch Weine an. U.S. Smokeless bietet Schnupf- und Kautabak an.<\/p>\n\n\n\n<p>Somit steckt in Altria zwar noch viel Tabak, aber der ist nur noch amerikanisch. Desweiteren ist Altria einer der gr\u00f6\u00dften Anteilseigner bei AnheuserBusch InBev.<\/p>\n\n\n\n<p>Anbei die Entwicklung der Dividenden und meiner Anteile in den letzten Jahren.<\/p>\n\n\n\n<figure><iframe loading=\"lazy\" width=\"620\" height=\"400\" seamless=\"\" frameborder=\"0\" scrolling=\"no\" src=\"https:\/\/docs.google.com\/spreadsheets\/d\/e\/2PACX-1vRdhtGwXn7wzbl5TcGF7iZkGoZZpUju13yrmjNpGIDmIyjrO0bco4pTvET7bLFzDcxoLyUP7QdYDzFl\/pubchart?oid=1051124579&amp;format=interactive\"><\/iframe><\/figure>\n\n\n\n<figure><iframe loading=\"lazy\" width=\"620\" height=\"400\" seamless=\"\" frameborder=\"0\" scrolling=\"no\" src=\"https:\/\/docs.google.com\/spreadsheets\/d\/e\/2PACX-1vRdhtGwXn7wzbl5TcGF7iZkGoZZpUju13yrmjNpGIDmIyjrO0bco4pTvET7bLFzDcxoLyUP7QdYDzFl\/pubchart?oid=244856682&amp;format=interactive\"><\/iframe><\/figure>\n\n\n\n<p>Anbei noch der Aktienchart der vergangen Jahre<\/p>\n\n\n\n<iframe loading=\"lazy\" width=\"600\" height=\"371\" seamless frameborder=\"0\" scrolling=\"no\" src=\"https:\/\/docs.google.com\/spreadsheets\/d\/e\/2PACX-1vStw6b26eIlkgOBeENf1A1ve1XX1mK6eElUypCVBi55WB7ROa2PvTyEHVPhcSaVPZ9PgcY25PmpqAJz\/pubchart?oid=1979226658&amp;format=interactive\"><\/iframe>\n","protected":false},"excerpt":{"rendered":"<p>Alles begann im Jahre 1822 in Pittsburgh. Damals gr\u00fcndete George Weyman einen Zigarettenladen, aus dem sich sp\u00e4ter das weltweite Zigarettenkonglomerat Altria bildete. Hierf\u00fcr kaufte oder verschmolzen sich diverse Firmen miteinander. Unter anderem auch Philip Morris. Diese wurde im Jahre 1987 augeteilt in die PhilipMorris USA und Philip Morris Int. Diese wurde Ende M\u00e4rz 2008 aus &hellip; <\/p>\n<p class=\"link-more\"><a href=\"https:\/\/veschber.myds.me\/wordpress\/altria\" class=\"more-link\"><span class=\"screen-reader-text\">\u201eAltria\u201c <\/span>weiterlesen<\/a><\/p>\n","protected":false},"author":1,"featured_media":0,"parent":0,"menu_order":0,"comment_status":"closed","ping_status":"closed","template":"","meta":{"inline_featured_image":false,"ngg_post_thumbnail":0,"footnotes":""},"class_list":["post-3010","page","type-page","status-publish","hentry"],"_links":{"self":[{"href":"https:\/\/veschber.myds.me\/wordpress\/wp-json\/wp\/v2\/pages\/3010","targetHints":{"allow":["GET"]}}],"collection":[{"href":"https:\/\/veschber.myds.me\/wordpress\/wp-json\/wp\/v2\/pages"}],"about":[{"href":"https:\/\/veschber.myds.me\/wordpress\/wp-json\/wp\/v2\/types\/page"}],"author":[{"embeddable":true,"href":"https:\/\/veschber.myds.me\/wordpress\/wp-json\/wp\/v2\/users\/1"}],"replies":[{"embeddable":true,"href":"https:\/\/veschber.myds.me\/wordpress\/wp-json\/wp\/v2\/comments?post=3010"}],"version-history":[{"count":4,"href":"https:\/\/veschber.myds.me\/wordpress\/wp-json\/wp\/v2\/pages\/3010\/revisions"}],"predecessor-version":[{"id":4677,"href":"https:\/\/veschber.myds.me\/wordpress\/wp-json\/wp\/v2\/pages\/3010\/revisions\/4677"}],"wp:attachment":[{"href":"https:\/\/veschber.myds.me\/wordpress\/wp-json\/wp\/v2\/media?parent=3010"}],"curies":[{"name":"wp","href":"https:\/\/api.w.org\/{rel}","templated":true}]}}