{"id":3042,"date":"2018-10-14T09:12:04","date_gmt":"2018-10-14T07:12:04","guid":{"rendered":"https:\/\/veschber.myds.me\/wordpress\/?page_id=3042"},"modified":"2020-01-01T15:44:28","modified_gmt":"2020-01-01T14:44:28","slug":"pfizer","status":"publish","type":"page","link":"https:\/\/veschber.myds.me\/wordpress\/pfizer","title":{"rendered":"Pfizer"},"content":{"rendered":"\n<figure class=\"wp-block-image\"><img loading=\"lazy\" decoding=\"async\" width=\"1339\" height=\"1080\" src=\"https:\/\/veschber.myds.me:443\/wordpress\/wp-content\/uploads\/2018\/10\/pfizer_rgb_pos_360px.jpg\" alt=\"\" class=\"wp-image-3043\" srcset=\"https:\/\/veschber.myds.me:443\/wordpress\/wp-content\/uploads\/2018\/10\/pfizer_rgb_pos_360px.jpg 1339w, https:\/\/veschber.myds.me:443\/wordpress\/wp-content\/uploads\/2018\/10\/pfizer_rgb_pos_360px-300x242.jpg 300w, https:\/\/veschber.myds.me:443\/wordpress\/wp-content\/uploads\/2018\/10\/pfizer_rgb_pos_360px-768x619.jpg 768w, https:\/\/veschber.myds.me:443\/wordpress\/wp-content\/uploads\/2018\/10\/pfizer_rgb_pos_360px-1024x826.jpg 1024w\" sizes=\"auto, (max-width: 767px) 89vw, (max-width: 1000px) 54vw, (max-width: 1071px) 543px, 580px\" \/><\/figure>\n\n\n\n<p>Die Firma Pfizer wurde 1849 von zwei deutschen Auswanderern&nbsp;Karl Pfizer (aus Ludwigsburg) und Karl Erhart gegr\u00fcndet. Im beigef\u00fcgten Anhang kann man sich die 60-j\u00e4hrige Geschichte von Pfizer in Deutschland ab 1958 anschauen.<\/p>\n\n\n<a href=\"https:\/\/veschber.myds.me:443\/wordpress\/wp-content\/uploads\/2018\/10\/Zeitstrahl_60-Jahre_Pfizer-in-Deutschland.pdf\" class=\"pdfemb-viewer\" style=\"\" data-width=\"max\" data-height=\"max\" data-toolbar=\"bottom\" data-toolbar-fixed=\"on\">Zeitstrahl_60-Jahre_Pfizer-in-Deutschland<\/a>\n<p class=\"wp-block-pdfemb-pdf-embedder-viewer\"><\/p>\n\n\n\n<p>Die Firma Pfizer entwickelt und vertreibt Medikamente und ist das gr\u00f6\u00dfte Pharmaunternehmen der Welt. Aufgrund der \u00dcbernahme der Firma Wyeth im Jahre wurde die Dividende bei Pfizer recht radikal gek\u00fcrzt um die \u00dcbernahme finanzieren zu k\u00f6nnen. Mittlerweile ist Pfizer jedoch, bei der Dividendenzahlung wieder da angekommen.<\/p>\n\n\n\n<figure><iframe loading=\"lazy\" width=\"600\" height=\"371\" seamless=\"\" frameborder=\"0\" scrolling=\"no\" src=\"https:\/\/docs.google.com\/spreadsheets\/d\/e\/2PACX-1vRdhtGwXn7wzbl5TcGF7iZkGoZZpUju13yrmjNpGIDmIyjrO0bco4pTvET7bLFzDcxoLyUP7QdYDzFl\/pubchart?oid=1575731997&amp;format=interactive\"><\/iframe><\/figure>\n<iframe loading=\"lazy\" width=\"600\" height=\"371\" seamless=\"\" frameborder=\"0\" scrolling=\"no\" src=\"https:\/\/docs.google.com\/spreadsheets\/d\/e\/2PACX-1vRdhtGwXn7wzbl5TcGF7iZkGoZZpUju13yrmjNpGIDmIyjrO0bco4pTvET7bLFzDcxoLyUP7QdYDzFl\/pubchart?oid=663640994&amp;format=interactive\"><\/iframe>\n\n\n\n<h2 class=\"wp-block-heading\">Pfizer Aktie<\/h2>\n\n\n\n<figure class=\"wp-block-image\"><a href=\"https:\/\/www.ariva.de\/pfizer-aktie\"><img decoding=\"async\" src=\"https:\/\/www.ariva.de\/chart\/images\/arivachart?secu=1239&amp;boerse_id=16&amp;t=3years&amp;displayLegend=0&amp;size=free&amp;width=720&amp;height=400&amp;antiAlias=1\" alt=\"Pfizer Aktie Chart\"\/><\/a><\/figure>\n\n\n\n<p>Kursanbieter: <\/p>\n\n\n\n<figure class=\"wp-block-image\"><a href=\"http:\/\/www.ls-d.de\/\"><img decoding=\"async\" src=\"https:\/\/www.ariva.de\/i\/logo\/boersenplaetze\/16.png\" alt=\"L&amp;S RT\"\/><\/a><\/figure>\n\n\n\n<p>Bildnachweis: (C) Pfizer Deutschland GmbH<\/p>\n\n\n\n<p><a href=\"https:\/\/www.pfizer.de\/presse\/bilder-grafiken\/?tx_yag_pi1%5Bc30549%5D%5BalbumUid%5D=19&amp;tx_yag_pi1%5Baction%5D=submitFilter&amp;tx_yag_pi1%5Bcontroller%5D=ItemList&amp;cHash=9c55b4a0d9e93e15eebaa641af3692ca\">Link<\/a><\/p>\n","protected":false},"excerpt":{"rendered":"<p>Die Firma Pfizer wurde 1849 von zwei deutschen Auswanderern&nbsp;Karl Pfizer (aus Ludwigsburg) und Karl Erhart gegr\u00fcndet. Im beigef\u00fcgten Anhang kann man sich die 60-j\u00e4hrige Geschichte von Pfizer in Deutschland ab 1958 anschauen. Die Firma Pfizer entwickelt und vertreibt Medikamente und ist das gr\u00f6\u00dfte Pharmaunternehmen der Welt. Aufgrund der \u00dcbernahme der Firma Wyeth im Jahre wurde &hellip; <\/p>\n<p class=\"link-more\"><a href=\"https:\/\/veschber.myds.me\/wordpress\/pfizer\" class=\"more-link\"><span class=\"screen-reader-text\">\u201ePfizer\u201c <\/span>weiterlesen<\/a><\/p>\n","protected":false},"author":1,"featured_media":0,"parent":0,"menu_order":0,"comment_status":"closed","ping_status":"closed","template":"","meta":{"inline_featured_image":false,"ngg_post_thumbnail":0,"footnotes":""},"class_list":["post-3042","page","type-page","status-publish","hentry"],"_links":{"self":[{"href":"https:\/\/veschber.myds.me\/wordpress\/wp-json\/wp\/v2\/pages\/3042","targetHints":{"allow":["GET"]}}],"collection":[{"href":"https:\/\/veschber.myds.me\/wordpress\/wp-json\/wp\/v2\/pages"}],"about":[{"href":"https:\/\/veschber.myds.me\/wordpress\/wp-json\/wp\/v2\/types\/page"}],"author":[{"embeddable":true,"href":"https:\/\/veschber.myds.me\/wordpress\/wp-json\/wp\/v2\/users\/1"}],"replies":[{"embeddable":true,"href":"https:\/\/veschber.myds.me\/wordpress\/wp-json\/wp\/v2\/comments?post=3042"}],"version-history":[{"count":4,"href":"https:\/\/veschber.myds.me\/wordpress\/wp-json\/wp\/v2\/pages\/3042\/revisions"}],"predecessor-version":[{"id":3754,"href":"https:\/\/veschber.myds.me\/wordpress\/wp-json\/wp\/v2\/pages\/3042\/revisions\/3754"}],"wp:attachment":[{"href":"https:\/\/veschber.myds.me\/wordpress\/wp-json\/wp\/v2\/media?parent=3042"}],"curies":[{"name":"wp","href":"https:\/\/api.w.org\/{rel}","templated":true}]}}