{"id":3079,"date":"2018-10-21T09:14:02","date_gmt":"2018-10-21T07:14:02","guid":{"rendered":"https:\/\/veschber.myds.me\/wordpress\/?page_id=3079"},"modified":"2024-05-04T10:00:18","modified_gmt":"2024-05-04T08:00:18","slug":"kellogg-company","status":"publish","type":"page","link":"https:\/\/veschber.myds.me\/wordpress\/kellogg-company","title":{"rendered":"Kellanova"},"content":{"rendered":"\n<figure class=\"wp-block-image size-large\"><a href=\"https:\/\/veschber.myds.me:443\/wordpress\/wp-content\/uploads\/2024\/05\/Kellanova_logo.svg.png\"><img loading=\"lazy\" decoding=\"async\" width=\"1024\" height=\"260\" src=\"https:\/\/veschber.myds.me:443\/wordpress\/wp-content\/uploads\/2024\/05\/Kellanova_logo.svg-1024x260.png\" alt=\"\" class=\"wp-image-5208\" srcset=\"https:\/\/veschber.myds.me:443\/wordpress\/wp-content\/uploads\/2024\/05\/Kellanova_logo.svg-1024x260.png 1024w, https:\/\/veschber.myds.me:443\/wordpress\/wp-content\/uploads\/2024\/05\/Kellanova_logo.svg-300x76.png 300w, https:\/\/veschber.myds.me:443\/wordpress\/wp-content\/uploads\/2024\/05\/Kellanova_logo.svg-768x195.png 768w, https:\/\/veschber.myds.me:443\/wordpress\/wp-content\/uploads\/2024\/05\/Kellanova_logo.svg-1536x389.png 1536w, https:\/\/veschber.myds.me:443\/wordpress\/wp-content\/uploads\/2024\/05\/Kellanova_logo.svg-2048x519.png 2048w\" sizes=\"auto, (max-width: 767px) 89vw, (max-width: 1000px) 54vw, (max-width: 1071px) 543px, 580px\" \/><\/a><\/figure>\n\n\n\n<p>Bereits seit mehr als 100 Jahren werden Cornflakes in den USA hergestellt. Seit 1922 gibt es die Kellogg Company, welche bereits 1906 unten dem Namen&nbsp;Battle Creek Toasted Corn Flake Company gegr\u00fcndet wurde. Gr\u00fcnder waren die Br\u00fcder Will Keith Kellogg und John Harvey Kellogg.<\/p>\n\n\n\n<p>In den letzten Jahren \u00fcbernahm Kellogg einige andere mehr oder minder gro\u00dfe Unternehmen, um seine Marktstellung zu behaupten. So wurde im Jahre 2012 Pringles von Procter &amp; Gamble erworben. Im Jahre 2016 wurde in \u00d6sterreich die Vita+ Naturprodukte zu 51% \u00fcbernommen. Durch diese \u00dcbernahmen wurde Kellogg auch einer der gr\u00f6\u00dften Produzenten von Knabbergeb\u00e4ck. In 2017 wurde noch ein Hersteller von M\u00fcslisnacks (rxbar) \u00fcbernommen. Im Jahre 2018 wurde eine Option aus 2015 (Gr\u00fcndung des Joint Venture Kellogg Tolaram) ausge\u00fcbt um Tolaram Asia Foods mehr Mitsprache zu erhalten.<\/p>\n\n\n\n<p>Im Jahre 2023 fand eine Aufspaltung von Kellogg statt, in die beiden Firmen Kellanova und WK Kellogg. Da dieser Teil der Aufspaltung der gr\u00f6\u00dfere ist, f\u00fchre ich die Dividenden und Aktienk\u00e4ufe fort. Ab sofort unter Kellanova.<\/p>\n\n\n\n<p>Meine Anteile und die Dividenden daraus.<\/p>\n\n\n\n<figure><iframe loading=\"lazy\" width=\"600\" height=\"371\" seamless=\"\" frameborder=\"0\" scrolling=\"no\" src=\"https:\/\/docs.google.com\/spreadsheets\/d\/e\/2PACX-1vRdhtGwXn7wzbl5TcGF7iZkGoZZpUju13yrmjNpGIDmIyjrO0bco4pTvET7bLFzDcxoLyUP7QdYDzFl\/pubchart?oid=246927486&amp;format=interactive\"><\/iframe><\/figure>\n\n\n\n<p>Die Entwicklung der Dividenden.<\/p>\n\n\n\n<figure><iframe loading=\"lazy\" width=\"600\" height=\"371\" seamless=\"\" frameborder=\"0\" scrolling=\"no\" src=\"https:\/\/docs.google.com\/spreadsheets\/d\/e\/2PACX-1vRdhtGwXn7wzbl5TcGF7iZkGoZZpUju13yrmjNpGIDmIyjrO0bco4pTvET7bLFzDcxoLyUP7QdYDzFl\/pubchart?oid=834969367&amp;format=interactive\"><\/iframe><\/figure>\n\n\n\n<p><\/p>\n","protected":false},"excerpt":{"rendered":"<p>Bereits seit mehr als 100 Jahren werden Cornflakes in den USA hergestellt. Seit 1922 gibt es die Kellogg Company, welche bereits 1906 unten dem Namen&nbsp;Battle Creek Toasted Corn Flake Company gegr\u00fcndet wurde. Gr\u00fcnder waren die Br\u00fcder Will Keith Kellogg und John Harvey Kellogg. In den letzten Jahren \u00fcbernahm Kellogg einige andere mehr oder minder gro\u00dfe &hellip; <\/p>\n<p class=\"link-more\"><a href=\"https:\/\/veschber.myds.me\/wordpress\/kellogg-company\" class=\"more-link\"><span class=\"screen-reader-text\">\u201eKellanova\u201c <\/span>weiterlesen<\/a><\/p>\n","protected":false},"author":1,"featured_media":0,"parent":0,"menu_order":0,"comment_status":"closed","ping_status":"closed","template":"","meta":{"inline_featured_image":false,"ngg_post_thumbnail":0,"footnotes":""},"class_list":["post-3079","page","type-page","status-publish","hentry"],"_links":{"self":[{"href":"https:\/\/veschber.myds.me\/wordpress\/wp-json\/wp\/v2\/pages\/3079","targetHints":{"allow":["GET"]}}],"collection":[{"href":"https:\/\/veschber.myds.me\/wordpress\/wp-json\/wp\/v2\/pages"}],"about":[{"href":"https:\/\/veschber.myds.me\/wordpress\/wp-json\/wp\/v2\/types\/page"}],"author":[{"embeddable":true,"href":"https:\/\/veschber.myds.me\/wordpress\/wp-json\/wp\/v2\/users\/1"}],"replies":[{"embeddable":true,"href":"https:\/\/veschber.myds.me\/wordpress\/wp-json\/wp\/v2\/comments?post=3079"}],"version-history":[{"count":6,"href":"https:\/\/veschber.myds.me\/wordpress\/wp-json\/wp\/v2\/pages\/3079\/revisions"}],"predecessor-version":[{"id":5210,"href":"https:\/\/veschber.myds.me\/wordpress\/wp-json\/wp\/v2\/pages\/3079\/revisions\/5210"}],"wp:attachment":[{"href":"https:\/\/veschber.myds.me\/wordpress\/wp-json\/wp\/v2\/media?parent=3079"}],"curies":[{"name":"wp","href":"https:\/\/api.w.org\/{rel}","templated":true}]}}