{"id":3100,"date":"2018-10-21T17:53:04","date_gmt":"2018-10-21T15:53:04","guid":{"rendered":"https:\/\/veschber.myds.me\/wordpress\/?page_id=3100"},"modified":"2018-10-22T07:40:15","modified_gmt":"2018-10-22T05:40:15","slug":"mondelez-international","status":"publish","type":"page","link":"https:\/\/veschber.myds.me\/wordpress\/mondelez-international","title":{"rendered":"Mondelez International, Inc."},"content":{"rendered":"\n<figure class=\"wp-block-image\"><img loading=\"lazy\" decoding=\"async\" width=\"763\" height=\"252\" src=\"https:\/\/veschber.myds.me:443\/wordpress\/wp-content\/uploads\/2018\/10\/mondelez.jpg\" alt=\"\" class=\"wp-image-3103\" srcset=\"https:\/\/veschber.myds.me:443\/wordpress\/wp-content\/uploads\/2018\/10\/mondelez.jpg 763w, https:\/\/veschber.myds.me:443\/wordpress\/wp-content\/uploads\/2018\/10\/mondelez-300x99.jpg 300w\" sizes=\"auto, (max-width: 706px) 89vw, (max-width: 767px) 82vw, 740px\" \/><\/figure>\n\n\n\n<p>Mondelez International, Inc. ist hervorgegangen aus Kraft Foods, Umbenennung und Abspaltung des internationalen Gesch\u00e4ftes von Kraft. Die bekanntesten Marken des Unternehmens in Deutschland sind im S\u00fc\u00dfwarenbereich Milka Schokolade, Toblerone und Oreo Kekse, sowie im Kaffeemarkt Jacobs und Tassimo &amp; mit Philadelphia Frischk\u00e4se.<\/p>\n\n\n\n<p>Die Entwicklung nach Abspaltung von Altria und der Ausgliederung, sah einen starken Ver\u00e4nderungsprozess vor. \u00dcbernahme von Cadbury S\u00fc\u00dfwaren und Einbringung der Kaffeeaktivit\u00e4ten in ein Joint Venture mit der Familie Reimann.<\/p>\n\n\n\n<p>Die Entwicklung der Dividenden<\/p>\n\n\n\n<figure><iframe loading=\"lazy\" width=\"600\" height=\"371\" seamless=\"\" frameborder=\"0\" scrolling=\"no\" src=\"https:\/\/docs.google.com\/spreadsheets\/d\/e\/2PACX-1vRdhtGwXn7wzbl5TcGF7iZkGoZZpUju13yrmjNpGIDmIyjrO0bco4pTvET7bLFzDcxoLyUP7QdYDzFl\/pubchart?oid=1495331998&amp;format=interactive\"><\/iframe><\/figure>\n\n\n\n<p>Die Entwicklung der Einnahmen<\/p>\n\n\n\n<figure><iframe loading=\"lazy\" width=\"600\" height=\"371\" seamless=\"\" frameborder=\"0\" scrolling=\"no\" src=\"https:\/\/docs.google.com\/spreadsheets\/d\/e\/2PACX-1vRdhtGwXn7wzbl5TcGF7iZkGoZZpUju13yrmjNpGIDmIyjrO0bco4pTvET7bLFzDcxoLyUP7QdYDzFl\/pubchart?oid=1680776197&amp;format=interactive\"><\/iframe><\/figure>\n\n\n\n<h4 class=\"wp-block-heading\">Mondelez International Aktie<\/h4>\n\n\n\n<figure class=\"wp-block-image\"><a href=\"https:\/\/www.ariva.de\/mondelez_international-aktie\"><img decoding=\"async\" src=\"https:\/\/www.ariva.de\/chart\/images\/arivachart?secu=109311511&amp;boerse_id=16&amp;t=3years&amp;displayLegend=0&amp;size=free&amp;width=720&amp;height=400&amp;antiAlias=1\" alt=\"Mondelez International Aktie Chart\"\/><\/a><\/figure>\n\n\n\n<p>Kursanbieter: <\/p>\n\n\n\n<figure class=\"wp-block-image\"><a href=\"http:\/\/www.ls-d.de\/\"><img decoding=\"async\" src=\"https:\/\/www.ariva.de\/i\/logo\/boersenplaetze\/16.png\" alt=\"L&amp;S RT\"\/><\/a><\/figure>\n\n\n\n<p>Die <a href=\"https:\/\/ir.mondelezinternational.com\/stock-information\/dividend-info\">Dividendenentwicklung <\/a>sowie die <a href=\"https:\/\/www.ariva.de\/mondelez_international-aktie\/bilanz-guv\">Kennzahlen <\/a>des Unternehmens.<\/p>\n","protected":false},"excerpt":{"rendered":"<p>Mondelez International, Inc. ist hervorgegangen aus Kraft Foods, Umbenennung und Abspaltung des internationalen Gesch\u00e4ftes von Kraft. Die bekanntesten Marken des Unternehmens in Deutschland sind im S\u00fc\u00dfwarenbereich Milka Schokolade, Toblerone und Oreo Kekse, sowie im Kaffeemarkt Jacobs und Tassimo &amp; mit Philadelphia Frischk\u00e4se. Die Entwicklung nach Abspaltung von Altria und der Ausgliederung, sah einen starken Ver\u00e4nderungsprozess &hellip; <\/p>\n<p class=\"link-more\"><a href=\"https:\/\/veschber.myds.me\/wordpress\/mondelez-international\" class=\"more-link\"><span class=\"screen-reader-text\">\u201eMondelez International, Inc.\u201c <\/span>weiterlesen<\/a><\/p>\n","protected":false},"author":1,"featured_media":0,"parent":0,"menu_order":0,"comment_status":"closed","ping_status":"closed","template":"","meta":{"inline_featured_image":false,"ngg_post_thumbnail":0,"footnotes":""},"class_list":["post-3100","page","type-page","status-publish","hentry"],"_links":{"self":[{"href":"https:\/\/veschber.myds.me\/wordpress\/wp-json\/wp\/v2\/pages\/3100","targetHints":{"allow":["GET"]}}],"collection":[{"href":"https:\/\/veschber.myds.me\/wordpress\/wp-json\/wp\/v2\/pages"}],"about":[{"href":"https:\/\/veschber.myds.me\/wordpress\/wp-json\/wp\/v2\/types\/page"}],"author":[{"embeddable":true,"href":"https:\/\/veschber.myds.me\/wordpress\/wp-json\/wp\/v2\/users\/1"}],"replies":[{"embeddable":true,"href":"https:\/\/veschber.myds.me\/wordpress\/wp-json\/wp\/v2\/comments?post=3100"}],"version-history":[{"count":8,"href":"https:\/\/veschber.myds.me\/wordpress\/wp-json\/wp\/v2\/pages\/3100\/revisions"}],"predecessor-version":[{"id":3111,"href":"https:\/\/veschber.myds.me\/wordpress\/wp-json\/wp\/v2\/pages\/3100\/revisions\/3111"}],"wp:attachment":[{"href":"https:\/\/veschber.myds.me\/wordpress\/wp-json\/wp\/v2\/media?parent=3100"}],"curies":[{"name":"wp","href":"https:\/\/api.w.org\/{rel}","templated":true}]}}