{"id":3208,"date":"2018-11-04T07:54:58","date_gmt":"2018-11-04T06:54:58","guid":{"rendered":"https:\/\/veschber.myds.me\/wordpress\/?page_id=3208"},"modified":"2018-11-04T07:54:58","modified_gmt":"2018-11-04T06:54:58","slug":"riotinto","status":"publish","type":"page","link":"https:\/\/veschber.myds.me\/wordpress\/riotinto","title":{"rendered":"RioTinto"},"content":{"rendered":"\n<figure class=\"wp-block-image\"><img loading=\"lazy\" decoding=\"async\" width=\"1024\" height=\"683\" src=\"https:\/\/veschber.myds.me:443\/wordpress\/wp-content\/uploads\/2018\/11\/8643074018_01dc20750e_o.jpg\" alt=\"\" class=\"wp-image-3210\" srcset=\"https:\/\/veschber.myds.me:443\/wordpress\/wp-content\/uploads\/2018\/11\/8643074018_01dc20750e_o.jpg 1024w, https:\/\/veschber.myds.me:443\/wordpress\/wp-content\/uploads\/2018\/11\/8643074018_01dc20750e_o-300x200.jpg 300w, https:\/\/veschber.myds.me:443\/wordpress\/wp-content\/uploads\/2018\/11\/8643074018_01dc20750e_o-768x512.jpg 768w\" sizes=\"auto, (max-width: 767px) 89vw, (max-width: 1000px) 54vw, (max-width: 1071px) 543px, 580px\" \/><figcaption><br>Copyright \u00a9 2018 Rio Tinto.<\/figcaption><\/figure>\n\n\n\n<p>Rio Tinto ist einer der drei gr\u00f6\u00dften Rohstofflieferanten \/ Bergbaukonzerne, neben <a href=\"https:\/\/veschber.myds.me\/wordpress\/bhp-billiton\">BHP <\/a>und Vale. Die Geschichte von Rio Tinto beginnt im Jahre 1873 an den roten Fluss (Rio Tinto) &#8211; Minen in Spanien, welche bereits seit 750 v. Christi R\u00f6mer und Griechen mit Kupfer versorgten.<\/p>\n\n\n\n<p> Genau wie die beiden genannten, ist Rio Tinto extrem konjunkturabh\u00e4ngig und damit ein guter Indikator f\u00fcr die Weltwirtschaft. Dies l\u00e4sst sich sehr gut am Aktienkurs und den ausgesch\u00fctteten Dividenden sehen.<\/p>\n\n\n\n<p>Die Entwicklung der Dividenden in den vergangenen Jahren ist sehr positiv (Stand 2018). Auch sieht man den Abschwung im Jahr 2008\/2009.<\/p>\n\n\n\n<figure><iframe loading=\"lazy\" width=\"600\" height=\"371\" seamless frameborder=\"0\" scrolling=\"no\" src=\"https:\/\/docs.google.com\/spreadsheets\/d\/e\/2PACX-1vRdhtGwXn7wzbl5TcGF7iZkGoZZpUju13yrmjNpGIDmIyjrO0bco4pTvET7bLFzDcxoLyUP7QdYDzFl\/pubchart?oid=504049236&amp;format=interactive\"><\/iframe><\/figure>\n\n\n\n<p>Meine Anteile und deren Dividendenentwicklung.<\/p>\n\n\n\n<figure><iframe loading=\"lazy\" width=\"600\" height=\"371\" seamless frameborder=\"0\" scrolling=\"no\" src=\"https:\/\/docs.google.com\/spreadsheets\/d\/e\/2PACX-1vRdhtGwXn7wzbl5TcGF7iZkGoZZpUju13yrmjNpGIDmIyjrO0bco4pTvET7bLFzDcxoLyUP7QdYDzFl\/pubchart?oid=463796228&amp;format=interactive\"><\/iframe><\/figure>\n\n\n\n<p>Die Aktienentwicklung der letzten 3 Jahre.<\/p>\n\n\n\n<figure class=\"wp-block-image\"><a href=\"https:\/\/www.ariva.de\/rio_tinto_plc-aktie\"><img decoding=\"async\" src=\"https:\/\/www.ariva.de\/chart\/images\/arivachart?secu=4991&amp;boerse_id=16&amp;t=3years&amp;displayLegend=0&amp;size=free&amp;width=720&amp;height=400&amp;antiAlias=1\" alt=\"Rio Tinto Plc Aktie Chart\"\/><\/a><\/figure>\n\n\n\n<p>Kursanbieter: <\/p>\n\n\n\n<figure class=\"wp-block-image\"><a href=\"http:\/\/www.ls-d.de\/\"><img decoding=\"async\" src=\"https:\/\/www.ariva.de\/i\/logo\/boersenplaetze\/16.png\" alt=\"L&amp;S RT\"\/><\/a><\/figure>\n","protected":false},"excerpt":{"rendered":"<p>Rio Tinto ist einer der drei gr\u00f6\u00dften Rohstofflieferanten \/ Bergbaukonzerne, neben BHP und Vale. Die Geschichte von Rio Tinto beginnt im Jahre 1873 an den roten Fluss (Rio Tinto) &#8211; Minen in Spanien, welche bereits seit 750 v. Christi R\u00f6mer und Griechen mit Kupfer versorgten. Genau wie die beiden genannten, ist Rio Tinto extrem konjunkturabh\u00e4ngig &hellip; <\/p>\n<p class=\"link-more\"><a href=\"https:\/\/veschber.myds.me\/wordpress\/riotinto\" class=\"more-link\"><span class=\"screen-reader-text\">\u201eRioTinto\u201c <\/span>weiterlesen<\/a><\/p>\n","protected":false},"author":1,"featured_media":0,"parent":0,"menu_order":0,"comment_status":"closed","ping_status":"closed","template":"","meta":{"inline_featured_image":false,"ngg_post_thumbnail":0,"footnotes":""},"class_list":["post-3208","page","type-page","status-publish","hentry"],"_links":{"self":[{"href":"https:\/\/veschber.myds.me\/wordpress\/wp-json\/wp\/v2\/pages\/3208","targetHints":{"allow":["GET"]}}],"collection":[{"href":"https:\/\/veschber.myds.me\/wordpress\/wp-json\/wp\/v2\/pages"}],"about":[{"href":"https:\/\/veschber.myds.me\/wordpress\/wp-json\/wp\/v2\/types\/page"}],"author":[{"embeddable":true,"href":"https:\/\/veschber.myds.me\/wordpress\/wp-json\/wp\/v2\/users\/1"}],"replies":[{"embeddable":true,"href":"https:\/\/veschber.myds.me\/wordpress\/wp-json\/wp\/v2\/comments?post=3208"}],"version-history":[{"count":2,"href":"https:\/\/veschber.myds.me\/wordpress\/wp-json\/wp\/v2\/pages\/3208\/revisions"}],"predecessor-version":[{"id":3212,"href":"https:\/\/veschber.myds.me\/wordpress\/wp-json\/wp\/v2\/pages\/3208\/revisions\/3212"}],"wp:attachment":[{"href":"https:\/\/veschber.myds.me\/wordpress\/wp-json\/wp\/v2\/media?parent=3208"}],"curies":[{"name":"wp","href":"https:\/\/api.w.org\/{rel}","templated":true}]}}