{"id":3215,"date":"2018-11-04T11:11:20","date_gmt":"2018-11-04T10:11:20","guid":{"rendered":"https:\/\/veschber.myds.me\/wordpress\/?page_id=3215"},"modified":"2018-11-04T11:13:23","modified_gmt":"2018-11-04T10:13:23","slug":"kinder-morgan","status":"publish","type":"page","link":"https:\/\/veschber.myds.me\/wordpress\/kinder-morgan","title":{"rendered":"Kinder Morgan"},"content":{"rendered":"\n<figure class=\"wp-block-image\"><img loading=\"lazy\" decoding=\"async\" width=\"800\" height=\"533\" src=\"https:\/\/veschber.myds.me:443\/wordpress\/wp-content\/uploads\/2018\/11\/Elba_Island.jpg\" alt=\"\" class=\"wp-image-3216\" srcset=\"https:\/\/veschber.myds.me:443\/wordpress\/wp-content\/uploads\/2018\/11\/Elba_Island.jpg 800w, https:\/\/veschber.myds.me:443\/wordpress\/wp-content\/uploads\/2018\/11\/Elba_Island-300x200.jpg 300w, https:\/\/veschber.myds.me:443\/wordpress\/wp-content\/uploads\/2018\/11\/Elba_Island-768x512.jpg 768w\" sizes=\"auto, (max-width: 767px) 89vw, (max-width: 1000px) 54vw, (max-width: 1071px) 543px, 580px\" \/><figcaption>Elba LNG Terminal<\/figcaption><\/figure>\n\n\n\n<p>Kinder Morgan ist eines der gr\u00f6\u00dften Unternehmen in Nordamerika, welches Pipelines zum Transport von \u00d6l und Gas zur Verf\u00fcgung stellt. Zus\u00e4tzlich bietet es Terminals f\u00fcr die Lagerung des selbigen, an wichtigen H\u00e4fen und Umschlagpl\u00e4tzen in Nordamerika an.<\/p>\n\n\n<a href=\"https:\/\/veschber.myds.me:443\/wordpress\/wp-content\/uploads\/2018\/11\/Kinder_Morgan_Asset_Map_.pdf\" class=\"pdfemb-viewer\" style=\"\" data-width=\"max\" data-height=\"max\" data-toolbar=\"bottom\" data-toolbar-fixed=\"on\">Kinder_Morgan_Asset_Map_<\/a>\n<p class=\"wp-block-pdfemb-pdf-embedder-viewer\"><\/p>\n\n\n\n<p>Leider hat KMI in den letzten Jahren die Dividende deutlich zusammengestrichen und erst langsam wieder angefangen, diese zu erh\u00f6hen.&nbsp;<\/p>\n\n\n\n<figure><iframe loading=\"lazy\" width=\"600\" height=\"371\" seamless=\"\" frameborder=\"0\" scrolling=\"no\" src=\"https:\/\/docs.google.com\/spreadsheets\/d\/e\/2PACX-1vRdhtGwXn7wzbl5TcGF7iZkGoZZpUju13yrmjNpGIDmIyjrO0bco4pTvET7bLFzDcxoLyUP7QdYDzFl\/pubchart?oid=1741853259&amp;format=interactive\"><\/iframe><\/figure>\n\n\n\n<figure><iframe loading=\"lazy\" width=\"600\" height=\"371\" seamless=\"\" frameborder=\"0\" scrolling=\"no\" src=\"https:\/\/docs.google.com\/spreadsheets\/d\/e\/2PACX-1vRdhtGwXn7wzbl5TcGF7iZkGoZZpUju13yrmjNpGIDmIyjrO0bco4pTvET7bLFzDcxoLyUP7QdYDzFl\/pubchart?oid=476825808&amp;format=interactive\"><\/iframe><\/figure>\n\n\n\n<p>Auch der Aktienkurs war in der Vergangenheit von deutlichen Abschl\u00e4gen gezeichnet.<\/p>\n\n\n\n<figure class=\"wp-block-image\"><a href=\"https:\/\/www.ariva.de\/kinder_morgan-aktie\"><img decoding=\"async\" src=\"https:\/\/www.ariva.de\/chart\/images\/arivachart?secu=104018699&amp;boerse_id=16&amp;t=3years&amp;displayLegend=0&amp;size=free&amp;width=720&amp;height=400&amp;antiAlias=1\" alt=\"Kinder Morgan Aktie Chart\"\/><\/a><\/figure>\n\n\n\n<p>Kursanbieter: <\/p>\n\n\n\n<figure class=\"wp-block-image\"><a href=\"http:\/\/www.ls-d.de\/\"><img decoding=\"async\" src=\"https:\/\/www.ariva.de\/i\/logo\/boersenplaetze\/16.png\" alt=\"L&amp;S RT\"\/><\/a><\/figure>\n","protected":false},"excerpt":{"rendered":"<p>Kinder Morgan ist eines der gr\u00f6\u00dften Unternehmen in Nordamerika, welches Pipelines zum Transport von \u00d6l und Gas zur Verf\u00fcgung stellt. Zus\u00e4tzlich bietet es Terminals f\u00fcr die Lagerung des selbigen, an wichtigen H\u00e4fen und Umschlagpl\u00e4tzen in Nordamerika an. Leider hat KMI in den letzten Jahren die Dividende deutlich zusammengestrichen und erst langsam wieder angefangen, diese zu &hellip; <\/p>\n<p class=\"link-more\"><a href=\"https:\/\/veschber.myds.me\/wordpress\/kinder-morgan\" class=\"more-link\"><span class=\"screen-reader-text\">\u201eKinder Morgan\u201c <\/span>weiterlesen<\/a><\/p>\n","protected":false},"author":1,"featured_media":0,"parent":0,"menu_order":0,"comment_status":"closed","ping_status":"closed","template":"","meta":{"inline_featured_image":false,"ngg_post_thumbnail":0,"footnotes":""},"class_list":["post-3215","page","type-page","status-publish","hentry"],"_links":{"self":[{"href":"https:\/\/veschber.myds.me\/wordpress\/wp-json\/wp\/v2\/pages\/3215","targetHints":{"allow":["GET"]}}],"collection":[{"href":"https:\/\/veschber.myds.me\/wordpress\/wp-json\/wp\/v2\/pages"}],"about":[{"href":"https:\/\/veschber.myds.me\/wordpress\/wp-json\/wp\/v2\/types\/page"}],"author":[{"embeddable":true,"href":"https:\/\/veschber.myds.me\/wordpress\/wp-json\/wp\/v2\/users\/1"}],"replies":[{"embeddable":true,"href":"https:\/\/veschber.myds.me\/wordpress\/wp-json\/wp\/v2\/comments?post=3215"}],"version-history":[{"count":3,"href":"https:\/\/veschber.myds.me\/wordpress\/wp-json\/wp\/v2\/pages\/3215\/revisions"}],"predecessor-version":[{"id":3222,"href":"https:\/\/veschber.myds.me\/wordpress\/wp-json\/wp\/v2\/pages\/3215\/revisions\/3222"}],"wp:attachment":[{"href":"https:\/\/veschber.myds.me\/wordpress\/wp-json\/wp\/v2\/media?parent=3215"}],"curies":[{"name":"wp","href":"https:\/\/api.w.org\/{rel}","templated":true}]}}