{"id":3223,"date":"2018-11-04T14:19:37","date_gmt":"2018-11-04T13:19:37","guid":{"rendered":"https:\/\/veschber.myds.me\/wordpress\/?page_id=3223"},"modified":"2018-11-04T14:19:37","modified_gmt":"2018-11-04T13:19:37","slug":"williams-companies","status":"publish","type":"page","link":"https:\/\/veschber.myds.me\/wordpress\/williams-companies","title":{"rendered":"Williams Companies"},"content":{"rendered":"\n<div class=\"wp-block-image\"><figure class=\"aligncenter\"><img loading=\"lazy\" decoding=\"async\" width=\"427\" height=\"227\" src=\"https:\/\/veschber.myds.me:443\/wordpress\/wp-content\/uploads\/2018\/11\/williams_logo_2c_large2.jpg\" alt=\"\" class=\"wp-image-3224\" srcset=\"https:\/\/veschber.myds.me:443\/wordpress\/wp-content\/uploads\/2018\/11\/williams_logo_2c_large2.jpg 427w, https:\/\/veschber.myds.me:443\/wordpress\/wp-content\/uploads\/2018\/11\/williams_logo_2c_large2-300x159.jpg 300w\" sizes=\"auto, (max-width: 427px) 100vw, 427px\" \/><\/figure><\/div>\n\n\n\n<p>Die Williams Companies wurde 1908 als Bauunternehmen gegr\u00fcndet und stieg erst in den 1970ern in das Gesch\u00e4ft mit dem Transport von Gas und Fl\u00fcssiggas (LNG) ein. Seither kauft es immer wieder kleinere Unternehmen zu und l\u00e4sst sein Portfolio daher kontinuierlich anwachsen.<\/p>\n\n\n\n<p>Leider gab es auch hier, wie bei Kinder Morgan in den letzten Jahre aufgrund sinkender Preise extreme Probleme, welche zum einen den Kurs unter starken Druck brachten, als auch die Dividenden.<\/p>\n\n\n\n<figure><iframe loading=\"lazy\" width=\"600\" height=\"371\" seamless frameborder=\"0\" scrolling=\"no\" src=\"https:\/\/docs.google.com\/spreadsheets\/d\/e\/2PACX-1vRdhtGwXn7wzbl5TcGF7iZkGoZZpUju13yrmjNpGIDmIyjrO0bco4pTvET7bLFzDcxoLyUP7QdYDzFl\/pubchart?oid=1272448376&amp;format=interactive\"><\/iframe><\/figure>\n\n\n\n<figure><iframe loading=\"lazy\" width=\"600\" height=\"371\" seamless frameborder=\"0\" scrolling=\"no\" src=\"https:\/\/docs.google.com\/spreadsheets\/d\/e\/2PACX-1vRdhtGwXn7wzbl5TcGF7iZkGoZZpUju13yrmjNpGIDmIyjrO0bco4pTvET7bLFzDcxoLyUP7QdYDzFl\/pubchart?oid=553945993&amp;format=interactive\"><\/iframe><\/figure>\n\n\n\n<p>Der Aktienchart von Williams Companies.<\/p>\n\n\n\n<figure class=\"wp-block-image\"><a href=\"https:\/\/www.ariva.de\/williams_companies-aktie\"><img decoding=\"async\" src=\"https:\/\/www.ariva.de\/chart\/images\/arivachart?secu=5789&amp;boerse_id=16&amp;t=3years&amp;displayLegend=0&amp;size=free&amp;width=720&amp;height=400&amp;antiAlias=1\" alt=\"Williams Companies Aktie Chart\"\/><\/a><\/figure>\n\n\n\n<p>Kursanbieter: <\/p>\n\n\n\n<figure class=\"wp-block-image\"><a href=\"http:\/\/www.ls-d.de\/\"><img decoding=\"async\" src=\"https:\/\/www.ariva.de\/i\/logo\/boersenplaetze\/16.png\" alt=\"L&amp;S RT\"\/><\/a><\/figure>\n\n\n\n<p>Anbei noch ein Video des Unternehmens.<\/p>\n","protected":false},"excerpt":{"rendered":"<p>Die Williams Companies wurde 1908 als Bauunternehmen gegr\u00fcndet und stieg erst in den 1970ern in das Gesch\u00e4ft mit dem Transport von Gas und Fl\u00fcssiggas (LNG) ein. Seither kauft es immer wieder kleinere Unternehmen zu und l\u00e4sst sein Portfolio daher kontinuierlich anwachsen. Leider gab es auch hier, wie bei Kinder Morgan in den letzten Jahre aufgrund &hellip; <\/p>\n<p class=\"link-more\"><a href=\"https:\/\/veschber.myds.me\/wordpress\/williams-companies\" class=\"more-link\"><span class=\"screen-reader-text\">\u201eWilliams Companies\u201c <\/span>weiterlesen<\/a><\/p>\n","protected":false},"author":1,"featured_media":0,"parent":0,"menu_order":0,"comment_status":"closed","ping_status":"closed","template":"","meta":{"inline_featured_image":false,"ngg_post_thumbnail":0,"footnotes":""},"class_list":["post-3223","page","type-page","status-publish","hentry"],"_links":{"self":[{"href":"https:\/\/veschber.myds.me\/wordpress\/wp-json\/wp\/v2\/pages\/3223","targetHints":{"allow":["GET"]}}],"collection":[{"href":"https:\/\/veschber.myds.me\/wordpress\/wp-json\/wp\/v2\/pages"}],"about":[{"href":"https:\/\/veschber.myds.me\/wordpress\/wp-json\/wp\/v2\/types\/page"}],"author":[{"embeddable":true,"href":"https:\/\/veschber.myds.me\/wordpress\/wp-json\/wp\/v2\/users\/1"}],"replies":[{"embeddable":true,"href":"https:\/\/veschber.myds.me\/wordpress\/wp-json\/wp\/v2\/comments?post=3223"}],"version-history":[{"count":4,"href":"https:\/\/veschber.myds.me\/wordpress\/wp-json\/wp\/v2\/pages\/3223\/revisions"}],"predecessor-version":[{"id":3229,"href":"https:\/\/veschber.myds.me\/wordpress\/wp-json\/wp\/v2\/pages\/3223\/revisions\/3229"}],"wp:attachment":[{"href":"https:\/\/veschber.myds.me\/wordpress\/wp-json\/wp\/v2\/media?parent=3223"}],"curies":[{"name":"wp","href":"https:\/\/api.w.org\/{rel}","templated":true}]}}