{"id":3247,"date":"2018-11-04T16:31:12","date_gmt":"2018-11-04T15:31:12","guid":{"rendered":"https:\/\/veschber.myds.me\/wordpress\/?page_id=3247"},"modified":"2018-11-04T16:37:01","modified_gmt":"2018-11-04T15:37:01","slug":"royal-dutch-shell-p-l-c","status":"publish","type":"page","link":"https:\/\/veschber.myds.me\/wordpress\/royal-dutch-shell-p-l-c","title":{"rendered":"Royal Dutch Shell p.l.c."},"content":{"rendered":"\n<p>Die Royal Dutch Shell p.l.c. geht auf das 1907 gegr\u00fcndete Unternehmen zur\u00fcck. Hier wurde das zuvor von Samuel gegr\u00fcndete Unternehmen Shell (mit der Muschel), da hier fr\u00fcher Import von Muscheln stattfand und das von Henri Detering gef\u00fchrte Unternehmen N.V. Koninklijke Nederlandse Petroleum Maatschappij fusionierten. Aufgrund der k\u00f6niglichen Beteiligung von Wilhelm III., durfte es sich fortan Royal nennen. Er hielt zu dieser Zeit einen Anteil von 25 % am Unternehmen.<\/p>\n\n\n\n<p>Seither sind viele Zuk\u00e4ufe, Fusionen und Verk\u00e4ufe geschehen, sodass das heutige Shell relativ wenig mit dem damaligen zu tun hat. Der letzte gro\u00dfe Zukauf fand 2016 statt, als man f\u00fcr 47 Mrd. Pfund die BG Group \u00fcbernahm und dadurch vermehrten Zugriff auf das Zukunftsgesch\u00e4ft LNG erhielt.<\/p>\n\n\n\n<p>Dadurch das es bis Mitte 2017 m\u00f6glich war, die Dividende in Aktien auszahlen zu lassen (DRIP), gab es diese bis dahin steuerfrei. Danach wurde sie immer versteuert mit 15 % Quellensteuer von den Niederlanden und sank daher, trotz gleichbleibender Auszahlungsh\u00f6he.<\/p>\n\n\n\n<figure><iframe loading=\"lazy\" width=\"600\" height=\"371\" seamless=\"\" frameborder=\"0\" scrolling=\"no\" src=\"https:\/\/docs.google.com\/spreadsheets\/d\/e\/2PACX-1vRdhtGwXn7wzbl5TcGF7iZkGoZZpUju13yrmjNpGIDmIyjrO0bco4pTvET7bLFzDcxoLyUP7QdYDzFl\/pubchart?oid=905023201&amp;format=interactive\"><\/iframe><\/figure>\n\n\n\n<p>Aufgrund der starken Abh\u00e4ngigkeit des Unternehmenserfolges vom \u00d6lpreis, schwanken die Kurse relativ stark. Die Dividende wurde auch in den Jahren des niedrigen \u00d6lpreises stabil gehalten, da fast alle Bohrprojekte auf Eis gelegt wurden sind und gr\u00f6\u00dfere Ausgaben gestoppt wurden.<\/p>\n\n\n\n<figure><iframe loading=\"lazy\" width=\"600\" height=\"371\" seamless=\"\" frameborder=\"0\" scrolling=\"no\" src=\"https:\/\/docs.google.com\/spreadsheets\/d\/e\/2PACX-1vRdhtGwXn7wzbl5TcGF7iZkGoZZpUju13yrmjNpGIDmIyjrO0bco4pTvET7bLFzDcxoLyUP7QdYDzFl\/pubchart?oid=1781338685&amp;format=interactive\"><\/iframe><\/figure>\n\n\n\n<p>Die Entwicklung der Aktie in den vergangenen Jahren.<\/p>\n\n\n\n<figure class=\"wp-block-image\"><a href=\"https:\/\/www.ariva.de\/royal_dutch_shell_a-aktie\"><img decoding=\"async\" src=\"https:\/\/www.ariva.de\/chart\/images\/arivachart?secu=720890&amp;boerse_id=16&amp;t=3years&amp;displayLegend=0&amp;size=free&amp;width=720&amp;height=400&amp;antiAlias=1\" alt=\"Royal Dutch Shell A Aktie Chart\"\/><\/a><\/figure>\n\n\n\n<p>Kursanbieter: <\/p>\n\n\n\n<figure class=\"wp-block-image\"><a href=\"http:\/\/www.ls-d.de\/\"><img decoding=\"async\" src=\"https:\/\/www.ariva.de\/i\/logo\/boersenplaetze\/16.png\" alt=\"L&amp;S RT\"\/><\/a><\/figure>\n","protected":false},"excerpt":{"rendered":"<p>Die Royal Dutch Shell p.l.c. geht auf das 1907 gegr\u00fcndete Unternehmen zur\u00fcck. Hier wurde das zuvor von Samuel gegr\u00fcndete Unternehmen Shell (mit der Muschel), da hier fr\u00fcher Import von Muscheln stattfand und das von Henri Detering gef\u00fchrte Unternehmen N.V. Koninklijke Nederlandse Petroleum Maatschappij fusionierten. Aufgrund der k\u00f6niglichen Beteiligung von Wilhelm III., durfte es sich fortan &hellip; <\/p>\n<p class=\"link-more\"><a href=\"https:\/\/veschber.myds.me\/wordpress\/royal-dutch-shell-p-l-c\" class=\"more-link\"><span class=\"screen-reader-text\">\u201eRoyal Dutch Shell p.l.c.\u201c <\/span>weiterlesen<\/a><\/p>\n","protected":false},"author":1,"featured_media":0,"parent":0,"menu_order":0,"comment_status":"closed","ping_status":"closed","template":"","meta":{"inline_featured_image":false,"ngg_post_thumbnail":0,"footnotes":""},"class_list":["post-3247","page","type-page","status-publish","hentry"],"_links":{"self":[{"href":"https:\/\/veschber.myds.me\/wordpress\/wp-json\/wp\/v2\/pages\/3247","targetHints":{"allow":["GET"]}}],"collection":[{"href":"https:\/\/veschber.myds.me\/wordpress\/wp-json\/wp\/v2\/pages"}],"about":[{"href":"https:\/\/veschber.myds.me\/wordpress\/wp-json\/wp\/v2\/types\/page"}],"author":[{"embeddable":true,"href":"https:\/\/veschber.myds.me\/wordpress\/wp-json\/wp\/v2\/users\/1"}],"replies":[{"embeddable":true,"href":"https:\/\/veschber.myds.me\/wordpress\/wp-json\/wp\/v2\/comments?post=3247"}],"version-history":[{"count":3,"href":"https:\/\/veschber.myds.me\/wordpress\/wp-json\/wp\/v2\/pages\/3247\/revisions"}],"predecessor-version":[{"id":3253,"href":"https:\/\/veschber.myds.me\/wordpress\/wp-json\/wp\/v2\/pages\/3247\/revisions\/3253"}],"wp:attachment":[{"href":"https:\/\/veschber.myds.me\/wordpress\/wp-json\/wp\/v2\/media?parent=3247"}],"curies":[{"name":"wp","href":"https:\/\/api.w.org\/{rel}","templated":true}]}}