{"id":3269,"date":"2018-11-18T09:01:33","date_gmt":"2018-11-18T08:01:33","guid":{"rendered":"https:\/\/veschber.myds.me\/wordpress\/?page_id=3269"},"modified":"2018-11-18T09:01:33","modified_gmt":"2018-11-18T08:01:33","slug":"unilever-nv","status":"publish","type":"page","link":"https:\/\/veschber.myds.me\/wordpress\/unilever-nv","title":{"rendered":"Unilever NV"},"content":{"rendered":"\n<p>Unilever ist einer der gr\u00f6\u00dften Konsumg\u00fcterhersteller weltweit. Es entstand aus einem Zusammenschluss der niederl\u00e4ndischen Margarine Unie und des brtitschen Seifenherstellers\u00a0Lever Brothers Ltd. im Jahre 1929\/1930. Im Lauf der Jahre kaufte und verkaufte Unilever Marken (Hersteller) und wuchs dadurch stetig.<\/p>\n\n\n\n<p>Im Jahr 2017 bot das frisch fusionierte Unternehmen KraftHeinz 143 Milliarden Dollar an, um Unilever in g\u00e4nze zu \u00fcbernehmen. Diese Offerte wurde allerdings kurze Zeit sp\u00e4ter zur\u00fcckgezogen.<\/p>\n\n\n\n<p>Die Entwicklung der Dividenden von Unilever NV:<\/p>\n\n\n\n<figure><iframe loading=\"lazy\" width=\"600\" height=\"371\" seamless frameborder=\"0\" scrolling=\"no\" src=\"https:\/\/docs.google.com\/spreadsheets\/d\/e\/2PACX-1vRdhtGwXn7wzbl5TcGF7iZkGoZZpUju13yrmjNpGIDmIyjrO0bco4pTvET7bLFzDcxoLyUP7QdYDzFl\/pubchart?oid=356096035&amp;format=interactive\"><\/iframe><\/figure>\n\n\n\n<p>Und die Entwicklung meiner Anteile:<\/p>\n\n\n\n<figure><iframe loading=\"lazy\" width=\"600\" height=\"371\" seamless frameborder=\"0\" scrolling=\"no\" src=\"https:\/\/docs.google.com\/spreadsheets\/d\/e\/2PACX-1vRdhtGwXn7wzbl5TcGF7iZkGoZZpUju13yrmjNpGIDmIyjrO0bco4pTvET7bLFzDcxoLyUP7QdYDzFl\/pubchart?oid=112283646&amp;format=interactive\"><\/iframe><\/figure>\n\n\n\n<p>Der Aktienchart der vergangen 3 Jahre:<\/p>\n\n\n\n<figure class=\"wp-block-image\"><a href=\"https:\/\/www.ariva.de\/unilever-aktie\"><img decoding=\"async\" src=\"https:\/\/www.ariva.de\/chart\/images\/arivachart?secu=931553&amp;boerse_id=16&amp;t=3years&amp;displayLegend=0&amp;size=free&amp;width=720&amp;height=400&amp;antiAlias=1\" alt=\"Unilever Aktie Chart\"\/><\/a><\/figure>\n\n\n\n<p>Kursanbieter: <\/p>\n\n\n\n<figure class=\"wp-block-image\"><a href=\"http:\/\/www.ls-d.de\/\"><img decoding=\"async\" src=\"https:\/\/www.ariva.de\/i\/logo\/boersenplaetze\/16.png\" alt=\"L&amp;S RT\"\/><\/a><\/figure>\n","protected":false},"excerpt":{"rendered":"<p>Unilever ist einer der gr\u00f6\u00dften Konsumg\u00fcterhersteller weltweit. Es entstand aus einem Zusammenschluss der niederl\u00e4ndischen Margarine Unie und des brtitschen Seifenherstellers\u00a0Lever Brothers Ltd. im Jahre 1929\/1930. Im Lauf der Jahre kaufte und verkaufte Unilever Marken (Hersteller) und wuchs dadurch stetig. Im Jahr 2017 bot das frisch fusionierte Unternehmen KraftHeinz 143 Milliarden Dollar an, um Unilever in &hellip; <\/p>\n<p class=\"link-more\"><a href=\"https:\/\/veschber.myds.me\/wordpress\/unilever-nv\" class=\"more-link\"><span class=\"screen-reader-text\">\u201eUnilever NV\u201c <\/span>weiterlesen<\/a><\/p>\n","protected":false},"author":1,"featured_media":0,"parent":0,"menu_order":0,"comment_status":"closed","ping_status":"closed","template":"","meta":{"inline_featured_image":false,"ngg_post_thumbnail":0,"footnotes":""},"class_list":["post-3269","page","type-page","status-publish","hentry"],"_links":{"self":[{"href":"https:\/\/veschber.myds.me\/wordpress\/wp-json\/wp\/v2\/pages\/3269","targetHints":{"allow":["GET"]}}],"collection":[{"href":"https:\/\/veschber.myds.me\/wordpress\/wp-json\/wp\/v2\/pages"}],"about":[{"href":"https:\/\/veschber.myds.me\/wordpress\/wp-json\/wp\/v2\/types\/page"}],"author":[{"embeddable":true,"href":"https:\/\/veschber.myds.me\/wordpress\/wp-json\/wp\/v2\/users\/1"}],"replies":[{"embeddable":true,"href":"https:\/\/veschber.myds.me\/wordpress\/wp-json\/wp\/v2\/comments?post=3269"}],"version-history":[{"count":1,"href":"https:\/\/veschber.myds.me\/wordpress\/wp-json\/wp\/v2\/pages\/3269\/revisions"}],"predecessor-version":[{"id":3271,"href":"https:\/\/veschber.myds.me\/wordpress\/wp-json\/wp\/v2\/pages\/3269\/revisions\/3271"}],"wp:attachment":[{"href":"https:\/\/veschber.myds.me\/wordpress\/wp-json\/wp\/v2\/media?parent=3269"}],"curies":[{"name":"wp","href":"https:\/\/api.w.org\/{rel}","templated":true}]}}