{"id":3272,"date":"2018-11-18T09:19:57","date_gmt":"2018-11-18T08:19:57","guid":{"rendered":"https:\/\/veschber.myds.me\/wordpress\/?page_id=3272"},"modified":"2018-11-18T09:27:47","modified_gmt":"2018-11-18T08:27:47","slug":"reckitt-benckiser-plc","status":"publish","type":"page","link":"https:\/\/veschber.myds.me\/wordpress\/reckitt-benckiser-plc","title":{"rendered":"Reckitt Benckiser plc"},"content":{"rendered":"\n<p>Das Unternehmen Reckitt Benckiser entstand im Jahre 1999 aus beiden zuvor unabh\u00e4ngigen Unternehmen Benckiser NV und Reckitt &amp; Coleman. Wobei beide eine sehr traditionsreiche Geschichte aufweisen k\u00f6nnen. W\u00e4hrend Benckiser auf den deutschen Chemiker&nbsp;Johann Adam Benckiser im Jahre 1823 in Pforzheim gegr\u00fcndet und sp\u00e4ter nach Ludwigshafen umzog. Reckitt &amp; Coleman waren beide mitte des 19. Jahrhunderts Getreidem\u00fchlenbesitzer, welche in den 30ern des 20. Jahrhunderts fusionierten.<\/p>\n\n\n\n<p>Seit Ihrer Fusion im Jahre 1999 kauft Reckitt Benckiser vermehrt Unternehmen aus den Bereichen Gesundheit und Hygiene auf. Die letzte gro\u00df \u00dcbernahme war 2017 die des Babynahrungsherstellers Mead Johnson.<\/p>\n\n\n\n<p>Die Entwicklung der Dividenden:<\/p>\n\n\n\n<figure><iframe loading=\"lazy\" width=\"600\" height=\"371\" seamless=\"\" frameborder=\"0\" scrolling=\"no\" src=\"https:\/\/docs.google.com\/spreadsheets\/d\/e\/2PACX-1vRdhtGwXn7wzbl5TcGF7iZkGoZZpUju13yrmjNpGIDmIyjrO0bco4pTvET7bLFzDcxoLyUP7QdYDzFl\/pubchart?oid=564455896&amp;format=interactive\"><\/iframe><\/figure>\n\n\n\n<p>Die Entwicklung meiner Anteile:<\/p>\n\n\n\n<figure><iframe loading=\"lazy\" width=\"600\" height=\"371\" seamless=\"\" frameborder=\"0\" scrolling=\"no\" src=\"https:\/\/docs.google.com\/spreadsheets\/d\/e\/2PACX-1vRdhtGwXn7wzbl5TcGF7iZkGoZZpUju13yrmjNpGIDmIyjrO0bco4pTvET7bLFzDcxoLyUP7QdYDzFl\/pubchart?oid=1860988757&amp;format=interactive\"><\/iframe><\/figure>\n\n\n\n<p>Der Aktienkurs der vergangen 3 Jahre:<\/p>\n\n\n\n<figure class=\"wp-block-image\"><a href=\"https:\/\/www.ariva.de\/reckitt_benckiser_group-aktie\"><img decoding=\"async\" src=\"https:\/\/www.ariva.de\/chart\/images\/arivachart?secu=100390678&amp;boerse_id=16&amp;t=year&amp;displayLegend=0&amp;size=free&amp;width=720&amp;height=400&amp;antiAlias=1\" alt=\"Reckitt Benckiser Group Aktie Chart\"\/><\/a><\/figure>\n\n\n\n<p>Kursanbieter: <\/p>\n\n\n\n<figure class=\"wp-block-image\"><a href=\"http:\/\/www.ls-d.de\/\"><img decoding=\"async\" src=\"https:\/\/www.ariva.de\/i\/logo\/boersenplaetze\/16.png\" alt=\"L&amp;S RT\"\/><\/a><\/figure>\n","protected":false},"excerpt":{"rendered":"<p>Das Unternehmen Reckitt Benckiser entstand im Jahre 1999 aus beiden zuvor unabh\u00e4ngigen Unternehmen Benckiser NV und Reckitt &amp; Coleman. Wobei beide eine sehr traditionsreiche Geschichte aufweisen k\u00f6nnen. W\u00e4hrend Benckiser auf den deutschen Chemiker&nbsp;Johann Adam Benckiser im Jahre 1823 in Pforzheim gegr\u00fcndet und sp\u00e4ter nach Ludwigshafen umzog. Reckitt &amp; Coleman waren beide mitte des 19. Jahrhunderts &hellip; <\/p>\n<p class=\"link-more\"><a href=\"https:\/\/veschber.myds.me\/wordpress\/reckitt-benckiser-plc\" class=\"more-link\"><span class=\"screen-reader-text\">\u201eReckitt Benckiser plc\u201c <\/span>weiterlesen<\/a><\/p>\n","protected":false},"author":1,"featured_media":0,"parent":0,"menu_order":0,"comment_status":"closed","ping_status":"closed","template":"","meta":{"inline_featured_image":false,"ngg_post_thumbnail":0,"footnotes":""},"class_list":["post-3272","page","type-page","status-publish","hentry"],"_links":{"self":[{"href":"https:\/\/veschber.myds.me\/wordpress\/wp-json\/wp\/v2\/pages\/3272","targetHints":{"allow":["GET"]}}],"collection":[{"href":"https:\/\/veschber.myds.me\/wordpress\/wp-json\/wp\/v2\/pages"}],"about":[{"href":"https:\/\/veschber.myds.me\/wordpress\/wp-json\/wp\/v2\/types\/page"}],"author":[{"embeddable":true,"href":"https:\/\/veschber.myds.me\/wordpress\/wp-json\/wp\/v2\/users\/1"}],"replies":[{"embeddable":true,"href":"https:\/\/veschber.myds.me\/wordpress\/wp-json\/wp\/v2\/comments?post=3272"}],"version-history":[{"count":3,"href":"https:\/\/veschber.myds.me\/wordpress\/wp-json\/wp\/v2\/pages\/3272\/revisions"}],"predecessor-version":[{"id":3276,"href":"https:\/\/veschber.myds.me\/wordpress\/wp-json\/wp\/v2\/pages\/3272\/revisions\/3276"}],"wp:attachment":[{"href":"https:\/\/veschber.myds.me\/wordpress\/wp-json\/wp\/v2\/media?parent=3272"}],"curies":[{"name":"wp","href":"https:\/\/api.w.org\/{rel}","templated":true}]}}