{"id":3288,"date":"2018-11-18T14:06:16","date_gmt":"2018-11-18T13:06:16","guid":{"rendered":"https:\/\/veschber.myds.me\/wordpress\/?page_id=3288"},"modified":"2018-11-18T14:11:19","modified_gmt":"2018-11-18T13:11:19","slug":"british-american-tobacco-p-l-c","status":"publish","type":"page","link":"https:\/\/veschber.myds.me\/wordpress\/british-american-tobacco-p-l-c","title":{"rendered":"British American Tobacco p.l.c"},"content":{"rendered":"\n<div class=\"wp-block-image\"><figure class=\"aligncenter\"><a href=\"https:\/\/veschber.myds.me:443\/wordpress\/wp-content\/uploads\/2018\/11\/7087304227_bf1b971913_o.jpg\"><img loading=\"lazy\" decoding=\"async\" width=\"1024\" height=\"681\" src=\"https:\/\/veschber.myds.me:443\/wordpress\/wp-content\/uploads\/2018\/11\/7087304227_bf1b971913_o-1024x681.jpg\" alt=\"\" class=\"wp-image-3289\" srcset=\"https:\/\/veschber.myds.me:443\/wordpress\/wp-content\/uploads\/2018\/11\/7087304227_bf1b971913_o-1024x681.jpg 1024w, https:\/\/veschber.myds.me:443\/wordpress\/wp-content\/uploads\/2018\/11\/7087304227_bf1b971913_o-300x200.jpg 300w, https:\/\/veschber.myds.me:443\/wordpress\/wp-content\/uploads\/2018\/11\/7087304227_bf1b971913_o-768x511.jpg 768w\" sizes=\"auto, (max-width: 767px) 89vw, (max-width: 1000px) 54vw, (max-width: 1071px) 543px, 580px\" \/><\/a><figcaption><br>&nbsp;global headquarters: Globe House, London<\/figcaption><\/figure><\/div>\n\n\n\n<p>Die BAT wurde 1902 als Joint-Venture zwischen Imperial und American Tobacco gegr\u00fcndet. Relativ schnell wuchs das Unternehmen in alle L\u00e4nder dieser Welt, au\u00dfer der Markt in Gro\u00dfbritannien. Dieser war bis 1972 tabu aufgrund einer Vereinbarung mit Imperial Tobacco. <\/p>\n\n\n\n<p>Seit 2017 in R.J. Reynolds aus den USA auch ein Teil von BAT. Diese Aktien habe ich aber vor der Akquise in 2016 verkauft (zur Entschuldung meiner Wohnung) und unten die Dividendenentwicklung aufgezeigt. Leider fehlen die Jahre bis 2004.<\/p>\n\n\n\n<p>Zu den bekanntesten Marken in Deutschland von BAT z\u00e4hlen unter anderem HB, Pall Mall und Lucky Strike.<\/p>\n\n\n\n<p>Die Entwicklung der Aussch\u00fcttungen und Aktienanzahl:<\/p>\n\n\n\n<figure><iframe loading=\"lazy\" width=\"600\" height=\"371\" seamless=\"\" frameborder=\"0\" scrolling=\"no\" src=\"https:\/\/docs.google.com\/spreadsheets\/d\/e\/2PACX-1vRdhtGwXn7wzbl5TcGF7iZkGoZZpUju13yrmjNpGIDmIyjrO0bco4pTvET7bLFzDcxoLyUP7QdYDzFl\/pubchart?oid=867461168&amp;format=interactive\"><\/iframe><\/figure>\n\n\n\n<p>Die Entwicklung der Aussch\u00fcttung von BAT:<\/p>\n\n\n\n<figure><iframe loading=\"lazy\" width=\"600\" height=\"371\" seamless=\"\" frameborder=\"0\" scrolling=\"no\" src=\"https:\/\/docs.google.com\/spreadsheets\/d\/e\/2PACX-1vRdhtGwXn7wzbl5TcGF7iZkGoZZpUju13yrmjNpGIDmIyjrO0bco4pTvET7bLFzDcxoLyUP7QdYDzFl\/pubchart?oid=887804397&amp;format=interactive\"><\/iframe><\/figure>\n\n\n\n<p>Der Aktienchart von BAT<\/p>\n\n\n\n<figure class=\"wp-block-image\"><a href=\"https:\/\/www.ariva.de\/british_american_tobacco-aktie\"><img decoding=\"async\" src=\"https:\/\/www.ariva.de\/chart\/images\/arivachart?secu=607&amp;boerse_id=16&amp;t=3years&amp;displayLegend=0&amp;size=free&amp;width=720&amp;height=400&amp;antiAlias=1\" alt=\"British American Tobacco Aktie Chart\"\/><\/a><\/figure>\n\n\n\n<p>Kursanbieter: <\/p>\n\n\n\n<figure class=\"wp-block-image\"><a href=\"http:\/\/www.ls-d.de\/\"><img decoding=\"async\" src=\"https:\/\/www.ariva.de\/i\/logo\/boersenplaetze\/16.png\" alt=\"L&amp;S RT\"\/><\/a><\/figure>\n\n\n\n<p>Dividenden von Reynolds American vor der \u00dcbernahme:<\/p>\n\n\n\n<figure><iframe loading=\"lazy\" width=\"600\" height=\"371\" seamless=\"\" frameborder=\"0\" scrolling=\"no\" src=\"https:\/\/docs.google.com\/spreadsheets\/d\/e\/2PACX-1vRdhtGwXn7wzbl5TcGF7iZkGoZZpUju13yrmjNpGIDmIyjrO0bco4pTvET7bLFzDcxoLyUP7QdYDzFl\/pubchart?oid=763624497&amp;format=interactive\"><\/iframe><\/figure>\n\n\n\n<p>Und dann noch meine pers\u00f6nliche Anteile und deren Dividenden:<\/p>\n\n\n\n<figure><iframe loading=\"lazy\" width=\"600\" height=\"371\" seamless=\"\" frameborder=\"0\" scrolling=\"no\" src=\"https:\/\/docs.google.com\/spreadsheets\/d\/e\/2PACX-1vRdhtGwXn7wzbl5TcGF7iZkGoZZpUju13yrmjNpGIDmIyjrO0bco4pTvET7bLFzDcxoLyUP7QdYDzFl\/pubchart?oid=1941948366&amp;format=interactive\"><\/iframe><\/figure>\n\n\n\n<table class=\"wp-block-table\"><thead><tr><th>Payout Amount<\/th><th>Declared Date<\/th><th>Ex-Dividend Date<\/th><th>Record Date<\/th><th>Pay Date \u25bc<\/th><th>Qualified Dividend?<\/th><th>Payout Type<\/th><th>Frequency<\/th><\/tr><\/thead><tbody><tr><td>$0.5100<\/td><td>2017-05-04<\/td><td>2017-06-08<\/td><td>2017-06-12<\/td><td>2017-07-03<\/td><td>Qualified<\/td><td>Regular<\/td><td>Quarter<\/td><\/tr><tr><td>$0.5100<\/td><td>2017-02-09<\/td><td>2017-03-08<\/td><td>2017-03-10<\/td><td>2017-04-03<\/td><td>Qualified<\/td><td>Regular<\/td><td>Quarter<\/td><\/tr><tr><td>$0.4600<\/td><td>2016-12-01<\/td><td>2016-12-08<\/td><td>2016-12-12<\/td><td>2017-01-03<\/td><td>Qualified<\/td><td>Regular<\/td><td>Quarter<\/td><\/tr><tr><td>$0.4600<\/td><td>2016-07-26<\/td><td>2016-09-08<\/td><td>2016-09-12<\/td><td>2016-10-03<\/td><td>Qualified<\/td><td>Regular<\/td><td>Quarter<\/td><\/tr><tr><td>$0.4200<\/td><td>2016-05-05<\/td><td>2016-06-08<\/td><td>2016-06-10<\/td><td>2016-07-01<\/td><td>Qualified<\/td><td>Regular<\/td><td>Quarter<\/td><\/tr><tr><td>$0.4200<\/td><td>2016-02-11<\/td><td>2016-03-08<\/td><td>2016-03-10<\/td><td>2016-04-01<\/td><td>Qualified<\/td><td>Regular<\/td><td>Quarter<\/td><\/tr><tr><td>$0.3600<\/td><td>2015-12-02<\/td><td>2015-12-10<\/td><td>2015-12-14<\/td><td>2016-01-04<\/td><td>Qualified<\/td><td>Regular<\/td><td>Quarter<\/td><\/tr><tr><td>$0.3600<\/td><td>2015-07-28<\/td><td>2015-09-08<\/td><td>2015-09-10<\/td><td>2015-10-01<\/td><td>Qualified<\/td><td>Regular<\/td><td>Quarter<\/td><\/tr><tr><td>2-for-1<\/td><td>2015-07-28<\/td><td>2015-09-01<\/td><td>2015-08-17<\/td><td>2015-08-31<\/td><td>NM<\/td><td>Stock Split<\/td><td>NM<\/td><\/tr><tr><td>$0.3350<\/td><td>2015-05-07<\/td><td>2015-06-08<\/td><td>2015-06-10<\/td><td>2015-07-01<\/td><td>Qualified<\/td><td>Regular<\/td><td>Quarter<\/td><\/tr><tr><td>$0.3350<\/td><td>2015-02-05<\/td><td>2015-03-06<\/td><td>2015-03-10<\/td><td>2015-04-01<\/td><td>Qualified<\/td><td>Regular<\/td><td>Quarter<\/td><\/tr><tr><td>$0.3350<\/td><td>2014-12-04<\/td><td>2014-12-11<\/td><td>2014-12-15<\/td><td>2015-01-02<\/td><td>Qualified<\/td><td>Regular<\/td><td>Quarter<\/td><\/tr><tr><td>$0.3350<\/td><td>2014-07-17<\/td><td>2014-09-08<\/td><td>2014-09-10<\/td><td>2014-10-01<\/td><td>Qualified<\/td><td>Regular<\/td><td>Quarter<\/td><\/tr><tr><td>$0.3350<\/td><td>2014-05-08<\/td><td>2014-06-06<\/td><td>2014-06-10<\/td><td>2014-07-01<\/td><td>Qualified<\/td><td>Regular<\/td><td>Quarter<\/td><\/tr><tr><td>$0.3350<\/td><td>2014-02-07<\/td><td>2014-03-06<\/td><td>2014-03-10<\/td><td>2014-04-01<\/td><td>Qualified<\/td><td>Regular<\/td><td>Quarter<\/td><\/tr><tr><td>$0.3150<\/td><td>2013-12-05<\/td><td>2013-12-12<\/td><td>2013-12-16<\/td><td>2014-01-02<\/td><td>Qualified<\/td><td>Regular<\/td><td>Quarter<\/td><\/tr><tr><td>$0.3150<\/td><td>2013-07-11<\/td><td>2013-09-06<\/td><td>2013-09-10<\/td><td>2013-10-01<\/td><td>Qualified<\/td><td>Regular<\/td><td>Quarter<\/td><\/tr><tr><td>$0.3150<\/td><td>2013-05-09<\/td><td>2013-06-06<\/td><td>2013-06-10<\/td><td>2013-07-01<\/td><td>Qualified<\/td><td>Regular<\/td><td>Quarter<\/td><\/tr><tr><td>$0.2950<\/td><td>2013-02-07<\/td><td>2013-03-06<\/td><td>2013-03-08<\/td><td>2013-04-01<\/td><td>Qualified<\/td><td>Regular<\/td><td>Quarter<\/td><\/tr><tr><td>$0.2950<\/td><td>2012-11-29<\/td><td>2012-12-06<\/td><td>2012-12-10<\/td><td>2013-01-02<\/td><td>Qualified<\/td><td>Regular<\/td><td>Quarter<\/td><\/tr><tr><td>$0.2950<\/td><td>2012-07-12<\/td><td>2012-09-06<\/td><td>2012-09-10<\/td><td>2012-10-01<\/td><td>Qualified<\/td><td>Regular<\/td><td>Quarter<\/td><\/tr><tr><td>$0.2950<\/td><td>2012-05-03<\/td><td>2012-06-07<\/td><td>2012-06-11<\/td><td>2012-07-02<\/td><td>Qualified<\/td><td>Regular<\/td><td>Quarter<\/td><\/tr><tr><td>$0.2800<\/td><td>2012-02-02<\/td><td>2012-03-07<\/td><td>2012-03-09<\/td><td>2012-04-02<\/td><td>Qualified<\/td><td>Regular<\/td><td>Quarter<\/td><\/tr><tr><td>$0.2800<\/td><td>2011-10-25<\/td><td>2011-12-07<\/td><td>2011-12-09<\/td><td>2012-01-03<\/td><td>Qualified<\/td><td>Regular<\/td><td>Quarter<\/td><\/tr><tr><td>$0.2650<\/td><td>2011-07-15<\/td><td>2011-09-08<\/td><td>2011-09-12<\/td><td>2011-10-03<\/td><td>Qualified<\/td><td>Regular<\/td><td>Quarter<\/td><\/tr><tr><td>$0.2650<\/td><td>2011-05-06<\/td><td>2011-06-08<\/td><td>2011-06-10<\/td><td>2011-07-01<\/td><td>Qualified<\/td><td>Regular<\/td><td>Quarter<\/td><\/tr><tr><td>$0.2650<\/td><td>2011-02-16<\/td><td>2011-03-08<\/td><td>2011-03-10<\/td><td>2011-04-01<\/td><td>Qualified<\/td><td>Regular<\/td><td>Quarter<\/td><\/tr><tr><td>$0.1225<\/td><td>2010-10-15<\/td><td>2010-12-08<\/td><td>2010-12-10<\/td><td>2011-01-03<\/td><td>Qualified<\/td><td>Regular<\/td><td>Quarter<\/td><\/tr><tr><td>2-for-1<\/td><td>2010-10-15<\/td><td>2010-11-16<\/td><td>2010-11-01<\/td><td>2010-11-15<\/td><td>NM<\/td><td>Stock Split<\/td><td>NM<\/td><\/tr><tr><td>$0.2250<\/td><td>2010-07-15<\/td><td>2010-09-08<\/td><td>2010-09-10<\/td><td>2010-10-01<\/td><td>Qualified<\/td><td>Regular<\/td><td>Quarter<\/td><\/tr><tr><td>$0.2250<\/td><td>2010-05-07<\/td><td>2010-06-08<\/td><td>2010-06-10<\/td><td>2010-07-01<\/td><td>Qualified<\/td><td>Regular<\/td><td>Quarter<\/td><\/tr><tr><td>$0.2250<\/td><td>2010-02-02<\/td><td>2010-03-08<\/td><td>2010-03-10<\/td><td>2010-04-01<\/td><td>Qualified<\/td><td>Regular<\/td><td>Quarter<\/td><\/tr><tr><td>$0.2250<\/td><td>2009-10-06<\/td><td>2009-12-08<\/td><td>2009-12-10<\/td><td>2010-01-04<\/td><td>Qualified<\/td><td>Regular<\/td><td>Quarter<\/td><\/tr><tr><td>$0.2125<\/td><td>2009-07-16<\/td><td>2009-09-08<\/td><td>2009-09-10<\/td><td>2009-10-01<\/td><td>Qualified<\/td><td>Regular<\/td><td>Quarter<\/td><\/tr><tr><td>$0.2125<\/td><td>2009-05-06<\/td><td>2009-06-08<\/td><td>2009-06-10<\/td><td>2009-07-01<\/td><td>Qualified<\/td><td>Regular<\/td><td>Quarter<\/td><\/tr><tr><td>$0.2125<\/td><td>2009-02-03<\/td><td>2009-03-06<\/td><td>2009-03-10<\/td><td>2009-04-01<\/td><td>Qualified<\/td><td>Regular<\/td><td>Quarter<\/td><\/tr><tr><td>$0.2125<\/td><td>2008-12-04<\/td><td>2008-12-11<\/td><td>2008-12-15<\/td><td>2009-01-02<\/td><td>Qualified<\/td><td>Regular<\/td><td>Quarter<\/td><\/tr><tr><td>$0.2125<\/td><td>2008-07-18<\/td><td>2008-09-08<\/td><td>2008-09-10<\/td><td>2008-10-01<\/td><td>Qualified<\/td><td>Regular<\/td><td>Quarter<\/td><\/tr><tr><td>$0.2125<\/td><td>2008-05-06<\/td><td>2008-06-06<\/td><td>2008-06-10<\/td><td>2008-07-01<\/td><td>Qualified<\/td><td>Regular<\/td><td>Quarter<\/td><\/tr><tr><td>$0.2125<\/td><td>2008-02-05<\/td><td>2008-03-06<\/td><td>2008-03-10<\/td><td>2008-04-01<\/td><td>Qualified<\/td><td>Regular<\/td><td>Quarter<\/td><\/tr><tr><td>$0.2125<\/td><td>2007-11-30<\/td><td>2007-12-07<\/td><td>2007-12-11<\/td><td>2008-01-02<\/td><td>Qualified<\/td><td>Regular<\/td><td>Quarter<\/td><\/tr><tr><td>$0.2125<\/td><td>2007-07-25<\/td><td>2007-09-06<\/td><td>2007-09-10<\/td><td>2007-10-01<\/td><td>Qualified<\/td><td>Regular<\/td><td>Quarter<\/td><\/tr><tr><td>$0.1875<\/td><td>2007-05-11<\/td><td>2007-06-07<\/td><td>2007-06-11<\/td><td>2007-07-02<\/td><td>Qualified<\/td><td>Regular<\/td><td>Quarter<\/td><\/tr><tr><td>$0.1875<\/td><td>2007-02-06<\/td><td>2007-03-13<\/td><td>2007-03-15<\/td><td>2007-04-02<\/td><td>Qualified<\/td><td>Regular<\/td><td>Quarter<\/td><\/tr><tr><td>$0.0938<\/td><td>2006-11-29<\/td><td>2006-12-07<\/td><td>2006-12-11<\/td><td>2007-01-02<\/td><td>Qualified<\/td><td>Regular<\/td><td>Quarter<\/td><\/tr><tr><td>$0.0938<\/td><td>2006-07-19<\/td><td>2006-09-07<\/td><td>2006-09-11<\/td><td>2006-10-02<\/td><td>Unknown<\/td><td>Regular<\/td><td>Quarter<\/td><\/tr><tr><td>2-for-1<\/td><td>2006-07-19<\/td><td>2006-08-15<\/td><td>2006-07-31<\/td><td>2006-08-14<\/td><td>NM<\/td><td>Stock Split<\/td><td>NM<\/td><\/tr><tr><td>$0.1563<\/td><td>2006-05-03<\/td><td>2006-06-07<\/td><td>2006-06-09<\/td><td>2006-07-03<\/td><td>Unknown<\/td><td>Regular<\/td><td>Quarter<\/td><\/tr><tr><td>$0.1563<\/td><td>2006-02-01<\/td><td>2006-03-08<\/td><td>2006-03-10<\/td><td>2006-04-03<\/td><td>Unknown<\/td><td>Regular<\/td><td>Quarter<\/td><\/tr><tr><td>$0.1563<\/td><td>2005-11-30<\/td><td>2005-12-07<\/td><td>2005-12-09<\/td><td>2006-01-03<\/td><td>Unknown<\/td><td>Regular<\/td><td>Quarter<\/td><\/tr><tr><td>$0.1313<\/td><td>2005-07-13<\/td><td>2005-09-07<\/td><td>2005-09-09<\/td><td>2005-10-03<\/td><td>Unknown<\/td><td>Regular<\/td><td>Quarter<\/td><\/tr><tr><td>$0.1188<\/td><td>2005-06-06<\/td><td>2005-06-14<\/td><td>2005-06-16<\/td><td>2005-07-01<\/td><td>Unknown<\/td><td>Regular<\/td><td>Quarter<\/td><\/tr><tr><td>$0.1188<\/td><td>2005-02-02<\/td><td>2005-03-08<\/td><td>2005-03-10<\/td><td>2005-04-01<\/td><td>Unknown<\/td><td>Regular<\/td><td>Quarter<\/td><\/tr><tr><td>$0.1188<\/td><td>2004-11-30<\/td><td>2004-12-08<\/td><td>2004-12-10<\/td><td>2005-01-03<\/td><td>Unknown<\/td><td>Regular<\/td><td>Quarter<\/td><\/tr><tr><td>$0.1188<\/td><td>2004-08-18<\/td><td>2004-09-08<\/td><td>2004-09-10<\/td><td>2004-10-01<\/td><td>Unknown<\/td><td>Regular<\/td><td>Quarter<\/td><\/tr><\/tbody><\/table>\n","protected":false},"excerpt":{"rendered":"<p>Die BAT wurde 1902 als Joint-Venture zwischen Imperial und American Tobacco gegr\u00fcndet. Relativ schnell wuchs das Unternehmen in alle L\u00e4nder dieser Welt, au\u00dfer der Markt in Gro\u00dfbritannien. Dieser war bis 1972 tabu aufgrund einer Vereinbarung mit Imperial Tobacco. Seit 2017 in R.J. Reynolds aus den USA auch ein Teil von BAT. Diese Aktien habe ich &hellip; <\/p>\n<p class=\"link-more\"><a href=\"https:\/\/veschber.myds.me\/wordpress\/british-american-tobacco-p-l-c\" class=\"more-link\"><span class=\"screen-reader-text\">\u201eBritish American Tobacco p.l.c\u201c <\/span>weiterlesen<\/a><\/p>\n","protected":false},"author":1,"featured_media":0,"parent":0,"menu_order":0,"comment_status":"closed","ping_status":"closed","template":"","meta":{"inline_featured_image":false,"ngg_post_thumbnail":0,"footnotes":""},"class_list":["post-3288","page","type-page","status-publish","hentry"],"_links":{"self":[{"href":"https:\/\/veschber.myds.me\/wordpress\/wp-json\/wp\/v2\/pages\/3288","targetHints":{"allow":["GET"]}}],"collection":[{"href":"https:\/\/veschber.myds.me\/wordpress\/wp-json\/wp\/v2\/pages"}],"about":[{"href":"https:\/\/veschber.myds.me\/wordpress\/wp-json\/wp\/v2\/types\/page"}],"author":[{"embeddable":true,"href":"https:\/\/veschber.myds.me\/wordpress\/wp-json\/wp\/v2\/users\/1"}],"replies":[{"embeddable":true,"href":"https:\/\/veschber.myds.me\/wordpress\/wp-json\/wp\/v2\/comments?post=3288"}],"version-history":[{"count":5,"href":"https:\/\/veschber.myds.me\/wordpress\/wp-json\/wp\/v2\/pages\/3288\/revisions"}],"predecessor-version":[{"id":3296,"href":"https:\/\/veschber.myds.me\/wordpress\/wp-json\/wp\/v2\/pages\/3288\/revisions\/3296"}],"wp:attachment":[{"href":"https:\/\/veschber.myds.me\/wordpress\/wp-json\/wp\/v2\/media?parent=3288"}],"curies":[{"name":"wp","href":"https:\/\/api.w.org\/{rel}","templated":true}]}}