{"id":3366,"date":"2019-01-05T20:25:15","date_gmt":"2019-01-05T19:25:15","guid":{"rendered":"https:\/\/veschber.myds.me\/wordpress\/?page_id=3366"},"modified":"2019-04-22T07:44:58","modified_gmt":"2019-04-22T05:44:58","slug":"caterpillar-inc","status":"publish","type":"page","link":"https:\/\/veschber.myds.me\/wordpress\/caterpillar-inc","title":{"rendered":"Caterpillar Inc."},"content":{"rendered":"\n<p>Caterpillar ist einer der weltweit gr\u00f6\u00dften Hersteller von Baumaschinen, Bergbaumaschinen, Diesel\/Gasmotoren f\u00fcr diverse Zwecke (Blockheizkraftwerke, Schiffe) und den Bau Lokomotiven.<\/p>\n\n\n\n<p>In den letzten Jahren hat CAT sehr viele Zuk\u00e4ufe get\u00e4tigt um sich weiter zu diversifizieren.<\/p>\n\n\n\n<p>Caterpillar entstand im Jahre 1925 aus einem Zusammenschlu\u00df der beiden Firmen The Holt Manufacturing Company and C. L. Best Tractor Co.  Beide Firmen hatten bereits Ende des 19. Jahrhunderts mit dem Bau von Traktoren f\u00fcr die Landwirtschaft.<\/p>\n\n\n\n<p>Die Entwicklung meiner Beteiligung und der Dividenden daraus:<\/p>\n\n\n\n<figure><iframe loading=\"lazy\" width=\"600\" height=\"371\" height=\"371\" seamless frameborder=\"0\" scrolling=\"no\" src=\"https:\/\/docs.google.com\/spreadsheets\/d\/e\/2PACX-1vRdhtGwXn7wzbl5TcGF7iZkGoZZpUju13yrmjNpGIDmIyjrO0bco4pTvET7bLFzDcxoLyUP7QdYDzFl\/pubchart?oid=1962887988&amp;format=interactive\"><\/iframe><\/figure>\n\n\n\n<p>Die Dividendenentwickung:<\/p>\n\n\n\n<figure><iframe loading=\"lazy\" width=\"600\" height=\"371\" seamless=\"\" frameborder=\"0\" scrolling=\"no\" src=\"https:\/\/docs.google.com\/spreadsheets\/d\/e\/2PACX-1vRdhtGwXn7wzbl5TcGF7iZkGoZZpUju13yrmjNpGIDmIyjrO0bco4pTvET7bLFzDcxoLyUP7QdYDzFl\/pubchart?oid=1984062175&amp;format=interactive\"><\/iframe><\/figure>\n\n\n\n<p>Der Aktienchart \u00fcber die vergangenen 3 Jahre hinweg.<\/p>\n\n\n\n<h2 class=\"wp-block-heading\">Caterpillar Aktie<\/h2>\n\n\n\n<figure class=\"wp-block-image\"><a href=\"https:\/\/www.ariva.de\/caterpillar-aktie\"><img decoding=\"async\" src=\"https:\/\/www.ariva.de\/chart\/images\/arivachart?secu=398&amp;boerse_id=16&amp;t=3years&amp;displayLegend=0&amp;size=free&amp;width=720&amp;height=400&amp;antiAlias=1\" alt=\"Caterpillar Aktie Chart\"\/><\/a><\/figure>\n\n\n\n<p>Kursanbieter: <\/p>\n\n\n\n<figure class=\"wp-block-image\"><a href=\"http:\/\/www.ls-d.de\/\"><img decoding=\"async\" src=\"https:\/\/www.ariva.de\/i\/logo\/boersenplaetze\/16.png\" alt=\"L&amp;S RT\"\/><\/a><\/figure>\n","protected":false},"excerpt":{"rendered":"<p>Caterpillar ist einer der weltweit gr\u00f6\u00dften Hersteller von Baumaschinen, Bergbaumaschinen, Diesel\/Gasmotoren f\u00fcr diverse Zwecke (Blockheizkraftwerke, Schiffe) und den Bau Lokomotiven. In den letzten Jahren hat CAT sehr viele Zuk\u00e4ufe get\u00e4tigt um sich weiter zu diversifizieren. Caterpillar entstand im Jahre 1925 aus einem Zusammenschlu\u00df der beiden Firmen The Holt Manufacturing Company and C. L. Best Tractor &hellip; <\/p>\n<p class=\"link-more\"><a href=\"https:\/\/veschber.myds.me\/wordpress\/caterpillar-inc\" class=\"more-link\"><span class=\"screen-reader-text\">\u201eCaterpillar Inc.\u201c <\/span>weiterlesen<\/a><\/p>\n","protected":false},"author":1,"featured_media":0,"parent":0,"menu_order":0,"comment_status":"closed","ping_status":"closed","template":"","meta":{"inline_featured_image":false,"ngg_post_thumbnail":0,"footnotes":""},"class_list":["post-3366","page","type-page","status-publish","hentry"],"_links":{"self":[{"href":"https:\/\/veschber.myds.me\/wordpress\/wp-json\/wp\/v2\/pages\/3366","targetHints":{"allow":["GET"]}}],"collection":[{"href":"https:\/\/veschber.myds.me\/wordpress\/wp-json\/wp\/v2\/pages"}],"about":[{"href":"https:\/\/veschber.myds.me\/wordpress\/wp-json\/wp\/v2\/types\/page"}],"author":[{"embeddable":true,"href":"https:\/\/veschber.myds.me\/wordpress\/wp-json\/wp\/v2\/users\/1"}],"replies":[{"embeddable":true,"href":"https:\/\/veschber.myds.me\/wordpress\/wp-json\/wp\/v2\/comments?post=3366"}],"version-history":[{"count":3,"href":"https:\/\/veschber.myds.me\/wordpress\/wp-json\/wp\/v2\/pages\/3366\/revisions"}],"predecessor-version":[{"id":3524,"href":"https:\/\/veschber.myds.me\/wordpress\/wp-json\/wp\/v2\/pages\/3366\/revisions\/3524"}],"wp:attachment":[{"href":"https:\/\/veschber.myds.me\/wordpress\/wp-json\/wp\/v2\/media?parent=3366"}],"curies":[{"name":"wp","href":"https:\/\/api.w.org\/{rel}","templated":true}]}}