{"id":3488,"date":"2019-04-14T10:00:57","date_gmt":"2019-04-14T08:00:57","guid":{"rendered":"https:\/\/veschber.myds.me\/wordpress\/?page_id=3488"},"modified":"2019-04-14T14:44:21","modified_gmt":"2019-04-14T12:44:21","slug":"telstra-corp","status":"publish","type":"page","link":"https:\/\/veschber.myds.me\/wordpress\/telstra-corp","title":{"rendered":"Telstra Corp."},"content":{"rendered":"\n<p>Telstra ging als Tochter aus der Australischen Post hervor, welche 1901 gegr\u00fcndet wurde. Urspr\u00fcnglich wurden in Ihr die Auslandsaktivit\u00e4ten hinsichtlich Telekommunikationsleistungen geb\u00fcndelt, sp\u00e4ter auch die inl\u00e4ndischen auf Sie verschmolzen. Im Jahre 1997 ging sie an die australische B\u00f6rse.<\/p>\n\n\n\n<p>Leider hielt die Aktie nicht ganz das was ich mir von Ihr versprach, sodass sie mittlerweile (2019), mit einem deutlichen Minus in den B\u00fcchern steht. Auch die Dividendenzahlungen sind r\u00fcckl\u00e4ufig.<\/p>\n\n\n\n<p>Der Chart die Dividendenentwicklung:<\/p>\n\n\n\n<figure><iframe loading=\"lazy\" width=\"600\" height=\"371\" seamless=\"\" frameborder=\"0\" scrolling=\"no\" src=\"https:\/\/docs.google.com\/spreadsheets\/d\/e\/2PACX-1vRdhtGwXn7wzbl5TcGF7iZkGoZZpUju13yrmjNpGIDmIyjrO0bco4pTvET7bLFzDcxoLyUP7QdYDzFl\/pubchart?oid=830993480&amp;format=interactive\"><\/iframe><\/figure>\n\n\n\n<p>Und der Chart meiner Anteile mit den entsprechenden Zahlungen:<\/p>\n\n\n\n<figure><iframe loading=\"lazy\" width=\"600\" height=\"371\" seamless=\"\" frameborder=\"0\" scrolling=\"no\" src=\"https:\/\/docs.google.com\/spreadsheets\/d\/e\/2PACX-1vRdhtGwXn7wzbl5TcGF7iZkGoZZpUju13yrmjNpGIDmIyjrO0bco4pTvET7bLFzDcxoLyUP7QdYDzFl\/pubchart?oid=765198076&amp;format=interactive\"><\/iframe><\/figure>\n\n\n\n<p>Der Aktienchart:<\/p>\n\n\n\n<figure class=\"wp-block-image\"><a href=\"https:\/\/www.ariva.de\/telstra-aktie\"><img decoding=\"async\" src=\"https:\/\/www.ariva.de\/chart\/images\/arivachart?secu=3926&amp;boerse_id=16&amp;t=3years&amp;displayLegend=0&amp;size=free&amp;width=720&amp;height=400&amp;antiAlias=1\" alt=\"Telstra Aktie Chart\"\/><\/a><\/figure>\n\n\n\n<p>Kursanbieter: <\/p>\n\n\n\n<figure class=\"wp-block-image\"><a href=\"http:\/\/www.ls-d.de\/\"><img decoding=\"async\" src=\"https:\/\/www.ariva.de\/i\/logo\/boersenplaetze\/16.png\" alt=\"L&amp;S RT\"\/><\/a><\/figure>\n","protected":false},"excerpt":{"rendered":"<p>Telstra ging als Tochter aus der Australischen Post hervor, welche 1901 gegr\u00fcndet wurde. Urspr\u00fcnglich wurden in Ihr die Auslandsaktivit\u00e4ten hinsichtlich Telekommunikationsleistungen geb\u00fcndelt, sp\u00e4ter auch die inl\u00e4ndischen auf Sie verschmolzen. Im Jahre 1997 ging sie an die australische B\u00f6rse. Leider hielt die Aktie nicht ganz das was ich mir von Ihr versprach, sodass sie mittlerweile (2019), &hellip; <\/p>\n<p class=\"link-more\"><a href=\"https:\/\/veschber.myds.me\/wordpress\/telstra-corp\" class=\"more-link\"><span class=\"screen-reader-text\">\u201eTelstra Corp.\u201c <\/span>weiterlesen<\/a><\/p>\n","protected":false},"author":1,"featured_media":0,"parent":0,"menu_order":0,"comment_status":"closed","ping_status":"closed","template":"","meta":{"inline_featured_image":false,"ngg_post_thumbnail":0,"footnotes":""},"class_list":["post-3488","page","type-page","status-publish","hentry"],"_links":{"self":[{"href":"https:\/\/veschber.myds.me\/wordpress\/wp-json\/wp\/v2\/pages\/3488","targetHints":{"allow":["GET"]}}],"collection":[{"href":"https:\/\/veschber.myds.me\/wordpress\/wp-json\/wp\/v2\/pages"}],"about":[{"href":"https:\/\/veschber.myds.me\/wordpress\/wp-json\/wp\/v2\/types\/page"}],"author":[{"embeddable":true,"href":"https:\/\/veschber.myds.me\/wordpress\/wp-json\/wp\/v2\/users\/1"}],"replies":[{"embeddable":true,"href":"https:\/\/veschber.myds.me\/wordpress\/wp-json\/wp\/v2\/comments?post=3488"}],"version-history":[{"count":2,"href":"https:\/\/veschber.myds.me\/wordpress\/wp-json\/wp\/v2\/pages\/3488\/revisions"}],"predecessor-version":[{"id":3505,"href":"https:\/\/veschber.myds.me\/wordpress\/wp-json\/wp\/v2\/pages\/3488\/revisions\/3505"}],"wp:attachment":[{"href":"https:\/\/veschber.myds.me\/wordpress\/wp-json\/wp\/v2\/media?parent=3488"}],"curies":[{"name":"wp","href":"https:\/\/api.w.org\/{rel}","templated":true}]}}