{"id":3492,"date":"2019-04-14T10:31:54","date_gmt":"2019-04-14T08:31:54","guid":{"rendered":"https:\/\/veschber.myds.me\/wordpress\/?page_id=3492"},"modified":"2019-04-14T14:44:04","modified_gmt":"2019-04-14T12:44:04","slug":"ibm-corp","status":"publish","type":"page","link":"https:\/\/veschber.myds.me\/wordpress\/ibm-corp","title":{"rendered":"IBM Corp."},"content":{"rendered":"\n<p>IBM geht auf ein Herman Hollerith 1896 gegr\u00fcndetes Tabulating Machine Company zur\u00fcck. Hollerith war Sohn deutscher Einwanderer, welche Mitte des 19. Jahrhunderts auswanderten.<\/p>\n\n\n\n<p>IBM (bzw. seine Vorg\u00e4nger) wuchsen rasch zu dem gr\u00f6\u00dften Unternehmen, welches Lochkartensysteme vertrieb und sich um dessen Auswertung k\u00fcmmerte. In der Nachkriegszeit, war es IBM welche die ersten Computer entwickelten und vertrieben. Anfang der 1980er war es IBM, welche den Personalcomputer (IBM-PC) bauten und verkauften, unter Verwendung von frei verk\u00e4uflicher Hardware. Der Siegeszug der PC in heimische Gefilde und Unternehmen war damit gelegt, auch wenn es nicht IBM war, welche davon profitierten. Andere Firmen, bauten billigere Rechner unter Zuhilfenahme von Standardkomponenten. So verkaufte IBM sp\u00e4ter den Bau von Festplatten an Hitachi, den Bau von Rechnern unter der Marke ThinkPad an Lenovo und verabschiedete sich aus dem Markt.<\/p>\n\n\n\n<p>IBM konzentrierte sich daher in den Folgen Jahren, mehr auf Unternehmensanwendungen und Server. So entstand auch die IBM Cloud und die diversen Anwendungen in Ihr. Der Bau von Prozessoren auch au\u00dferhalb des X86 Standards, wird weiterhin durch die PowerProzessoren verfolgt, welche weiterhin im Servermarkt sehr erfolgreich sind.<\/p>\n\n\n\n<p>Die Entwicklung der Dividende:<\/p>\n\n\n\n<figure><iframe loading=\"lazy\" width=\"600\" height=\"371\" seamless=\"\" frameborder=\"0\" scrolling=\"no\" src=\"https:\/\/docs.google.com\/spreadsheets\/d\/e\/2PACX-1vRdhtGwXn7wzbl5TcGF7iZkGoZZpUju13yrmjNpGIDmIyjrO0bco4pTvET7bLFzDcxoLyUP7QdYDzFl\/pubchart?oid=1781780859&amp;format=interactive\"><\/iframe><\/figure>\n\n\n\n<p>Und die Entwicklung meiner Anteile:<\/p>\n\n\n\n<figure><iframe loading=\"lazy\" width=\"600\" height=\"371\" seamless=\"\" frameborder=\"0\" scrolling=\"no\" src=\"https:\/\/docs.google.com\/spreadsheets\/d\/e\/2PACX-1vRdhtGwXn7wzbl5TcGF7iZkGoZZpUju13yrmjNpGIDmIyjrO0bco4pTvET7bLFzDcxoLyUP7QdYDzFl\/pubchart?oid=984664311&amp;format=interactive\"><\/iframe><\/figure>\n\n\n\n<p>Und zu guter letzt, der Aktienchart von IBM<\/p>\n\n\n\n<figure class=\"wp-block-image\"><a href=\"https:\/\/www.ariva.de\/ibm-aktie\"><img decoding=\"async\" src=\"https:\/\/www.ariva.de\/chart\/images\/arivachart?secu=409&amp;boerse_id=16&amp;t=3years&amp;displayLegend=0&amp;size=free&amp;width=720&amp;height=400&amp;antiAlias=1\" alt=\"IBM Aktie Chart\"\/><\/a><\/figure>\n\n\n\n<p>Kursanbieter: <\/p>\n\n\n\n<figure class=\"wp-block-image\"><a href=\"http:\/\/www.ls-d.de\/\"><img decoding=\"async\" src=\"https:\/\/www.ariva.de\/i\/logo\/boersenplaetze\/16.png\" alt=\"L&amp;S RT\"\/><\/a><\/figure>\n","protected":false},"excerpt":{"rendered":"<p>IBM geht auf ein Herman Hollerith 1896 gegr\u00fcndetes Tabulating Machine Company zur\u00fcck. Hollerith war Sohn deutscher Einwanderer, welche Mitte des 19. Jahrhunderts auswanderten. IBM (bzw. seine Vorg\u00e4nger) wuchsen rasch zu dem gr\u00f6\u00dften Unternehmen, welches Lochkartensysteme vertrieb und sich um dessen Auswertung k\u00fcmmerte. In der Nachkriegszeit, war es IBM welche die ersten Computer entwickelten und vertrieben. &hellip; <\/p>\n<p class=\"link-more\"><a href=\"https:\/\/veschber.myds.me\/wordpress\/ibm-corp\" class=\"more-link\"><span class=\"screen-reader-text\">\u201eIBM Corp.\u201c <\/span>weiterlesen<\/a><\/p>\n","protected":false},"author":1,"featured_media":0,"parent":0,"menu_order":0,"comment_status":"closed","ping_status":"closed","template":"","meta":{"inline_featured_image":false,"ngg_post_thumbnail":0,"footnotes":""},"class_list":["post-3492","page","type-page","status-publish","hentry"],"_links":{"self":[{"href":"https:\/\/veschber.myds.me\/wordpress\/wp-json\/wp\/v2\/pages\/3492","targetHints":{"allow":["GET"]}}],"collection":[{"href":"https:\/\/veschber.myds.me\/wordpress\/wp-json\/wp\/v2\/pages"}],"about":[{"href":"https:\/\/veschber.myds.me\/wordpress\/wp-json\/wp\/v2\/types\/page"}],"author":[{"embeddable":true,"href":"https:\/\/veschber.myds.me\/wordpress\/wp-json\/wp\/v2\/users\/1"}],"replies":[{"embeddable":true,"href":"https:\/\/veschber.myds.me\/wordpress\/wp-json\/wp\/v2\/comments?post=3492"}],"version-history":[{"count":2,"href":"https:\/\/veschber.myds.me\/wordpress\/wp-json\/wp\/v2\/pages\/3492\/revisions"}],"predecessor-version":[{"id":3504,"href":"https:\/\/veschber.myds.me\/wordpress\/wp-json\/wp\/v2\/pages\/3492\/revisions\/3504"}],"wp:attachment":[{"href":"https:\/\/veschber.myds.me\/wordpress\/wp-json\/wp\/v2\/media?parent=3492"}],"curies":[{"name":"wp","href":"https:\/\/api.w.org\/{rel}","templated":true}]}}