{"id":3496,"date":"2019-04-14T14:39:44","date_gmt":"2019-04-14T12:39:44","guid":{"rendered":"https:\/\/veschber.myds.me\/wordpress\/?page_id=3496"},"modified":"2019-04-14T14:43:23","modified_gmt":"2019-04-14T12:43:23","slug":"bp-p-l-c","status":"publish","type":"page","link":"https:\/\/veschber.myds.me\/wordpress\/bp-p-l-c","title":{"rendered":"BP p.l.c."},"content":{"rendered":"\n<figure class=\"wp-block-image\"><img loading=\"lazy\" decoding=\"async\" width=\"1024\" height=\"709\" src=\"https:\/\/veschber.myds.me:443\/wordpress\/wp-content\/uploads\/2019\/04\/14599315040_6cbe4499e4_k-1024x709.jpg\" alt=\"\" class=\"wp-image-3498\" srcset=\"https:\/\/veschber.myds.me:443\/wordpress\/wp-content\/uploads\/2019\/04\/14599315040_6cbe4499e4_k-1024x709.jpg 1024w, https:\/\/veschber.myds.me:443\/wordpress\/wp-content\/uploads\/2019\/04\/14599315040_6cbe4499e4_k-300x208.jpg 300w, https:\/\/veschber.myds.me:443\/wordpress\/wp-content\/uploads\/2019\/04\/14599315040_6cbe4499e4_k-768x531.jpg 768w, https:\/\/veschber.myds.me:443\/wordpress\/wp-content\/uploads\/2019\/04\/14599315040_6cbe4499e4_k.jpg 2048w\" sizes=\"auto, (max-width: 767px) 89vw, (max-width: 1000px) 54vw, (max-width: 1071px) 543px, 580px\" \/><figcaption>An attendant refuelling a motorcar at a small roadside Olex gasoline station in Germany during the 1920s. Olex was BP&#8217;s first German subsidiary.<\/figcaption><\/figure>\n\n\n\n<p>Die Geschichte von British Petroleum (BP) begann 1904 in Deutschland. Klingt zwar sonderbar, zeigt aber auch wie sich Marken und Markennamen entwickeln. So entstand 1904 die Deutsche Petroleum AG, welche bereits 2 Jahre sp\u00e4ter ihre britische Tochter (bp) gr\u00fcndete. Zu Beginn des 1. Weltkrieges wurden deutsche Firmen in UK enteignet und die Tochter wurde einer britischen Firma zugeordnet. Die Anglo-Persian Oil Company (britisches Staatseigentum) hatte nach dem 2. Weltkrieg das Problem, das ihre Raffinerien und \u00d6lf\u00f6rderst\u00e4tten im IRAN zwangsenteignet wurden. Der verbliebene britische Restanteil wurde wieder in bp umbenannt und begann durch Zuk\u00e4ufe und Fusionen zu wachsen. So wurde in den 90er Jahren Amoco in den USA erworben, sowie Anteile an TNK in Russland (sp\u00e4ter verkauft an Rosneft, wobei hier ein Anteil von 19,75 % gehalten wird).<\/p>\n\n\n\n<p>Das Bild oben zeigt eine der ersten Tankstellen in Deutschland in den 20er Jahren, damals noch unter dem Markenname olex (Aktiengesellschaft f\u00fcr \u00f6sterreichische und ungarische Mineral\u00f6lprodukte).<\/p>\n\n\n\n<p>Die Entwicklung der Aktie, sowie der Dividende spiegelt leider auch die unsch\u00f6nen Seiten des \u00d6l wieder. In den 2010er gab es eine schwerwiegende Katastrophe vor der K\u00fcste Texas, welche das Unternehmen mehrere Milliarden Dollar und viel Reputation kosteten.<\/p>\n\n\n\n<p>Die Entwicklung der Dividende:<\/p>\n\n\n\n<figure><iframe loading=\"lazy\" width=\"600\" height=\"371\" seamless=\"\" frameborder=\"0\" scrolling=\"no\" src=\"https:\/\/docs.google.com\/spreadsheets\/d\/e\/2PACX-1vRdhtGwXn7wzbl5TcGF7iZkGoZZpUju13yrmjNpGIDmIyjrO0bco4pTvET7bLFzDcxoLyUP7QdYDzFl\/pubchart?oid=1773594400&amp;format=interactive\"><\/iframe><\/figure>\n\n\n\n<p>Die Entwicklung meiner Anteile und der Dividendenzahlung:<\/p>\n\n\n\n<figure><iframe loading=\"lazy\" width=\"600\" height=\"371\" seamless=\"\" frameborder=\"0\" scrolling=\"no\" src=\"https:\/\/docs.google.com\/spreadsheets\/d\/e\/2PACX-1vRdhtGwXn7wzbl5TcGF7iZkGoZZpUju13yrmjNpGIDmIyjrO0bco4pTvET7bLFzDcxoLyUP7QdYDzFl\/pubchart?oid=2002117451&amp;format=interactive\"><\/iframe><\/figure>\n\n\n\n<p>Die Entwicklung der Aktie:<\/p>\n\n\n\n<figure class=\"wp-block-image\"><a href=\"https:\/\/www.ariva.de\/bp-aktie\"><img decoding=\"async\" src=\"https:\/\/www.ariva.de\/chart\/images\/arivachart?secu=610&amp;boerse_id=16&amp;t=3years&amp;displayLegend=0&amp;size=free&amp;width=720&amp;height=400&amp;antiAlias=1\" alt=\"BP Aktie Chart\"\/><\/a><\/figure>\n\n\n\n<p>Kursanbieter: <\/p>\n\n\n\n<figure class=\"wp-block-image\"><a href=\"http:\/\/www.ls-d.de\/\"><img decoding=\"async\" src=\"https:\/\/www.ariva.de\/i\/logo\/boersenplaetze\/16.png\" alt=\"L&amp;S RT\"\/><\/a><\/figure>\n","protected":false},"excerpt":{"rendered":"<p>Die Geschichte von British Petroleum (BP) begann 1904 in Deutschland. Klingt zwar sonderbar, zeigt aber auch wie sich Marken und Markennamen entwickeln. So entstand 1904 die Deutsche Petroleum AG, welche bereits 2 Jahre sp\u00e4ter ihre britische Tochter (bp) gr\u00fcndete. Zu Beginn des 1. Weltkrieges wurden deutsche Firmen in UK enteignet und die Tochter wurde einer &hellip; <\/p>\n<p class=\"link-more\"><a href=\"https:\/\/veschber.myds.me\/wordpress\/bp-p-l-c\" class=\"more-link\"><span class=\"screen-reader-text\">\u201eBP p.l.c.\u201c <\/span>weiterlesen<\/a><\/p>\n","protected":false},"author":1,"featured_media":0,"parent":0,"menu_order":0,"comment_status":"closed","ping_status":"closed","template":"","meta":{"inline_featured_image":false,"ngg_post_thumbnail":0,"footnotes":""},"class_list":["post-3496","page","type-page","status-publish","hentry"],"_links":{"self":[{"href":"https:\/\/veschber.myds.me\/wordpress\/wp-json\/wp\/v2\/pages\/3496","targetHints":{"allow":["GET"]}}],"collection":[{"href":"https:\/\/veschber.myds.me\/wordpress\/wp-json\/wp\/v2\/pages"}],"about":[{"href":"https:\/\/veschber.myds.me\/wordpress\/wp-json\/wp\/v2\/types\/page"}],"author":[{"embeddable":true,"href":"https:\/\/veschber.myds.me\/wordpress\/wp-json\/wp\/v2\/users\/1"}],"replies":[{"embeddable":true,"href":"https:\/\/veschber.myds.me\/wordpress\/wp-json\/wp\/v2\/comments?post=3496"}],"version-history":[{"count":3,"href":"https:\/\/veschber.myds.me\/wordpress\/wp-json\/wp\/v2\/pages\/3496\/revisions"}],"predecessor-version":[{"id":3503,"href":"https:\/\/veschber.myds.me\/wordpress\/wp-json\/wp\/v2\/pages\/3496\/revisions\/3503"}],"wp:attachment":[{"href":"https:\/\/veschber.myds.me\/wordpress\/wp-json\/wp\/v2\/media?parent=3496"}],"curies":[{"name":"wp","href":"https:\/\/api.w.org\/{rel}","templated":true}]}}