{"id":3514,"date":"2019-04-22T07:04:03","date_gmt":"2019-04-22T05:04:03","guid":{"rendered":"https:\/\/veschber.myds.me\/wordpress\/?page_id=3514"},"modified":"2019-04-22T07:08:57","modified_gmt":"2019-04-22T05:08:57","slug":"union-pacific-corp","status":"publish","type":"page","link":"https:\/\/veschber.myds.me\/wordpress\/union-pacific-corp","title":{"rendered":"Union Pacific Corp."},"content":{"rendered":"\n<div class=\"wp-block-image\"><figure class=\"aligncenter\"><img loading=\"lazy\" decoding=\"async\" width=\"1024\" height=\"327\" src=\"https:\/\/veschber.myds.me:443\/wordpress\/wp-content\/uploads\/2019\/04\/img_up_hp_cover_lr-1024x327.jpg\" alt=\"\" class=\"wp-image-3515\" srcset=\"https:\/\/veschber.myds.me:443\/wordpress\/wp-content\/uploads\/2019\/04\/img_up_hp_cover_lr-1024x327.jpg 1024w, https:\/\/veschber.myds.me:443\/wordpress\/wp-content\/uploads\/2019\/04\/img_up_hp_cover_lr-300x96.jpg 300w, https:\/\/veschber.myds.me:443\/wordpress\/wp-content\/uploads\/2019\/04\/img_up_hp_cover_lr-768x245.jpg 768w, https:\/\/veschber.myds.me:443\/wordpress\/wp-content\/uploads\/2019\/04\/img_up_hp_cover_lr.jpg 1536w\" sizes=\"auto, (max-width: 767px) 89vw, (max-width: 1000px) 54vw, (max-width: 1071px) 543px, 580px\" \/><\/figure><\/div>\n\n\n\n<p>Union Pacific wurde 1862 gegr\u00fcndet und erhielt im selben Jahr die Konzession zum Bau einer Eisenbahnstrecke nach Kalifornien durch Abraham Lincoln. <\/p>\n\n\n\n<div class=\"wp-block-image\"><figure class=\"aligncenter is-resized\"><img loading=\"lazy\" decoding=\"async\" src=\"https:\/\/veschber.myds.me:443\/wordpress\/wp-content\/uploads\/2019\/04\/img_up-elk-up-logo_mr-848x1024.jpg\" alt=\"\" class=\"wp-image-3516\" width=\"212\" height=\"256\" srcset=\"https:\/\/veschber.myds.me:443\/wordpress\/wp-content\/uploads\/2019\/04\/img_up-elk-up-logo_mr-848x1024.jpg 848w, https:\/\/veschber.myds.me:443\/wordpress\/wp-content\/uploads\/2019\/04\/img_up-elk-up-logo_mr-248x300.jpg 248w, https:\/\/veschber.myds.me:443\/wordpress\/wp-content\/uploads\/2019\/04\/img_up-elk-up-logo_mr-768x928.jpg 768w, https:\/\/veschber.myds.me:443\/wordpress\/wp-content\/uploads\/2019\/04\/img_up-elk-up-logo_mr.jpg 894w\" sizes=\"auto, (max-width: 212px) 100vw, 212px\" \/><figcaption>Erstes Logo von Union Pacific<\/figcaption><\/figure><\/div>\n\n\n\n<p>Als es im Jahre 1865 mit dem Bau Strecke los ging, hatte Union Pacific mehr als 20.000 Arbeiter f\u00fcr das verlegen der Gleise. So wurden zum Teil bis zu 9 Km Schiene pro Tag verlegt. Im Verlauf der Jahre \u00fcbernahm Union Pacific mehrere Konkurrenten und ist heute neben BNSF, der g\u00f6\u00dfte Eisenbahnkonzern der USA. Anfang der 1970er verkaufte sie Ihr Personenfernverkehrsgesch\u00e4ft an Amtrak.  Heute besitzt Union Pacific mehr als 8.500 Loks und 65.000 G\u00fcterwaggons.<\/p>\n\n\n\n<p>Meine Anteile und deren Dividende:<\/p>\n\n\n\n<figure><iframe loading=\"lazy\" width=\"600\" height=\"371\" seamless=\"\" frameborder=\"0\" scrolling=\"no\" src=\"https:\/\/docs.google.com\/spreadsheets\/d\/e\/2PACX-1vRdhtGwXn7wzbl5TcGF7iZkGoZZpUju13yrmjNpGIDmIyjrO0bco4pTvET7bLFzDcxoLyUP7QdYDzFl\/pubchart?oid=316166393&amp;format=interactive\"><\/iframe><\/figure>\n\n\n\n<p>Und die Dividendenentwicklung:<\/p>\n\n\n\n<figure><iframe loading=\"lazy\" width=\"600\" height=\"371\" seamless=\"\" frameborder=\"0\" scrolling=\"no\" src=\"https:\/\/docs.google.com\/spreadsheets\/d\/e\/2PACX-1vRdhtGwXn7wzbl5TcGF7iZkGoZZpUju13yrmjNpGIDmIyjrO0bco4pTvET7bLFzDcxoLyUP7QdYDzFl\/pubchart?oid=1923968459&amp;format=interactive\"><\/iframe><\/figure>\n\n\n\n<p>Der Aktienchart:<\/p>\n\n\n\n<figure class=\"wp-block-image\"><a href=\"https:\/\/www.ariva.de\/union_pacific-aktie\"><img decoding=\"async\" src=\"https:\/\/www.ariva.de\/chart\/images\/arivachart?secu=5048&amp;boerse_id=16&amp;t=3years&amp;displayLegend=0&amp;size=free&amp;width=720&amp;height=400&amp;antiAlias=1\" alt=\"Union Pacific Aktie Chart\"\/><\/a><\/figure>\n\n\n\n<p>Kursanbieter: <\/p>\n\n\n\n<figure class=\"wp-block-image\"><a href=\"http:\/\/www.ls-d.de\/\"><img decoding=\"async\" src=\"https:\/\/www.ariva.de\/i\/logo\/boersenplaetze\/16.png\" alt=\"L&amp;S RT\"\/><\/a><\/figure>\n","protected":false},"excerpt":{"rendered":"<p>Union Pacific wurde 1862 gegr\u00fcndet und erhielt im selben Jahr die Konzession zum Bau einer Eisenbahnstrecke nach Kalifornien durch Abraham Lincoln. Als es im Jahre 1865 mit dem Bau Strecke los ging, hatte Union Pacific mehr als 20.000 Arbeiter f\u00fcr das verlegen der Gleise. So wurden zum Teil bis zu 9 Km Schiene pro Tag &hellip; <\/p>\n<p class=\"link-more\"><a href=\"https:\/\/veschber.myds.me\/wordpress\/union-pacific-corp\" class=\"more-link\"><span class=\"screen-reader-text\">\u201eUnion Pacific Corp.\u201c <\/span>weiterlesen<\/a><\/p>\n","protected":false},"author":1,"featured_media":0,"parent":0,"menu_order":0,"comment_status":"closed","ping_status":"closed","template":"","meta":{"inline_featured_image":false,"ngg_post_thumbnail":0,"footnotes":""},"class_list":["post-3514","page","type-page","status-publish","hentry"],"_links":{"self":[{"href":"https:\/\/veschber.myds.me\/wordpress\/wp-json\/wp\/v2\/pages\/3514","targetHints":{"allow":["GET"]}}],"collection":[{"href":"https:\/\/veschber.myds.me\/wordpress\/wp-json\/wp\/v2\/pages"}],"about":[{"href":"https:\/\/veschber.myds.me\/wordpress\/wp-json\/wp\/v2\/types\/page"}],"author":[{"embeddable":true,"href":"https:\/\/veschber.myds.me\/wordpress\/wp-json\/wp\/v2\/users\/1"}],"replies":[{"embeddable":true,"href":"https:\/\/veschber.myds.me\/wordpress\/wp-json\/wp\/v2\/comments?post=3514"}],"version-history":[{"count":4,"href":"https:\/\/veschber.myds.me\/wordpress\/wp-json\/wp\/v2\/pages\/3514\/revisions"}],"predecessor-version":[{"id":3522,"href":"https:\/\/veschber.myds.me\/wordpress\/wp-json\/wp\/v2\/pages\/3514\/revisions\/3522"}],"wp:attachment":[{"href":"https:\/\/veschber.myds.me\/wordpress\/wp-json\/wp\/v2\/media?parent=3514"}],"curies":[{"name":"wp","href":"https:\/\/api.w.org\/{rel}","templated":true}]}}