{"id":3527,"date":"2019-04-22T17:22:21","date_gmt":"2019-04-22T15:22:21","guid":{"rendered":"https:\/\/veschber.myds.me\/wordpress\/?page_id=3527"},"modified":"2019-04-22T17:22:21","modified_gmt":"2019-04-22T15:22:21","slug":"cracker-barrel-old-country-store-inc","status":"publish","type":"page","link":"https:\/\/veschber.myds.me\/wordpress\/cracker-barrel-old-country-store-inc","title":{"rendered":"Cracker Barrel Old Country Store, Inc."},"content":{"rendered":"\n<figure class=\"wp-block-image\"><img loading=\"lazy\" decoding=\"async\" width=\"800\" height=\"421\" src=\"https:\/\/veschber.myds.me:443\/wordpress\/wp-content\/uploads\/2019\/04\/CBLogoRGB_300dpi_196_2539_low.jpg\" alt=\"\" class=\"wp-image-3528\" srcset=\"https:\/\/veschber.myds.me:443\/wordpress\/wp-content\/uploads\/2019\/04\/CBLogoRGB_300dpi_196_2539_low.jpg 800w, https:\/\/veschber.myds.me:443\/wordpress\/wp-content\/uploads\/2019\/04\/CBLogoRGB_300dpi_196_2539_low-300x158.jpg 300w, https:\/\/veschber.myds.me:443\/wordpress\/wp-content\/uploads\/2019\/04\/CBLogoRGB_300dpi_196_2539_low-768x404.jpg 768w\" sizes=\"auto, (max-width: 767px) 89vw, (max-width: 1000px) 54vw, (max-width: 1071px) 543px, 580px\" \/><\/figure>\n\n\n\n<p>Die Restaurantkette er\u00f6ffnet 1969 seine ersten Filiale, um den Benzinabsatz an Tankstellen zu steigern. Ab den 80ern reduzierte sie die Filialen mit Tankstellen, bis es schlie\u00dflich nur noch Restaurants und Geschenkartikell\u00e4den an Autobahnen und Landstrassen gab.<\/p>\n\n\n\n<p>1981 ging das Unternehmen an die B\u00f6rse und brachte dabei eine halbe Million Aktien an die B\u00f6rse.<\/p>\n\n\n\n<p>Schnell wuchs die Kette auf \u00fcber 400 Restaurants und hat 2019 bereits  \u00fcber 650 Restaurants.<\/p>\n\n\n\n<p>Die Geschichte des Unternehmens kann man <a href=\"https:\/\/crackerbarrel.com\/about\/heritage-and-history\">hier <\/a>nachlesen.<\/p>\n\n\n\n<p>Die Entwicklung meiner Aktien \/ Dividenden:<\/p>\n\n\n\n<figure><iframe loading=\"lazy\" width=\"600\" height=\"371\" seamless frameborder=\"0\" scrolling=\"no\" src=\"https:\/\/docs.google.com\/spreadsheets\/d\/e\/2PACX-1vRdhtGwXn7wzbl5TcGF7iZkGoZZpUju13yrmjNpGIDmIyjrO0bco4pTvET7bLFzDcxoLyUP7QdYDzFl\/pubchart?oid=1795602355&amp;format=interactive\"><\/iframe><\/figure>\n\n\n\n<p>Die Dividendenentwicklung:<\/p>\n\n\n\n<figure><iframe loading=\"lazy\" width=\"600\" height=\"371\" seamless frameborder=\"0\" scrolling=\"no\" src=\"https:\/\/docs.google.com\/spreadsheets\/d\/e\/2PACX-1vRdhtGwXn7wzbl5TcGF7iZkGoZZpUju13yrmjNpGIDmIyjrO0bco4pTvET7bLFzDcxoLyUP7QdYDzFl\/pubchart?oid=727156411&amp;format=interactive\"><\/iframe><\/figure>\n\n\n\n<p>Und dann noch der Chart:<\/p>\n\n\n\n<figure class=\"wp-block-image\"><a href=\"https:\/\/www.ariva.de\/cracker_barrel_old_country_store-aktie\"><img decoding=\"async\" src=\"https:\/\/www.ariva.de\/chart\/images\/arivachart?secu=3127&amp;boerse_id=16&amp;t=3years&amp;displayLegend=0&amp;size=free&amp;width=720&amp;height=400&amp;antiAlias=1\" alt=\"Cracker Barrel Old Country Store Aktie Chart\"\/><\/a><\/figure>\n\n\n\n<p>Kursanbieter: <\/p>\n\n\n\n<figure class=\"wp-block-image\"><a href=\"http:\/\/www.ls-d.de\/\"><img decoding=\"async\" src=\"https:\/\/www.ariva.de\/i\/logo\/boersenplaetze\/16.png\" alt=\"L&amp;S RT\"\/><\/a><\/figure>\n","protected":false},"excerpt":{"rendered":"<p>Die Restaurantkette er\u00f6ffnet 1969 seine ersten Filiale, um den Benzinabsatz an Tankstellen zu steigern. Ab den 80ern reduzierte sie die Filialen mit Tankstellen, bis es schlie\u00dflich nur noch Restaurants und Geschenkartikell\u00e4den an Autobahnen und Landstrassen gab. 1981 ging das Unternehmen an die B\u00f6rse und brachte dabei eine halbe Million Aktien an die B\u00f6rse. Schnell wuchs &hellip; <\/p>\n<p class=\"link-more\"><a href=\"https:\/\/veschber.myds.me\/wordpress\/cracker-barrel-old-country-store-inc\" class=\"more-link\"><span class=\"screen-reader-text\">\u201eCracker Barrel Old Country Store, Inc.\u201c <\/span>weiterlesen<\/a><\/p>\n","protected":false},"author":1,"featured_media":0,"parent":0,"menu_order":0,"comment_status":"closed","ping_status":"closed","template":"","meta":{"inline_featured_image":false,"ngg_post_thumbnail":0,"footnotes":""},"class_list":["post-3527","page","type-page","status-publish","hentry"],"_links":{"self":[{"href":"https:\/\/veschber.myds.me\/wordpress\/wp-json\/wp\/v2\/pages\/3527","targetHints":{"allow":["GET"]}}],"collection":[{"href":"https:\/\/veschber.myds.me\/wordpress\/wp-json\/wp\/v2\/pages"}],"about":[{"href":"https:\/\/veschber.myds.me\/wordpress\/wp-json\/wp\/v2\/types\/page"}],"author":[{"embeddable":true,"href":"https:\/\/veschber.myds.me\/wordpress\/wp-json\/wp\/v2\/users\/1"}],"replies":[{"embeddable":true,"href":"https:\/\/veschber.myds.me\/wordpress\/wp-json\/wp\/v2\/comments?post=3527"}],"version-history":[{"count":1,"href":"https:\/\/veschber.myds.me\/wordpress\/wp-json\/wp\/v2\/pages\/3527\/revisions"}],"predecessor-version":[{"id":3530,"href":"https:\/\/veschber.myds.me\/wordpress\/wp-json\/wp\/v2\/pages\/3527\/revisions\/3530"}],"wp:attachment":[{"href":"https:\/\/veschber.myds.me\/wordpress\/wp-json\/wp\/v2\/media?parent=3527"}],"curies":[{"name":"wp","href":"https:\/\/api.w.org\/{rel}","templated":true}]}}