{"id":353,"date":"2015-03-15T18:14:06","date_gmt":"2015-03-15T17:14:06","guid":{"rendered":"http:\/\/veschber.myds.me\/wordpress\/?page_id=353"},"modified":"2025-01-11T08:08:04","modified_gmt":"2025-01-11T07:08:04","slug":"ziele","status":"publish","type":"page","link":"https:\/\/veschber.myds.me\/wordpress\/depot\/ziele","title":{"rendered":"Ziele"},"content":{"rendered":"<p>Nachdem ich im Jahre 2013 gezwungen war einen gro\u00dfen Teil meines Depots aufzul\u00f6sen und Werte z.T. mit Verlust verkauft hatte starte ich in 2015 neu. Ich hatte mir lediglich einen gr\u00f6\u00dferen Wert mit Reynolds American, 2 Spinoffs von Altria behalten (Kraft und Mondelez) und die Deutsche Telekom behalten. Die gr\u00f6\u00dften Dividendenzahler der vergangenen Jahre (dt. Energieversorger) sind nicht mehr im Depot.<\/p>\n<p>Aber wie man sieht hat sich Reynolds hervorragend die letzten Jahre entwickelt (2 Aktiensplitts) und zahlt eine sehr gute Dividende auf das eingesetzte Kapital. Auch die Telekom hat inzwischen an Wert gewonnen und zahlt flei\u00dfig Dividende.<\/p>\n<p>Das Ziel f\u00fcr 2015 ist es mindestens 12.000 Euro zus\u00e4tzliches Kapital in das Depot zu investieren und daraus dann 20 % gesteigerte Dividenden gegen\u00fcber dem Vorjahr zu erhalten. Das Ziel f\u00fcr 2015 liegt darin, das Depot wieder mehr zu diversifizieren um von der starken Abh\u00e4ngigkeit einer einzigen Firma (Reynolds American) weg zukommen.<\/p>\n<h6>Ziel 2015:<\/h6>\n<ul>\n<li>Kapitaleinlage um 12.000 \u20ac erh\u00f6hen<\/li>\n<li>Dividenden um 20% steigern auf 551,00 \u20ac<\/li>\n<\/ul>\n<ul>\n<li>Kapitaleinlage 35.746,81&nbsp;<span data-sheets-value=\"[null,3,null,35041.030000000006]\" data-sheets-userformat=\"[null,null,8193,[null,4,&quot;#,##0.00\\\\ [$\\u20ac-1]&quot;],null,null,null,null,null,null,null,null,null,null,null,null,11]\" data-sheets-formula=\"=sumifs(C[-3]:C[-3];C[-4]:C[-4];&quot;>01.01.2015&quot;;C[-4]:C[-4];&quot;<01.01.2016&quot;)\">&nbsp;\u20ac<\/span><span data-sheets-value=\"[null,3,null,16254.590000000004]\" data-sheets-userformat=\"[null,null,8193,[null,4,&quot;#,##0.00\\\\ [$\\u20ac-1]&quot;],null,null,null,null,null,null,null,null,null,null,null,null,11]\" data-sheets-formula=\"=sumifs(C[-3]:C[-3];C[-4]:C[-4];&quot;>01.01.2015&quot;;C[-4]:C[-4];&quot;<01.01.2016&quot;)\">&nbsp;<\/span>&nbsp; &nbsp; &nbsp; &#8211; &nbsp; &nbsp; bereits um mehr als 250&nbsp;% \u00fcbererf\u00fcllt<\/li>\n<li>Dividenden&nbsp;<span data-sheets-value=\"[null,3,null,1425.27]\" data-sheets-userformat=\"[null,null,1,[null,4,&quot;#,##0.00\\\\ [$\\u20ac-1]&quot;]]\" data-sheets-formula=\"=SUM(R[-13]C[0]:R[-2]C[0])\"><span data-sheets-value=\"[null,3,null,1479.9699999999998]\" data-sheets-userformat=\"[null,null,1,[null,4,&quot;#,##0.00\\\\ [$\\u20ac-1]&quot;]]\" data-sheets-formula=\"=SUM(R[-13]C[0]:R[-2]C[0])\">1.479,97 \u20ac<\/span><\/span>&nbsp; &nbsp; &nbsp; &nbsp; &nbsp; &nbsp; &nbsp; &nbsp;&#8211; &nbsp; &nbsp; bereits &gt; 200&nbsp;%&nbsp;erreicht<\/li>\n<li>Dividenden betrugen im Monatsschnitt 123,33 \u20ac<\/li>\n<\/ul>\n<p><a href=\"http:\/\/veschber.myds.me\/wordpress\/wp-content\/uploads\/2015\/03\/dividendenziel.png\" rel=\"attachment wp-att-1419\"><img loading=\"lazy\" decoding=\"async\" class=\"alignnone size-full wp-image-1419\" src=\"http:\/\/veschber.myds.me\/wordpress\/wp-content\/uploads\/2015\/03\/dividendenziel.png\" alt=\"dividendenziel\" width=\"382\" height=\"185\" srcset=\"https:\/\/veschber.myds.me:443\/wordpress\/wp-content\/uploads\/2015\/03\/dividendenziel.png 382w, https:\/\/veschber.myds.me:443\/wordpress\/wp-content\/uploads\/2015\/03\/dividendenziel-300x145.png 300w\" sizes=\"auto, (max-width: 382px) 100vw, 382px\" \/><\/a><\/p>\n\n\n<p>2015&nbsp;\u00bb\u00bb\u00bb Mission completed<\/p>\n\n\n\n<h4 class=\"wp-block-heading\">Ziel 2016<\/h4>\n\n\n\n<figure class=\"wp-block-image\"><a href=\"https:\/\/veschber.myds.me:443\/wordpress\/wp-content\/uploads\/2015\/03\/dividendenziel-1.png\"><img loading=\"lazy\" decoding=\"async\" width=\"441\" height=\"192\" src=\"https:\/\/veschber.myds.me:443\/wordpress\/wp-content\/uploads\/2015\/03\/dividendenziel-1.png\" alt=\"\" class=\"wp-image-2054\" srcset=\"https:\/\/veschber.myds.me:443\/wordpress\/wp-content\/uploads\/2015\/03\/dividendenziel-1.png 441w, https:\/\/veschber.myds.me:443\/wordpress\/wp-content\/uploads\/2015\/03\/dividendenziel-1-300x131.png 300w\" sizes=\"auto, (max-width: 441px) 100vw, 441px\" \/><\/a><\/figure>\n\n\n\n<ul class=\"wp-block-list\">\n<li>Dividenden um ~10 % steigern gg\u00fc. 2015 auf ca. 1.600,00 \u20ac<\/li>\n\n\n\n<li>Kapitaleinlage wird relativ gleichbleiben, d.h. es wird keine gro\u00dfen Zuk\u00e4ufe geben<\/li>\n\n\n\n<li>mtl. Sparraten fast allein aus den erzielten Dividenden\n<ul class=\"wp-block-list\">\n<li>AT &amp; T &#8211; 50,00 \u20ac<\/li>\n\n\n\n<li>Boeing &#8211; 50,00 \u20ac<\/li>\n\n\n\n<li>Pepsi &#8211; 50,00 \u20ac<\/li>\n<\/ul>\n<\/li>\n<\/ul>\n\n\n\n<p>\n\nStand 31.12.2016 &#8211; Dividenden erf\u00fcllt, Zuk\u00e4ufe fast bis zum Jahresende durchgehalten\n\n<\/p>\n\n\n\n<h4 class=\"wp-block-heading\">Ziel 2017<\/h4>\n\n\n\n<ul class=\"wp-block-list\">\n<li>Dividenden auf dem Niveau von 2015 halten\n<ul class=\"wp-block-list\">\n<li>~ 1.500,00 \u20ac<\/li>\n<\/ul>\n<\/li>\n<\/ul>\n\n\n\n<figure class=\"wp-block-image\"><a href=\"https:\/\/veschber.myds.me:443\/wordpress\/wp-content\/uploads\/2018\/01\/dividendenziel.png\"><img loading=\"lazy\" decoding=\"async\" width=\"438\" height=\"193\" src=\"https:\/\/veschber.myds.me:443\/wordpress\/wp-content\/uploads\/2018\/01\/dividendenziel.png\" alt=\"\" class=\"wp-image-2748\" srcset=\"https:\/\/veschber.myds.me:443\/wordpress\/wp-content\/uploads\/2018\/01\/dividendenziel.png 438w, https:\/\/veschber.myds.me:443\/wordpress\/wp-content\/uploads\/2018\/01\/dividendenziel-300x132.png 300w\" sizes=\"auto, (max-width: 438px) 100vw, 438px\" \/><\/a><\/figure>\n\n\n\n<p>2017 \u00bb\u00bb\u00bb&nbsp; Mission completed&nbsp;<\/p>\n\n\n\n<h4 class=\"wp-block-heading\">Ziel 2018<\/h4>\n\n\n\n<ul class=\"wp-block-list\">\n<li>Dividenden auf dem Vorjahresniveau halten\n<ul class=\"wp-block-list\">\n<li>~ 1.600 \u20ac<\/li>\n<\/ul>\n<\/li>\n<\/ul>\n\n\n\n<p>Das Ziel f\u00fcr dieses Jahr am 5. November erreicht. Alles weitere ist Zugabe.<\/p>\n\n\n\n<figure class=\"wp-block-image\"><img loading=\"lazy\" decoding=\"async\" width=\"440\" height=\"196\" src=\"https:\/\/veschber.myds.me:443\/wordpress\/wp-content\/uploads\/2018\/12\/image-4.png\" alt=\"\" class=\"wp-image-3337\" srcset=\"https:\/\/veschber.myds.me:443\/wordpress\/wp-content\/uploads\/2018\/12\/image-4.png 440w, https:\/\/veschber.myds.me:443\/wordpress\/wp-content\/uploads\/2018\/12\/image-4-300x134.png 300w\" sizes=\"auto, (max-width: 440px) 100vw, 440px\" \/><\/figure>\n\n\n\n<p>2018 \u00bb\u00bb\u00bb&nbsp; Mission completed&nbsp;<\/p>\n\n\n\n<h4 class=\"wp-block-heading\">Ziel 2019<\/h4>\n\n\n\n<p>Nachdem die Ziele in den vergangenen Jahren, aufgrund meines Schuldendienstes relativ bescheiden bemessen waren, werde ich mir f\u00fcr 2019 etwas mehr vornehmen.<\/p>\n\n\n\n<figure class=\"wp-block-image size-large\"><img loading=\"lazy\" decoding=\"async\" width=\"438\" height=\"195\" src=\"https:\/\/veschber.myds.me:443\/wordpress\/wp-content\/uploads\/2019\/12\/image-2.png\" alt=\"\" class=\"wp-image-3743\" srcset=\"https:\/\/veschber.myds.me:443\/wordpress\/wp-content\/uploads\/2019\/12\/image-2.png 438w, https:\/\/veschber.myds.me:443\/wordpress\/wp-content\/uploads\/2019\/12\/image-2-300x134.png 300w\" sizes=\"auto, (max-width: 438px) 100vw, 438px\" \/><\/figure>\n\n\n\n<ul class=\"wp-block-list\">\n<li>Dividenden\n<ul class=\"wp-block-list\">\n<li>&gt; 2.100 \u20ac  \u00bb\u00bb\u00bb  erreicht am 24.09.2019<\/li>\n<\/ul>\n<\/li>\n\n\n\n<li>Zuk\u00e4ufe\n<ul class=\"wp-block-list\">\n<li>~ 10.000 \u20ac  \u00bb\u00bb\u00bb  erreicht am 03.06.2019<\/li>\n<\/ul>\n<\/li>\n<\/ul>\n\n\n\n<h4 class=\"wp-block-heading\">Ziel 2020<\/h4>\n\n\n\n<p>In 2019 war das Ziel sehr fr\u00fch erreicht, was mich sehr \u00fcberrascht hat. Ich hoffe daher, das die Ziele f\u00fcr 2020 sportlich aber erreichbar sind.<\/p>\n\n\n\n<figure class=\"wp-block-image size-large\"><a href=\"https:\/\/veschber.myds.me:443\/wordpress\/wp-content\/uploads\/2021\/01\/image-3.png\"><img loading=\"lazy\" decoding=\"async\" width=\"438\" height=\"193\" src=\"https:\/\/veschber.myds.me:443\/wordpress\/wp-content\/uploads\/2021\/01\/image-3.png\" alt=\"\" class=\"wp-image-4067\" srcset=\"https:\/\/veschber.myds.me:443\/wordpress\/wp-content\/uploads\/2021\/01\/image-3.png 438w, https:\/\/veschber.myds.me:443\/wordpress\/wp-content\/uploads\/2021\/01\/image-3-300x132.png 300w\" sizes=\"auto, (max-width: 438px) 100vw, 438px\" \/><\/a><\/figure>\n\n\n\n<ul class=\"wp-block-list\">\n<li>Dividenden\n<ul class=\"wp-block-list\">\n<li>&gt; 3.100 \u20ac  <\/li>\n<\/ul>\n<\/li>\n\n\n\n<li>Zuk\u00e4ufe\n<ul class=\"wp-block-list\">\n<li>~ 20.000 \u20ac  <\/li>\n<\/ul>\n<\/li>\n<\/ul>\n\n\n\n<p>Keines der beiden Ziele wurde erreicht, da es durch Corona (Covid-19) zu doch sehr gro\u00dfen Verwerfungen in der Weltwirtschaft kam. Hinzu kam ein schw\u00e4cherer Euro.<\/p>\n\n\n\n<h4 class=\"wp-block-heading\">Ziel 2021<\/h4>\n\n\n\n<p>Da ich das Ziel in 2020 nicht erreichen konnte und die Pandemie mit Ihren Folgen noch nicht zu Ende ist, sollten die Ziele in 2021 realistischer gefasst sein.<\/p>\n\n\n\n<figure class=\"wp-block-image size-full\"><a href=\"https:\/\/veschber.myds.me:443\/wordpress\/wp-content\/uploads\/2021\/12\/dividendenziel.png\"><img loading=\"lazy\" decoding=\"async\" width=\"437\" height=\"193\" src=\"https:\/\/veschber.myds.me:443\/wordpress\/wp-content\/uploads\/2021\/12\/dividendenziel.png\" alt=\"\" class=\"wp-image-4500\" srcset=\"https:\/\/veschber.myds.me:443\/wordpress\/wp-content\/uploads\/2021\/12\/dividendenziel.png 437w, https:\/\/veschber.myds.me:443\/wordpress\/wp-content\/uploads\/2021\/12\/dividendenziel-300x132.png 300w\" sizes=\"auto, (max-width: 437px) 100vw, 437px\" \/><\/a><\/figure>\n\n\n\n<ul class=\"wp-block-list\">\n<li>Dividenden\n<ul class=\"wp-block-list\">\n<li>3.250 \u20ac  \u00bb\u00bb\u00bb erreicht am 22.11.2021<\/li>\n<\/ul>\n<\/li>\n\n\n\n<li>Zuk\u00e4ufe\n<ul class=\"wp-block-list\">\n<li>~ 10.000 \u20ac \u00bb\u00bb\u00bb erreicht am 02.08.2021<\/li>\n<\/ul>\n<\/li>\n<\/ul>\n\n\n\n<h4 class=\"wp-block-heading\">Ziel 2022<\/h4>\n\n\n\n<p>Die Ziele f\u00fcr 2022 sollten, sofern es keine gro\u00dfen \u00dcberraschungen in 2022 gibt, erreichbar sein.<\/p>\n\n\n\n<figure class=\"wp-block-image size-full\"><a href=\"https:\/\/veschber.myds.me:443\/wordpress\/wp-content\/uploads\/2023\/01\/image-6.png\"><img loading=\"lazy\" decoding=\"async\" width=\"447\" height=\"193\" src=\"https:\/\/veschber.myds.me:443\/wordpress\/wp-content\/uploads\/2023\/01\/image-6.png\" alt=\"\" class=\"wp-image-4784\" srcset=\"https:\/\/veschber.myds.me:443\/wordpress\/wp-content\/uploads\/2023\/01\/image-6.png 447w, https:\/\/veschber.myds.me:443\/wordpress\/wp-content\/uploads\/2023\/01\/image-6-300x130.png 300w\" sizes=\"auto, (max-width: 447px) 100vw, 447px\" \/><\/a><\/figure>\n\n\n\n<ul class=\"wp-block-list\">\n<li>Dividenden\n<ul class=\"wp-block-list\">\n<li>3.900 \u20ac \u00bb\u00bb\u00bb erreicht am 26.09.2022<\/li>\n<\/ul>\n<\/li>\n\n\n\n<li>Zuk\u00e4ufe\n<ul class=\"wp-block-list\">\n<li>~ 20.000 \u20ac \u00bb\u00bb\u00bb erreicht am 16.12.2022<\/li>\n<\/ul>\n<\/li>\n<\/ul>\n\n\n\n<h4 class=\"wp-block-heading\">Ziel 2023<\/h4>\n\n\n\n<p>Das Ziel f\u00fcr 2023, sollte darin bestehen, die Einnahmen aus 2022 zu best\u00e4tigen (ohne Sonderaussch\u00fcttung in 2023). Und das finde ich sehr sportlich, da die Aussch\u00fcttung sich auf 597,63 Euro belief.<\/p>\n\n\n\n<figure class=\"wp-block-image size-full\"><a href=\"https:\/\/veschber.myds.me:443\/wordpress\/wp-content\/uploads\/2023\/12\/image-5.png\"><img loading=\"lazy\" decoding=\"async\" width=\"443\" height=\"191\" src=\"https:\/\/veschber.myds.me:443\/wordpress\/wp-content\/uploads\/2023\/12\/image-5.png\" alt=\"\" class=\"wp-image-5059\" srcset=\"https:\/\/veschber.myds.me:443\/wordpress\/wp-content\/uploads\/2023\/12\/image-5.png 443w, https:\/\/veschber.myds.me:443\/wordpress\/wp-content\/uploads\/2023\/12\/image-5-300x129.png 300w\" sizes=\"auto, (max-width: 443px) 100vw, 443px\" \/><\/a><\/figure>\n\n\n\n<ul class=\"wp-block-list\">\n<li>Dividenden\n<ul class=\"wp-block-list\">\n<li>5.200 \u20ac \u00bb\u00bb\u00bb nicht erreicht<\/li>\n<\/ul>\n<\/li>\n\n\n\n<li>Zuk\u00e4ufe\n<ul class=\"wp-block-list\">\n<li>~ 23.000 \u20ac \u00bb\u00bb\u00bb 16.10.2023  (29.553,35 \u20ac per 31.12.2023)<\/li>\n<\/ul>\n<\/li>\n<\/ul>\n\n\n\n<h4 class=\"wp-block-heading\">Ziel 2024<\/h4>\n\n\n\n<p>Das Ziel f\u00fcr 2024 besteht darin die hohen Investitionen beizubehalten und gleichzeitig weiterhin eine gute Aussch\u00fcttung zu erhalten. Ich setze dabei eine Steigerung von 15 % zu 2023 an.<\/p>\n\n\n\n<figure class=\"wp-block-image size-full\"><a href=\"https:\/\/veschber.myds.me:443\/wordpress\/wp-content\/uploads\/2025\/01\/image.png\"><img loading=\"lazy\" decoding=\"async\" width=\"390\" height=\"188\" src=\"https:\/\/veschber.myds.me:443\/wordpress\/wp-content\/uploads\/2025\/01\/image.png\" alt=\"\" class=\"wp-image-5409\" srcset=\"https:\/\/veschber.myds.me:443\/wordpress\/wp-content\/uploads\/2025\/01\/image.png 390w, https:\/\/veschber.myds.me:443\/wordpress\/wp-content\/uploads\/2025\/01\/image-300x145.png 300w\" sizes=\"auto, (max-width: 390px) 100vw, 390px\" \/><\/a><\/figure>\n\n\n\n<ul class=\"wp-block-list\">\n<li>Dividenden\n<ul class=\"wp-block-list\">\n<li>6.000 \u20ac \u00bb\u00bb\u00bb 6.230,62 \u20ac<\/li>\n<\/ul>\n<\/li>\n\n\n\n<li>Zuk\u00e4ufe\n<ul class=\"wp-block-list\">\n<li>25.000 \u20ac \u00bb\u00bb\u00bb 36.150 \u20ac sind es am Ende geworden<\/li>\n<\/ul>\n<\/li>\n<\/ul>\n\n\n\n<h4 class=\"wp-block-heading\">Ziel 2025<\/h4>\n\n\n\n<p>Auch f\u00fcr dieses Jahr werde ich versuchen die Investitionen hoch zu halten um einen weiter steigenden Dividendeneinnahmenfluss zu erreichen<\/p>\n\n\n\n<ul class=\"wp-block-list\">\n<li>Dividenden\n<ul class=\"wp-block-list\">\n<li>7.400 \u20ac<\/li>\n<\/ul>\n<\/li>\n\n\n\n<li>Zuk\u00e4ufe\n<ul class=\"wp-block-list\">\n<li>30.000 \u20ac<\/li>\n<\/ul>\n<\/li>\n<\/ul>\n\n\n\n<p><\/p>\n","protected":false},"excerpt":{"rendered":"<p>Nachdem ich im Jahre 2013 gezwungen war einen gro\u00dfen Teil meines Depots aufzul\u00f6sen und Werte z.T. mit Verlust verkauft hatte starte ich in 2015 neu. Ich hatte mir lediglich einen gr\u00f6\u00dferen Wert mit Reynolds American, 2 Spinoffs von Altria behalten (Kraft und Mondelez) und die Deutsche Telekom behalten. Die gr\u00f6\u00dften Dividendenzahler der vergangenen Jahre (dt. &hellip; <\/p>\n<p class=\"link-more\"><a href=\"https:\/\/veschber.myds.me\/wordpress\/depot\/ziele\" class=\"more-link\"><span class=\"screen-reader-text\">\u201eZiele\u201c <\/span>weiterlesen<\/a><\/p>\n","protected":false},"author":1,"featured_media":0,"parent":115,"menu_order":0,"comment_status":"open","ping_status":"open","template":"","meta":{"inline_featured_image":false,"ngg_post_thumbnail":0,"footnotes":""},"class_list":["post-353","page","type-page","status-publish","hentry"],"_links":{"self":[{"href":"https:\/\/veschber.myds.me\/wordpress\/wp-json\/wp\/v2\/pages\/353","targetHints":{"allow":["GET"]}}],"collection":[{"href":"https:\/\/veschber.myds.me\/wordpress\/wp-json\/wp\/v2\/pages"}],"about":[{"href":"https:\/\/veschber.myds.me\/wordpress\/wp-json\/wp\/v2\/types\/page"}],"author":[{"embeddable":true,"href":"https:\/\/veschber.myds.me\/wordpress\/wp-json\/wp\/v2\/users\/1"}],"replies":[{"embeddable":true,"href":"https:\/\/veschber.myds.me\/wordpress\/wp-json\/wp\/v2\/comments?post=353"}],"version-history":[{"count":49,"href":"https:\/\/veschber.myds.me\/wordpress\/wp-json\/wp\/v2\/pages\/353\/revisions"}],"predecessor-version":[{"id":5412,"href":"https:\/\/veschber.myds.me\/wordpress\/wp-json\/wp\/v2\/pages\/353\/revisions\/5412"}],"up":[{"embeddable":true,"href":"https:\/\/veschber.myds.me\/wordpress\/wp-json\/wp\/v2\/pages\/115"}],"wp:attachment":[{"href":"https:\/\/veschber.myds.me\/wordpress\/wp-json\/wp\/v2\/media?parent=353"}],"curies":[{"name":"wp","href":"https:\/\/api.w.org\/{rel}","templated":true}]}}