{"id":4134,"date":"2021-01-30T08:54:11","date_gmt":"2021-01-30T07:54:11","guid":{"rendered":"https:\/\/veschber.myds.me\/wordpress\/?page_id=4134"},"modified":"2021-01-30T09:01:01","modified_gmt":"2021-01-30T08:01:01","slug":"linde-plc","status":"publish","type":"page","link":"https:\/\/veschber.myds.me\/wordpress\/linde-plc","title":{"rendered":"Linde plc."},"content":{"rendered":"\n<p>Die Linde plc. ist der aktuell gr\u00f6\u00dfte Gasehersteller der Welt. Er entstand 2018 durch die Fusion der Linde AG und von Praxair.<\/p>\n\n\n\n<p>Die Entstehung der Linde AG geht bis ins Jahre 1871 zur\u00fcck als Carl Linde versuchte eine K\u00e4ltemaschine zu entwickeln.  Dies gelang ihm auch, sodass er daraufhin seine Firma gr\u00fcndete. In den Folgejahren gr\u00fcndete er mehrere Tochterunternehmen und lizensierte seine Technik weltweit. So entstand 1907 die Linde Air Products in den USA. Diese wurde im Laufe des ersten Weltkrieges konfisziert und mit drei anderen amerikanischen Unternehmen zur Union Carbide Corporation verschmolzen. Aus dieser Unternehmung ging im Jahre 1989 die Praxair hervor.<\/p>\n\n\n\n<p>Somit ist im Jahre 2018 die Linde AG wieder mit einer Ihrer T\u00f6chter zusammengegangen.<\/p>\n\n\n\n<p>Die Entwicklung meiner Beteiligung<\/p>\n\n\n\n<iframe loading=\"lazy\" width=\"600\" height=\"371\" seamless frameborder=\"0\" scrolling=\"no\" src=\"https:\/\/docs.google.com\/spreadsheets\/d\/e\/2PACX-1vRdhtGwXn7wzbl5TcGF7iZkGoZZpUju13yrmjNpGIDmIyjrO0bco4pTvET7bLFzDcxoLyUP7QdYDzFl\/pubchart?oid=137035191&amp;format=interactive\"><\/iframe>\n\n\n\n<p>Die Dividendenentwicklung der Linde plc.<\/p>\n\n\n\n<iframe loading=\"lazy\" width=\"600\" height=\"371\" seamless frameborder=\"0\" scrolling=\"no\" src=\"https:\/\/docs.google.com\/spreadsheets\/d\/e\/2PACX-1vRdhtGwXn7wzbl5TcGF7iZkGoZZpUju13yrmjNpGIDmIyjrO0bco4pTvET7bLFzDcxoLyUP7QdYDzFl\/pubchart?oid=245989857&amp;format=interactive\"><\/iframe>\n\n\n\n<div style=\"font-size:15px\"><h2 style=\"font-size: 15px; line-height: 19px; margin: 0px;\">Linde PLC Aktie<\/h2><a href=\"https:\/\/www.ariva.de\/linde_plc-aktie\" title=\"Linde PLC Aktie auf ARIVA.DE\"><img decoding=\"async\" width=\"720\" style=\"border:none;margin-top:5px\" src=\"https:\/\/www.ariva.de\/chart\/images\/arivachart?secu=132255209&amp;boerse_id=16&amp;t=3years&amp;displayLegend=0&amp;size=free&amp;width=720&amp;height=400&amp;antiAlias=1\" alt=\"Linde PLC Aktie Chart\"><\/a><br><span style=\"font-size:12px;color:grey\">Kursanbieter: <a href=\"http:\/\/www.ls-d.de\/\"><img decoding=\"async\" style=\"border:none\" src=\"https:\/\/www.ariva.de\/i\/logo\/boersenplaetze\/16.png\" alt=\"L&amp;S RT\"><\/a><\/span><\/div>\n","protected":false},"excerpt":{"rendered":"<p>Die Linde plc. ist der aktuell gr\u00f6\u00dfte Gasehersteller der Welt. Er entstand 2018 durch die Fusion der Linde AG und von Praxair. Die Entstehung der Linde AG geht bis ins Jahre 1871 zur\u00fcck als Carl Linde versuchte eine K\u00e4ltemaschine zu entwickeln. Dies gelang ihm auch, sodass er daraufhin seine Firma gr\u00fcndete. In den Folgejahren gr\u00fcndete &hellip; <\/p>\n<p class=\"link-more\"><a href=\"https:\/\/veschber.myds.me\/wordpress\/linde-plc\" class=\"more-link\"><span class=\"screen-reader-text\">\u201eLinde plc.\u201c <\/span>weiterlesen<\/a><\/p>\n","protected":false},"author":1,"featured_media":4128,"parent":0,"menu_order":0,"comment_status":"closed","ping_status":"closed","template":"","meta":{"inline_featured_image":false,"ngg_post_thumbnail":0,"footnotes":""},"class_list":["post-4134","page","type-page","status-publish","has-post-thumbnail","hentry"],"_links":{"self":[{"href":"https:\/\/veschber.myds.me\/wordpress\/wp-json\/wp\/v2\/pages\/4134","targetHints":{"allow":["GET"]}}],"collection":[{"href":"https:\/\/veschber.myds.me\/wordpress\/wp-json\/wp\/v2\/pages"}],"about":[{"href":"https:\/\/veschber.myds.me\/wordpress\/wp-json\/wp\/v2\/types\/page"}],"author":[{"embeddable":true,"href":"https:\/\/veschber.myds.me\/wordpress\/wp-json\/wp\/v2\/users\/1"}],"replies":[{"embeddable":true,"href":"https:\/\/veschber.myds.me\/wordpress\/wp-json\/wp\/v2\/comments?post=4134"}],"version-history":[{"count":3,"href":"https:\/\/veschber.myds.me\/wordpress\/wp-json\/wp\/v2\/pages\/4134\/revisions"}],"predecessor-version":[{"id":4139,"href":"https:\/\/veschber.myds.me\/wordpress\/wp-json\/wp\/v2\/pages\/4134\/revisions\/4139"}],"wp:featuredmedia":[{"embeddable":true,"href":"https:\/\/veschber.myds.me\/wordpress\/wp-json\/wp\/v2\/media\/4128"}],"wp:attachment":[{"href":"https:\/\/veschber.myds.me\/wordpress\/wp-json\/wp\/v2\/media?parent=4134"}],"curies":[{"name":"wp","href":"https:\/\/api.w.org\/{rel}","templated":true}]}}