{"id":4355,"date":"2021-09-24T10:06:09","date_gmt":"2021-09-24T08:06:09","guid":{"rendered":"https:\/\/veschber.myds.me\/wordpress\/?page_id=4355"},"modified":"2021-09-24T10:06:11","modified_gmt":"2021-09-24T08:06:11","slug":"lockheed-martin","status":"publish","type":"page","link":"https:\/\/veschber.myds.me\/wordpress\/lockheed-martin","title":{"rendered":"Lockheed Martin"},"content":{"rendered":"\n<p>Lockheed Martin ist ein Konzern, welcher Mitte der 90er Jahre aus den Konzernen Lockheed Corp. und Martin Marietta entstand. Die Urspr\u00fcnge der Lockheed Corp. gehen auf die Br\u00fcder Loughead im Jahre 1912 zur\u00fcck. Diese sowie der Konzern Glen L. Martin, hatten sich zu Beginn auf die Entwicklung (Forschung Anfang des 20. Jahrhunderts) uund den Bau von Flugzeugen konzentrierten.<\/p>\n\n\n\n<p>Entstanden ist damit einer der gr\u00f6\u00dften Luft- und Raumfahrtkonzerne der Welt. Heute steht Lockheed Martin f\u00fcr die F-35 Lightning, Sikorsky Hubschrauber, Patriot Luftabwehr.<\/p>\n\n\n\n<p>Anbei die Entwicklung meiner Aktien und deren Dividende<\/p>\n\n\n\n<iframe loading=\"lazy\" width=\"600\" height=\"371\" seamless frameborder=\"0\" scrolling=\"no\" src=\"https:\/\/docs.google.com\/spreadsheets\/d\/e\/2PACX-1vRdhtGwXn7wzbl5TcGF7iZkGoZZpUju13yrmjNpGIDmIyjrO0bco4pTvET7bLFzDcxoLyUP7QdYDzFl\/pubchart?oid=553225225&amp;format=interactive\"><\/iframe>\n\n\n\n<p>Und noch die Dividendenentwicklung von Lockheed<\/p>\n\n\n\n<iframe loading=\"lazy\" width=\"600\" height=\"371\" seamless frameborder=\"0\" scrolling=\"no\" src=\"https:\/\/docs.google.com\/spreadsheets\/d\/e\/2PACX-1vRdhtGwXn7wzbl5TcGF7iZkGoZZpUju13yrmjNpGIDmIyjrO0bco4pTvET7bLFzDcxoLyUP7QdYDzFl\/pubchart?oid=1439731166&amp;format=interactive\"><\/iframe>\n\n\n\n<p>Und zu guter Letzt noch der Verlauf der Aktie<\/p>\n\n\n\n<div style=\"font-size:15px\"><h2 style=\"font-size: 15px; line-height: 19px; margin: 0px;\">Lockheed Martin Aktie<\/h2><a href=\"https:\/\/www.ariva.de\/lockheed_martin-aktie\" title=\"Lockheed Martin Aktie auf ARIVA.DE\"><img decoding=\"async\" width=\"720\" style=\"border:none;margin-top:5px\" src=\"https:\/\/www.ariva.de\/chart\/images\/arivachart?secu=2711&amp;boerse_id=16&amp;t=3years&amp;displayLegend=0&amp;size=free&amp;width=720&amp;height=400&#038;antiAlias=1\" alt=\"Lockheed Martin Aktie Chart\" ><\/a><br\/><span style=\"font-size:12px;color:grey\">Kursanbieter: <a href=\"http:\/\/www.ls-d.de\/\"><img decoding=\"async\" style=\"border:none\" src=\"https:\/\/www.ariva.de\/i\/logo\/boersenplaetze\/16.png\" alt=\"L&#038;S RT\"><\/a><\/span><\/div>\n","protected":false},"excerpt":{"rendered":"<p>Lockheed Martin ist ein Konzern, welcher Mitte der 90er Jahre aus den Konzernen Lockheed Corp. und Martin Marietta entstand. Die Urspr\u00fcnge der Lockheed Corp. gehen auf die Br\u00fcder Loughead im Jahre 1912 zur\u00fcck. Diese sowie der Konzern Glen L. Martin, hatten sich zu Beginn auf die Entwicklung (Forschung Anfang des 20. Jahrhunderts) uund den Bau &hellip; <\/p>\n<p class=\"link-more\"><a href=\"https:\/\/veschber.myds.me\/wordpress\/lockheed-martin\" class=\"more-link\"><span class=\"screen-reader-text\">\u201eLockheed Martin\u201c <\/span>weiterlesen<\/a><\/p>\n","protected":false},"author":1,"featured_media":4347,"parent":0,"menu_order":0,"comment_status":"closed","ping_status":"closed","template":"","meta":{"inline_featured_image":false,"ngg_post_thumbnail":0,"footnotes":""},"class_list":["post-4355","page","type-page","status-publish","has-post-thumbnail","hentry"],"_links":{"self":[{"href":"https:\/\/veschber.myds.me\/wordpress\/wp-json\/wp\/v2\/pages\/4355","targetHints":{"allow":["GET"]}}],"collection":[{"href":"https:\/\/veschber.myds.me\/wordpress\/wp-json\/wp\/v2\/pages"}],"about":[{"href":"https:\/\/veschber.myds.me\/wordpress\/wp-json\/wp\/v2\/types\/page"}],"author":[{"embeddable":true,"href":"https:\/\/veschber.myds.me\/wordpress\/wp-json\/wp\/v2\/users\/1"}],"replies":[{"embeddable":true,"href":"https:\/\/veschber.myds.me\/wordpress\/wp-json\/wp\/v2\/comments?post=4355"}],"version-history":[{"count":3,"href":"https:\/\/veschber.myds.me\/wordpress\/wp-json\/wp\/v2\/pages\/4355\/revisions"}],"predecessor-version":[{"id":4359,"href":"https:\/\/veschber.myds.me\/wordpress\/wp-json\/wp\/v2\/pages\/4355\/revisions\/4359"}],"wp:featuredmedia":[{"embeddable":true,"href":"https:\/\/veschber.myds.me\/wordpress\/wp-json\/wp\/v2\/media\/4347"}],"wp:attachment":[{"href":"https:\/\/veschber.myds.me\/wordpress\/wp-json\/wp\/v2\/media?parent=4355"}],"curies":[{"name":"wp","href":"https:\/\/api.w.org\/{rel}","templated":true}]}}