{"id":4868,"date":"2023-04-09T15:02:36","date_gmt":"2023-04-09T13:02:36","guid":{"rendered":"https:\/\/veschber.myds.me\/wordpress\/?page_id=4868"},"modified":"2025-01-19T13:59:55","modified_gmt":"2025-01-19T12:59:55","slug":"balkonkraftwerk","status":"publish","type":"page","link":"https:\/\/veschber.myds.me\/wordpress\/balkonkraftwerk","title":{"rendered":"Balkonkraftwerk"},"content":{"rendered":"\n<iframe loading=\"lazy\" width=\"600\" height=\"371\" seamless frameborder=\"0\" scrolling=\"no\" src=\"https:\/\/docs.google.com\/spreadsheets\/d\/e\/2PACX-1vTTd29Xu9ard_zhgjgcET9cXw81VhzPqC_nph-6dMjJe5JOgl2I7sOAi5j59UodhyoplS--5Zn0aMQs\/pubchart?oid=1954974153&amp;format=interactive\"><\/iframe>\n\n\n\n<iframe loading=\"lazy\" width=\"600\" height=\"371\" seamless frameborder=\"0\" scrolling=\"no\" src=\"https:\/\/docs.google.com\/spreadsheets\/d\/e\/2PACX-1vTTd29Xu9ard_zhgjgcET9cXw81VhzPqC_nph-6dMjJe5JOgl2I7sOAi5j59UodhyoplS--5Zn0aMQs\/pubchart?oid=283796634&amp;format=interactive\"><\/iframe>\n\n\n\n<iframe loading=\"lazy\" width=\"600\" height=\"371\" seamless frameborder=\"0\" scrolling=\"no\" src=\"https:\/\/docs.google.com\/spreadsheets\/d\/e\/2PACX-1vTTd29Xu9ard_zhgjgcET9cXw81VhzPqC_nph-6dMjJe5JOgl2I7sOAi5j59UodhyoplS--5Zn0aMQs\/pubchart?oid=848610311&amp;format=interactive\"><\/iframe>\n\n\n\n<figure class=\"wp-block-image size-large\"><a href=\"https:\/\/veschber.myds.me:443\/wordpress\/wp-content\/uploads\/2023\/04\/PXL_20230322_120223668-scaled-e1681044649636.jpg\"><img loading=\"lazy\" decoding=\"async\" width=\"1024\" height=\"498\" src=\"https:\/\/veschber.myds.me:443\/wordpress\/wp-content\/uploads\/2023\/04\/PXL_20230322_120223668-scaled-e1681044649636-1024x498.jpg\" alt=\"\" class=\"wp-image-4863\" srcset=\"https:\/\/veschber.myds.me:443\/wordpress\/wp-content\/uploads\/2023\/04\/PXL_20230322_120223668-scaled-e1681044649636-1024x498.jpg 1024w, https:\/\/veschber.myds.me:443\/wordpress\/wp-content\/uploads\/2023\/04\/PXL_20230322_120223668-scaled-e1681044649636-300x146.jpg 300w, https:\/\/veschber.myds.me:443\/wordpress\/wp-content\/uploads\/2023\/04\/PXL_20230322_120223668-scaled-e1681044649636-768x374.jpg 768w, https:\/\/veschber.myds.me:443\/wordpress\/wp-content\/uploads\/2023\/04\/PXL_20230322_120223668-scaled-e1681044649636-1536x747.jpg 1536w, https:\/\/veschber.myds.me:443\/wordpress\/wp-content\/uploads\/2023\/04\/PXL_20230322_120223668-scaled-e1681044649636-2048x996.jpg 2048w\" sizes=\"auto, (max-width: 767px) 89vw, (max-width: 1000px) 54vw, (max-width: 1071px) 543px, 580px\" \/><\/a><\/figure>\n\n\n\n<p>Im Einsatz habe ich zwei Module von Sunman SMF310M-5X12DW, welche an einem Wechselrichter von Hoymiles (600 Watt) h\u00e4ngen.<\/p>\n\n\n\n<h5 class=\"wp-block-heading\">Update 31. M\u00e4rz 2024<\/h5>\n\n\n\n<p>Zus\u00e4tzlich zu den beiden Modulen habe ich mir, wie <a href=\"https:\/\/veschber.myds.me\/wordpress\/zendure-solarflow\" data-type=\"post\" data-id=\"5161\">hier beschrieben<\/a>, noch einen Akku von Zendure dazugeholt.<\/p>\n","protected":false},"excerpt":{"rendered":"<p>Im Einsatz habe ich zwei Module von Sunman SMF310M-5X12DW, welche an einem Wechselrichter von Hoymiles (600 Watt) h\u00e4ngen. Update 31. M\u00e4rz 2024 Zus\u00e4tzlich zu den beiden Modulen habe ich mir, wie hier beschrieben, noch einen Akku von Zendure dazugeholt.<\/p>\n","protected":false},"author":1,"featured_media":0,"parent":0,"menu_order":0,"comment_status":"closed","ping_status":"closed","template":"","meta":{"inline_featured_image":false,"ngg_post_thumbnail":0,"footnotes":""},"class_list":["post-4868","page","type-page","status-publish","hentry"],"_links":{"self":[{"href":"https:\/\/veschber.myds.me\/wordpress\/wp-json\/wp\/v2\/pages\/4868","targetHints":{"allow":["GET"]}}],"collection":[{"href":"https:\/\/veschber.myds.me\/wordpress\/wp-json\/wp\/v2\/pages"}],"about":[{"href":"https:\/\/veschber.myds.me\/wordpress\/wp-json\/wp\/v2\/types\/page"}],"author":[{"embeddable":true,"href":"https:\/\/veschber.myds.me\/wordpress\/wp-json\/wp\/v2\/users\/1"}],"replies":[{"embeddable":true,"href":"https:\/\/veschber.myds.me\/wordpress\/wp-json\/wp\/v2\/comments?post=4868"}],"version-history":[{"count":6,"href":"https:\/\/veschber.myds.me\/wordpress\/wp-json\/wp\/v2\/pages\/4868\/revisions"}],"predecessor-version":[{"id":5422,"href":"https:\/\/veschber.myds.me\/wordpress\/wp-json\/wp\/v2\/pages\/4868\/revisions\/5422"}],"wp:attachment":[{"href":"https:\/\/veschber.myds.me\/wordpress\/wp-json\/wp\/v2\/media?parent=4868"}],"curies":[{"name":"wp","href":"https:\/\/api.w.org\/{rel}","templated":true}]}}