{"id":5211,"date":"2024-05-04T10:07:16","date_gmt":"2024-05-04T08:07:16","guid":{"rendered":"https:\/\/veschber.myds.me\/wordpress\/?page_id=5211"},"modified":"2024-05-04T10:07:23","modified_gmt":"2024-05-04T08:07:23","slug":"wk-kellogg","status":"publish","type":"page","link":"https:\/\/veschber.myds.me\/wordpress\/wk-kellogg","title":{"rendered":"WK Kellogg"},"content":{"rendered":"\n<figure class=\"wp-block-image size-large\"><a href=\"https:\/\/veschber.myds.me:443\/wordpress\/wp-content\/uploads\/2024\/05\/WK_Kellogg_logo.svg.png\"><img loading=\"lazy\" decoding=\"async\" width=\"1024\" height=\"221\" src=\"https:\/\/veschber.myds.me:443\/wordpress\/wp-content\/uploads\/2024\/05\/WK_Kellogg_logo.svg-1024x221.png\" alt=\"\" class=\"wp-image-5212\" srcset=\"https:\/\/veschber.myds.me:443\/wordpress\/wp-content\/uploads\/2024\/05\/WK_Kellogg_logo.svg-1024x221.png 1024w, https:\/\/veschber.myds.me:443\/wordpress\/wp-content\/uploads\/2024\/05\/WK_Kellogg_logo.svg-300x65.png 300w, https:\/\/veschber.myds.me:443\/wordpress\/wp-content\/uploads\/2024\/05\/WK_Kellogg_logo.svg-768x166.png 768w, https:\/\/veschber.myds.me:443\/wordpress\/wp-content\/uploads\/2024\/05\/WK_Kellogg_logo.svg-1536x332.png 1536w, https:\/\/veschber.myds.me:443\/wordpress\/wp-content\/uploads\/2024\/05\/WK_Kellogg_logo.svg-2048x442.png 2048w\" sizes=\"auto, (max-width: 767px) 89vw, (max-width: 1000px) 54vw, (max-width: 1071px) 543px, 580px\" \/><\/a><\/figure>\n\n\n\n<p>Hierbei handelt es sich um die Abspaltung des Nordamerika (Fr\u00fchst\u00fccksflocken) Gesch\u00e4ftes von Kelloggs im Jahre 2023. Alle anderen Bestandteile des Unternehmens sind in Kellanova aufgegangen.<\/p>\n\n\n\n<p>Aufgrund der noch sehr kurzen Lebenszeit des Unternehmens, fallen die Charts sehr \u00fcberschaubar aus.<\/p>\n\n\n\n<iframe loading=\"lazy\" width=\"600\" height=\"371\" seamless frameborder=\"0\" scrolling=\"no\" src=\"https:\/\/docs.google.com\/spreadsheets\/d\/e\/2PACX-1vRdhtGwXn7wzbl5TcGF7iZkGoZZpUju13yrmjNpGIDmIyjrO0bco4pTvET7bLFzDcxoLyUP7QdYDzFl\/pubchart?oid=1520681790&amp;format=interactive\"><\/iframe>\n\n\n\n<iframe loading=\"lazy\" width=\"600\" height=\"371\" seamless frameborder=\"0\" scrolling=\"no\" src=\"https:\/\/docs.google.com\/spreadsheets\/d\/e\/2PACX-1vRdhtGwXn7wzbl5TcGF7iZkGoZZpUju13yrmjNpGIDmIyjrO0bco4pTvET7bLFzDcxoLyUP7QdYDzFl\/pubchart?oid=1531137190&amp;format=interactive\"><\/iframe>\n","protected":false},"excerpt":{"rendered":"<p>Hierbei handelt es sich um die Abspaltung des Nordamerika (Fr\u00fchst\u00fccksflocken) Gesch\u00e4ftes von Kelloggs im Jahre 2023. Alle anderen Bestandteile des Unternehmens sind in Kellanova aufgegangen. Aufgrund der noch sehr kurzen Lebenszeit des Unternehmens, fallen die Charts sehr \u00fcberschaubar aus.<\/p>\n","protected":false},"author":1,"featured_media":0,"parent":0,"menu_order":0,"comment_status":"closed","ping_status":"closed","template":"","meta":{"inline_featured_image":false,"ngg_post_thumbnail":0,"footnotes":""},"class_list":["post-5211","page","type-page","status-publish","hentry"],"_links":{"self":[{"href":"https:\/\/veschber.myds.me\/wordpress\/wp-json\/wp\/v2\/pages\/5211","targetHints":{"allow":["GET"]}}],"collection":[{"href":"https:\/\/veschber.myds.me\/wordpress\/wp-json\/wp\/v2\/pages"}],"about":[{"href":"https:\/\/veschber.myds.me\/wordpress\/wp-json\/wp\/v2\/types\/page"}],"author":[{"embeddable":true,"href":"https:\/\/veschber.myds.me\/wordpress\/wp-json\/wp\/v2\/users\/1"}],"replies":[{"embeddable":true,"href":"https:\/\/veschber.myds.me\/wordpress\/wp-json\/wp\/v2\/comments?post=5211"}],"version-history":[{"count":1,"href":"https:\/\/veschber.myds.me\/wordpress\/wp-json\/wp\/v2\/pages\/5211\/revisions"}],"predecessor-version":[{"id":5214,"href":"https:\/\/veschber.myds.me\/wordpress\/wp-json\/wp\/v2\/pages\/5211\/revisions\/5214"}],"wp:attachment":[{"href":"https:\/\/veschber.myds.me\/wordpress\/wp-json\/wp\/v2\/media?parent=5211"}],"curies":[{"name":"wp","href":"https:\/\/api.w.org\/{rel}","templated":true}]}}